{"id":637329,"date":"2025-03-22T03:41:33","date_gmt":"2025-03-22T02:41:33","guid":{"rendered":"https:\/\/shop.kustom.ch\/?post_type=product&#038;p=637329"},"modified":"2026-04-16T09:49:58","modified_gmt":"2026-04-16T08:49:58","slug":"collective-padded-sports-bra-w","status":"publish","type":"product","link":"https:\/\/shop.kustom.ch\/fr\/produit\/collective-padded-sports-bra-w\/","title":{"rendered":"Collective Padded Sports bra W"},"content":{"rendered":"<p>Le soutien-gorge de sport rembourr\u00e9 de Collective est un soutien-gorge de sport exceptionnellement doux et extensible qui passe sans effort de l'entra\u00eenement \u00e0 la vie quotidienne et assure un confort tout au long de la journ\u00e9e.<\/p>\n<p>Ce soutien-gorge de sport polyvalent est con\u00e7u pour un confort ultime et est fabriqu\u00e9 dans un m\u00e9lange de polyester extensible avec une surface rugueuse. Il est luxueusement doux au toucher, r\u00e9gule parfaitement la temp\u00e9rature du corps et a une coupe superbe. Le soutien-gorge de sport dispose en outre de bonnets cousus et rembourr\u00e9s, d'une doublure fonctionnelle sur le devant et d'ourlets coll\u00e9s pour une sensation de douceur sur la peau. L'expression d'un grand savoir-faire jusque dans les moindres d\u00e9tails. <\/p>\n<p>- Tissu tr\u00e8s doux et tr\u00e8s \u00e9lastique en polyester recycl\u00e9 et \u00e9lasthanne<br \/>\n- Surface liss\u00e9e<br \/>\n- Doublure fonctionnelle \u00e0 l'avant<br \/>\n- Bonnets rembourr\u00e9s cousus<br \/>\n- Ourlets coll\u00e9s<br \/>\n- Faible soutien<\/p>\n<p>Mat\u00e9riau : Corps : 77% polyester recycl\u00e9, 23% \u00e9lasthanne. Doublure : 88% polyester recycl\u00e9, 12% \u00e9lasthanne<\/p>","protected":false},"excerpt":{"rendered":"<p>Der gepolsterte Sport-BH von Collective ist ein aussergew\u00f6hnlich weicher und dehnbarer Sport-BH, der sich m\u00fchelos vom Training in den Alltag integrieren l\u00e4sst und den ganzen Tag \u00fcber f\u00fcr Komfort sorgt. Dieser vielseitige Sport-BH ist f\u00fcr ultimativen Komfort konzipiert und aus einer dehnbaren Polyestermischung mit aufgerauter Oberfl\u00e4che gefertigt. Er f\u00fchlt sich luxuri\u00f6s weich an, reguliert die [&hellip;]<\/p>\n","protected":false},"featured_media":626471,"template":"","meta":[],"product_brand":[],"product_cat":[4206],"product_tag":[],"class_list":{"0":"post-637329","1":"product","2":"type-product","3":"status-publish","4":"has-post-thumbnail","6":"product_cat-underwear","7":"pa_brand-craft-retail-sportswear","8":"pa_brand-type-sportswear","9":"pa_filter-color-braun","10":"pa_filter-color-gruen","11":"pa_filter-color-schwarz","12":"pa_filter-color-violet","14":"first","15":"instock","16":"sale","17":"taxable","18":"shipping-taxable","19":"purchasable","20":"product-type-variable","21":"add-to-wishlist-before_image"},"exclude_global_add_ons":[],"addons":[],"acf":[],"_links":{"self":[{"href":"https:\/\/shop.kustom.ch\/fr\/wp-json\/wp\/v2\/product\/637329"}],"collection":[{"href":"https:\/\/shop.kustom.ch\/fr\/wp-json\/wp\/v2\/product"}],"about":[{"href":"https:\/\/shop.kustom.ch\/fr\/wp-json\/wp\/v2\/types\/product"}],"wp:featuredmedia":[{"embeddable":true,"href":"https:\/\/shop.kustom.ch\/fr\/wp-json\/wp\/v2\/media\/626471"}],"wp:attachment":[{"href":"https:\/\/shop.kustom.ch\/fr\/wp-json\/wp\/v2\/media?parent=637329"}],"wp:term":[{"taxonomy":"product_brand","embeddable":true,"href":"https:\/\/shop.kustom.ch\/fr\/wp-json\/wp\/v2\/product_brand?post=637329"},{"taxonomy":"product_cat","embeddable":true,"href":"https:\/\/shop.kustom.ch\/fr\/wp-json\/wp\/v2\/product_cat?post=637329"},{"taxonomy":"product_tag","embeddable":true,"href":"https:\/\/shop.kustom.ch\/fr\/wp-json\/wp\/v2\/product_tag?post=637329"}],"curies":[{"name":"wp","href":"https:\/\/api.w.org\/{rel}","templated":true}]}}