{"id":637328,"date":"2025-03-22T03:41:33","date_gmt":"2025-03-22T02:41:33","guid":{"rendered":"https:\/\/shop.kustom.ch\/?post_type=product&#038;p=637328"},"modified":"2026-04-24T07:59:54","modified_gmt":"2026-04-24T06:59:54","slug":"collective-cropped-singlet-w","status":"publish","type":"product","link":"https:\/\/shop.kustom.ch\/fr\/produit\/collective-cropped-singlet-w\/","title":{"rendered":"Collective Cropped Singlet W"},"content":{"rendered":"<p>Le Collective Cropped Singlet est un singlet d'entra\u00eenement exceptionnellement doux et extensible au design intemporel qui passe facilement de l'entra\u00eenement \u00e0 la vie quotidienne - et qui vous permet de rester confortable et \u00e9l\u00e9gant tout au long de la journ\u00e9e.<\/p>\n<p>Ce v\u00eatement d'entra\u00eenement polyvalent est con\u00e7u pour un confort ultime et est fabriqu\u00e9 \u00e0 partir d'un m\u00e9lange de polyester extensible avec une surface rugueuse. Il offre une sensation de douceur luxueuse, une excellente r\u00e9gulation de la temp\u00e9rature corporelle et un grand confort. Le maillot de corps a \u00e9galement une coupe raccourcie et des bretelles crois\u00e9es dans le dos. Une expression de savoir-faire jusque dans les moindres d\u00e9tails. <\/p>\n<p>- Tissu tr\u00e8s doux et tr\u00e8s \u00e9lastique en polyester recycl\u00e9 et \u00e9lasthanne<br \/>\n- Surface liss\u00e9e<br \/>\n- Bretelles crois\u00e9es \u00e0 l'arri\u00e8re<br \/>\n- Coupe raccourcie et ajust\u00e9e<\/p>\n<p>Mati\u00e8re : polyester recycl\u00e9 77%, \u00e9lasthanne 23%<\/p>","protected":false},"excerpt":{"rendered":"<p>Das Collective Cropped Singlet ist ein aussergew\u00f6hnlich weiches und dehnbares Trainings-Singlet mit zeitlosem Design, das sich m\u00fchelos vom Training in den Alltag \u00fcbertragen l\u00e4sst \u2013 und daf\u00fcr sorgt, dass Sie den ganzen Tag \u00fcber bequem und stilvoll bleiben. Dieses vielseitige Trainingskleidungsst\u00fcck ist f\u00fcr ultimativen Komfort konzipiert und aus einer dehnbaren Polyestermischung mit aufgerauter Oberfl\u00e4che gefertigt. [&hellip;]<\/p>\n","protected":false},"featured_media":626450,"template":"","meta":[],"product_brand":[],"product_cat":[4202],"product_tag":[],"class_list":{"0":"post-637328","1":"product","2":"type-product","3":"status-publish","4":"has-post-thumbnail","6":"product_cat-tank-tops","7":"pa_brand-craft-retail-sportswear","8":"pa_brand-type-sportswear","9":"pa_filter-color-gruen","10":"pa_filter-color-schwarz","11":"pa_filter-color-violet","13":"first","14":"instock","15":"sale","16":"taxable","17":"shipping-taxable","18":"purchasable","19":"product-type-variable","20":"add-to-wishlist-before_image"},"exclude_global_add_ons":[],"addons":[],"acf":[],"_links":{"self":[{"href":"https:\/\/shop.kustom.ch\/fr\/wp-json\/wp\/v2\/product\/637328"}],"collection":[{"href":"https:\/\/shop.kustom.ch\/fr\/wp-json\/wp\/v2\/product"}],"about":[{"href":"https:\/\/shop.kustom.ch\/fr\/wp-json\/wp\/v2\/types\/product"}],"wp:featuredmedia":[{"embeddable":true,"href":"https:\/\/shop.kustom.ch\/fr\/wp-json\/wp\/v2\/media\/626450"}],"wp:attachment":[{"href":"https:\/\/shop.kustom.ch\/fr\/wp-json\/wp\/v2\/media?parent=637328"}],"wp:term":[{"taxonomy":"product_brand","embeddable":true,"href":"https:\/\/shop.kustom.ch\/fr\/wp-json\/wp\/v2\/product_brand?post=637328"},{"taxonomy":"product_cat","embeddable":true,"href":"https:\/\/shop.kustom.ch\/fr\/wp-json\/wp\/v2\/product_cat?post=637328"},{"taxonomy":"product_tag","embeddable":true,"href":"https:\/\/shop.kustom.ch\/fr\/wp-json\/wp\/v2\/product_tag?post=637328"}],"curies":[{"name":"wp","href":"https:\/\/api.w.org\/{rel}","templated":true}]}}