{"id":637300,"date":"2025-03-22T03:41:17","date_gmt":"2025-03-22T02:41:17","guid":{"rendered":"https:\/\/shop.kustom.ch\/?post_type=product&#038;p=637300"},"modified":"2026-04-16T10:06:34","modified_gmt":"2026-04-16T09:06:34","slug":"collective-7-8-tights-w","status":"publish","type":"product","link":"https:\/\/shop.kustom.ch\/fr\/produit\/collective-7-8-tights-w\/","title":{"rendered":"Collant Collective 7\/8 W"},"content":{"rendered":"<p>Les collants 7\/8 Collective sont des collants d'entra\u00eenement exceptionnellement doux et extensibles, au design intemporel, qui s'int\u00e8grent facilement de l'entra\u00eenement \u00e0 la vie de tous les jours - et qui vous permettent d'\u00eatre confortable et \u00e9l\u00e9gante tout au long de la journ\u00e9e.<\/p>\n<p>Ce v\u00eatement d'entra\u00eenement polyvalent est con\u00e7u pour un confort ultime et est fabriqu\u00e9 \u00e0 partir d'un m\u00e9lange de polyester extensible avec une surface rugueuse. Il est luxueusement doux au toucher, offre une excellente r\u00e9gulation de la temp\u00e9rature du corps et une grande libert\u00e9 de mouvement. Le collant a en outre une longueur de jambe 7\/8 et une taille haute pour plus de confort. L'expression d'un artisanat de qualit\u00e9 jusque dans les moindres d\u00e9tails. <\/p>\n<p>- Tissu tr\u00e8s doux et tr\u00e8s \u00e9lastique en polyester recycl\u00e9 et \u00e9lasthanne<br \/>\n- Surface liss\u00e9e<br \/>\n- Taille haute<br \/>\n- longueur de jambe 7\/8<\/p>\n<p>Mati\u00e8re : polyester recycl\u00e9 77%, \u00e9lasthanne 23%<\/p>","protected":false},"excerpt":{"rendered":"<p>Collective 7\/8 Tights sind aussergew\u00f6hnlich weiche und dehnbare Trainingstights mit zeitlosem Design, die sich problemlos vom Training in den Alltag integrieren lassen \u2013 und daf\u00fcr sorgen, dass Sie den ganzen Tag \u00fcber bequem und stilvoll aussehen. Dieses vielseitige Trainingskleidungsst\u00fcck ist f\u00fcr ultimativen Komfort konzipiert und aus einer dehnbaren Polyestermischung mit aufgerauter Oberfl\u00e4che gefertigt. Es f\u00fchlt [&hellip;]<\/p>\n","protected":false},"featured_media":626415,"template":"","meta":[],"product_brand":[],"product_cat":[4190],"product_tag":[],"class_list":{"0":"post-637300","1":"product","2":"type-product","3":"status-publish","4":"has-post-thumbnail","6":"product_cat-leggings","7":"pa_brand-craft-retail-sportswear","8":"pa_brand-type-sportswear","9":"pa_filter-color-braun","10":"pa_filter-color-gruen","11":"pa_filter-color-schwarz","12":"pa_filter-color-violet","14":"first","15":"instock","16":"sale","17":"taxable","18":"shipping-taxable","19":"purchasable","20":"product-type-variable","21":"add-to-wishlist-before_image"},"exclude_global_add_ons":[],"addons":[],"acf":[],"_links":{"self":[{"href":"https:\/\/shop.kustom.ch\/fr\/wp-json\/wp\/v2\/product\/637300"}],"collection":[{"href":"https:\/\/shop.kustom.ch\/fr\/wp-json\/wp\/v2\/product"}],"about":[{"href":"https:\/\/shop.kustom.ch\/fr\/wp-json\/wp\/v2\/types\/product"}],"wp:featuredmedia":[{"embeddable":true,"href":"https:\/\/shop.kustom.ch\/fr\/wp-json\/wp\/v2\/media\/626415"}],"wp:attachment":[{"href":"https:\/\/shop.kustom.ch\/fr\/wp-json\/wp\/v2\/media?parent=637300"}],"wp:term":[{"taxonomy":"product_brand","embeddable":true,"href":"https:\/\/shop.kustom.ch\/fr\/wp-json\/wp\/v2\/product_brand?post=637300"},{"taxonomy":"product_cat","embeddable":true,"href":"https:\/\/shop.kustom.ch\/fr\/wp-json\/wp\/v2\/product_cat?post=637300"},{"taxonomy":"product_tag","embeddable":true,"href":"https:\/\/shop.kustom.ch\/fr\/wp-json\/wp\/v2\/product_tag?post=637300"}],"curies":[{"name":"wp","href":"https:\/\/api.w.org\/{rel}","templated":true}]}}