{"id":637269,"date":"2025-03-22T03:40:40","date_gmt":"2025-03-22T02:40:40","guid":{"rendered":"https:\/\/shop.kustom.ch\/?post_type=product&#038;p=637269"},"modified":"2026-03-27T13:37:32","modified_gmt":"2026-03-27T12:37:32","slug":"adv-wool-merino-rn-ls-m","status":"publish","type":"product","link":"https:\/\/shop.kustom.ch\/fr\/produit\/adv-wool-merino-rn-ls-m\/","title":{"rendered":"ADV Wool Merino RN LS M"},"content":{"rendered":"<p>Baselayer \u00e0 manches longues pour sportifs avanc\u00e9s, en doux m\u00e9lange de laine m\u00e9rinos\/polyamide\/polyester, garde le corps au chaud et au sec toute la journ\u00e9e.<br \/>\n- Coupe normale<br \/>\n-La laine est une mati\u00e8re naturelle et reste s\u00e8che m\u00eame lorsqu'elle est humide.<br \/>\n-Laine m\u00e9rinos sans mules<br \/>\n-La laine de m\u00e9rinos est naturellement inodore<\/p>\n<p>Mati\u00e8re : 47% polyester 42% laine 11% polyamide<\/p>","protected":false},"excerpt":{"rendered":"<p>Lang\u00e4rmeliger Baselayer f\u00fcr Fortgeschrittene, aus weichem Merinowolle-\/Polyamid-\/Polyester-Gemisch, h\u00e4lt den K\u00f6rper den ganzen Tag lang warm und trocken. \u2022 Normale Passform \u2022Wolle ist ein nat\u00fcrliches Material und h\u00e4lt auch trocken, wenn sie feucht ist \u2022Mulesingfreie Merinowolle \u2022Merinowolle ist von Natur aus geruchlos Material: 47% Polyester 42% Wolle 11% Polyamid<\/p>","protected":false},"featured_media":626391,"template":"","meta":[],"product_brand":[],"product_cat":[4206],"product_tag":[],"class_list":{"0":"post-637269","1":"product","2":"type-product","3":"status-publish","4":"has-post-thumbnail","6":"product_cat-underwear","7":"pa_brand-craft-retail-sportswear","8":"pa_brand-type-sportswear","9":"pa_filter-color-schwarz","11":"first","12":"instock","13":"sale","14":"taxable","15":"shipping-taxable","16":"purchasable","17":"product-type-variable","18":"add-to-wishlist-before_image"},"exclude_global_add_ons":[],"addons":[],"acf":[],"_links":{"self":[{"href":"https:\/\/shop.kustom.ch\/fr\/wp-json\/wp\/v2\/product\/637269"}],"collection":[{"href":"https:\/\/shop.kustom.ch\/fr\/wp-json\/wp\/v2\/product"}],"about":[{"href":"https:\/\/shop.kustom.ch\/fr\/wp-json\/wp\/v2\/types\/product"}],"wp:featuredmedia":[{"embeddable":true,"href":"https:\/\/shop.kustom.ch\/fr\/wp-json\/wp\/v2\/media\/626391"}],"wp:attachment":[{"href":"https:\/\/shop.kustom.ch\/fr\/wp-json\/wp\/v2\/media?parent=637269"}],"wp:term":[{"taxonomy":"product_brand","embeddable":true,"href":"https:\/\/shop.kustom.ch\/fr\/wp-json\/wp\/v2\/product_brand?post=637269"},{"taxonomy":"product_cat","embeddable":true,"href":"https:\/\/shop.kustom.ch\/fr\/wp-json\/wp\/v2\/product_cat?post=637269"},{"taxonomy":"product_tag","embeddable":true,"href":"https:\/\/shop.kustom.ch\/fr\/wp-json\/wp\/v2\/product_tag?post=637269"}],"curies":[{"name":"wp","href":"https:\/\/api.w.org\/{rel}","templated":true}]}}