{"id":637252,"date":"2025-03-22T03:40:15","date_gmt":"2025-03-22T02:40:15","guid":{"rendered":"https:\/\/shop.kustom.ch\/?post_type=product&#038;p=637252"},"modified":"2026-03-27T14:41:26","modified_gmt":"2026-03-27T13:41:26","slug":"adv-trail-wool-wind-ls-tee-w","status":"publish","type":"product","link":"https:\/\/shop.kustom.ch\/fr\/produit\/adv-trail-wool-wind-ls-tee-w\/","title":{"rendered":"ADV Trail Wool Wind LS Tee W"},"content":{"rendered":"<p>Ce v\u00eatement avanc\u00e9 est compos\u00e9 d'un jersey doux et fonctionnel en polyester et laine m\u00e9rinos et dispose d'un tissu ripstop coupe-vent sur le devant. La laine m\u00e9rinos tient chaud, tandis que le polyester assure une \u00e9vacuation efficace de l'humidit\u00e9 pour rester au sec. De plus, le t-shirt est dot\u00e9 de manches raglan et de fentes lat\u00e9rales pour une plus grande libert\u00e9 de mouvement, ainsi que d'une encolure coll\u00e9e pour un confort optimal. Ce maillot de course \u00e0 manches longues est \u00e9galement dot\u00e9 d'une impression en silicone sur les \u00e9paules pour garantir un maintien s\u00fbr lorsque vous portez un sac \u00e0 dos ou un syst\u00e8me d'hydratation lors de longues courses.<\/p>\n<p>- Jersey doux et chaud en polyester recycl\u00e9 et laine m\u00e9rinos<br \/>\n- Tissu ripstop coupe-vent et \u00e9lastique sur le devant<br \/>\n- manches raglan<br \/>\n- impression en silicone sur les \u00e9paules<br \/>\n- Fentes lat\u00e9rales<br \/>\n- Encolure coll\u00e9e<br \/>\n- Coupe r\u00e9guli\u00e8re<\/p>\n<p>Mati\u00e8re : 80% polyester recycl\u00e9, 20% laine m\u00e9rinos. Face avant : 90% polyester recycl\u00e9, 10% \u00e9lasthanne<\/p>","protected":false},"excerpt":{"rendered":"<p>Dieses fortschrittliche Kleidungsst\u00fcck besteht aus einem weichen und funktionalen Jersey aus Polyester und Merinowolle und verf\u00fcgt \u00fcber ein winddichtes Ripstop-Gewebe an der Vorderseite. Die Merinowolle h\u00e4lt warm, w\u00e4hrend das Polyester f\u00fcr einen effizienten Feuchtigkeitstransport sorgt, um trocken zu bleiben. Zudem bietet das Shirt Raglan\u00e4rmel und seitliche Schlitze f\u00fcr mehr Bewegungsfreiheit sowie einen verklebten Halsausschnitt f\u00fcr [&hellip;]<\/p>\n","protected":false},"featured_media":626296,"template":"","meta":[],"product_brand":[],"product_cat":[4201],"product_tag":[],"class_list":{"0":"post-637252","1":"product","2":"type-product","3":"status-publish","4":"has-post-thumbnail","6":"product_cat-t-shirts","7":"pa_brand-craft-retail-sportswear","8":"pa_brand-type-sportswear","9":"pa_filter-color-rot","11":"first","12":"instock","13":"sale","14":"taxable","15":"shipping-taxable","16":"purchasable","17":"product-type-variable","18":"add-to-wishlist-before_image"},"exclude_global_add_ons":[],"addons":[],"acf":[],"_links":{"self":[{"href":"https:\/\/shop.kustom.ch\/fr\/wp-json\/wp\/v2\/product\/637252"}],"collection":[{"href":"https:\/\/shop.kustom.ch\/fr\/wp-json\/wp\/v2\/product"}],"about":[{"href":"https:\/\/shop.kustom.ch\/fr\/wp-json\/wp\/v2\/types\/product"}],"wp:featuredmedia":[{"embeddable":true,"href":"https:\/\/shop.kustom.ch\/fr\/wp-json\/wp\/v2\/media\/626296"}],"wp:attachment":[{"href":"https:\/\/shop.kustom.ch\/fr\/wp-json\/wp\/v2\/media?parent=637252"}],"wp:term":[{"taxonomy":"product_brand","embeddable":true,"href":"https:\/\/shop.kustom.ch\/fr\/wp-json\/wp\/v2\/product_brand?post=637252"},{"taxonomy":"product_cat","embeddable":true,"href":"https:\/\/shop.kustom.ch\/fr\/wp-json\/wp\/v2\/product_cat?post=637252"},{"taxonomy":"product_tag","embeddable":true,"href":"https:\/\/shop.kustom.ch\/fr\/wp-json\/wp\/v2\/product_tag?post=637252"}],"curies":[{"name":"wp","href":"https:\/\/api.w.org\/{rel}","templated":true}]}}