{"id":637251,"date":"2025-03-22T03:40:15","date_gmt":"2025-03-22T02:40:15","guid":{"rendered":"https:\/\/shop.kustom.ch\/?post_type=product&#038;p=637251"},"modified":"2026-03-27T15:28:45","modified_gmt":"2026-03-27T14:28:45","slug":"adv-trail-wool-wind-ls-tee-m","status":"publish","type":"product","link":"https:\/\/shop.kustom.ch\/fr\/produit\/adv-trail-wool-wind-ls-tee-m\/","title":{"rendered":"ADV Trail Wool Wind LS Tee M"},"content":{"rendered":"<p>T-shirt chaud \u00e0 manches longues en jersey de polyester et de laine avec un devant coupe-vent et r\u00e9sistant \u00e0 la d\u00e9chirure.<br \/>\n- jersey de laine en polyester, doux au toucher et qui tient chaud<br \/>\n- Face avant coupe-vent en mati\u00e8re stretch ind\u00e9chirable pour une grande libert\u00e9 de mouvement et un confort accru<br \/>\n- Impression en silicone sur les \u00e9paules<br \/>\n- Fentes lat\u00e9rales<br \/>\n- encolure adapt\u00e9e pour un meilleur confort<br \/>\n- Logo Craft Trail sur le devant de la poitrine<br \/>\n- Logo Craft \u00e0 six points \u00e0 l'arri\u00e8re<\/p>\n<p>Mati\u00e8re : corps : 80% polyester recycl\u00e9, 20% laine m\u00e9rinos. Face avant : 90% polyester recycl\u00e9, 10% \u00e9lasthanne<\/p>","protected":false},"excerpt":{"rendered":"<p>Warmes Langarm-T-Shirt aus Polyester- und Wolljersey mit winddichter, reissfester Vorderseite. \u2022 Polyester- Wolljersey, der sich weich anf\u00fchlt und warm h\u00e4lt \u2022 Winddichte Vorderseite aus reissfestem Stretchmaterial f\u00fcr hohe Bewegungsfreiheit und erh\u00f6hten Komfort \u2022 Silikonprint an den Schultern \u2022 Seitenschlitze \u2022 Getapter Halsausschnitt f\u00fcr erh\u00f6hten Komfort \u2022 Craft-Trail-Logo vorne im Brustbereich \u2022 Craft-Sechs-Punkte-Logo hinten Material: K\u00f6rperbereich: [&hellip;]<\/p>\n","protected":false},"featured_media":626288,"template":"","meta":[],"product_brand":[],"product_cat":[4201],"product_tag":[],"class_list":{"0":"post-637251","1":"product","2":"type-product","3":"status-publish","4":"has-post-thumbnail","6":"product_cat-t-shirts","7":"pa_brand-craft-retail-sportswear","8":"pa_brand-type-sportswear","9":"pa_filter-color-blau","11":"first","12":"instock","13":"sale","14":"taxable","15":"shipping-taxable","16":"purchasable","17":"product-type-variable","18":"add-to-wishlist-before_image"},"exclude_global_add_ons":[],"addons":[],"acf":[],"_links":{"self":[{"href":"https:\/\/shop.kustom.ch\/fr\/wp-json\/wp\/v2\/product\/637251"}],"collection":[{"href":"https:\/\/shop.kustom.ch\/fr\/wp-json\/wp\/v2\/product"}],"about":[{"href":"https:\/\/shop.kustom.ch\/fr\/wp-json\/wp\/v2\/types\/product"}],"wp:featuredmedia":[{"embeddable":true,"href":"https:\/\/shop.kustom.ch\/fr\/wp-json\/wp\/v2\/media\/626288"}],"wp:attachment":[{"href":"https:\/\/shop.kustom.ch\/fr\/wp-json\/wp\/v2\/media?parent=637251"}],"wp:term":[{"taxonomy":"product_brand","embeddable":true,"href":"https:\/\/shop.kustom.ch\/fr\/wp-json\/wp\/v2\/product_brand?post=637251"},{"taxonomy":"product_cat","embeddable":true,"href":"https:\/\/shop.kustom.ch\/fr\/wp-json\/wp\/v2\/product_cat?post=637251"},{"taxonomy":"product_tag","embeddable":true,"href":"https:\/\/shop.kustom.ch\/fr\/wp-json\/wp\/v2\/product_tag?post=637251"}],"curies":[{"name":"wp","href":"https:\/\/api.w.org\/{rel}","templated":true}]}}