{"id":637215,"date":"2025-03-22T03:39:50","date_gmt":"2025-03-22T02:39:50","guid":{"rendered":"https:\/\/shop.kustom.ch\/?post_type=product&#038;p=637215"},"modified":"2026-03-27T14:38:30","modified_gmt":"2026-03-27T13:38:30","slug":"adv-tone-singlet-w","status":"publish","type":"product","link":"https:\/\/shop.kustom.ch\/fr\/produit\/adv-tone-singlet-w\/","title":{"rendered":"ADV Tone Singlet W"},"content":{"rendered":"<p>Le singlet ADV Tone est un singlet d'entra\u00eenement moulant qui vous garde au frais et au sec pendant les entra\u00eenements intensifs dans des conditions chaudes.<\/p>\n<p>Ce singlet d'entra\u00eenement avanc\u00e9 est fabriqu\u00e9 en polyamide recycl\u00e9 hautement fonctionnel et dispose d'une double couche de tissu sur la poitrine pour un meilleur maintien et moins de transparence. Un design minimaliste et des ourlets nets lui conf\u00e8rent un look \u00e9l\u00e9gant.<\/p>\n<p>- Polyamide recycl\u00e9<br \/>\n- Double couche de tissu sur la poitrine<br \/>\n- dos de racer<br \/>\n- Tenue l\u00e9g\u00e8re<br \/>\n- Coupe ajust\u00e9e<\/p>\n<p>Mati\u00e8re : 91% polyamide recycl\u00e9, 9% \u00e9lasthanne<\/p>","protected":false},"excerpt":{"rendered":"<p>Das ADV Tone Singlet ist ein eng anliegendes Trainingssinglet, das Sie w\u00e4hrend intensiver Workouts bei warmen Bedingungen k\u00fchl und trocken h\u00e4lt. Dieses fortschrittliche Trainingssinglet besteht aus recyceltem, hochfunktionellem Polyamid und verf\u00fcgt \u00fcber eine doppelte Stoffschicht auf der Brust f\u00fcr verbesserten Halt und weniger Transparenz. Ein minimalistisches Design und saubere S\u00e4ume sorgen f\u00fcr einen stilvollen Look. [&hellip;]<\/p>\n","protected":false},"featured_media":478999,"template":"","meta":[],"product_brand":[],"product_cat":[4202],"product_tag":[],"class_list":{"0":"post-637215","1":"product","2":"type-product","3":"status-publish","4":"has-post-thumbnail","6":"product_cat-tank-tops","7":"pa_brand-craft-retail-sportswear","8":"pa_brand-type-sportswear","9":"pa_filter-color-rot","11":"first","12":"instock","13":"sale","14":"taxable","15":"shipping-taxable","16":"purchasable","17":"product-type-variable","18":"add-to-wishlist-before_image"},"exclude_global_add_ons":[],"addons":[],"acf":[],"_links":{"self":[{"href":"https:\/\/shop.kustom.ch\/fr\/wp-json\/wp\/v2\/product\/637215"}],"collection":[{"href":"https:\/\/shop.kustom.ch\/fr\/wp-json\/wp\/v2\/product"}],"about":[{"href":"https:\/\/shop.kustom.ch\/fr\/wp-json\/wp\/v2\/types\/product"}],"wp:featuredmedia":[{"embeddable":true,"href":"https:\/\/shop.kustom.ch\/fr\/wp-json\/wp\/v2\/media\/478999"}],"wp:attachment":[{"href":"https:\/\/shop.kustom.ch\/fr\/wp-json\/wp\/v2\/media?parent=637215"}],"wp:term":[{"taxonomy":"product_brand","embeddable":true,"href":"https:\/\/shop.kustom.ch\/fr\/wp-json\/wp\/v2\/product_brand?post=637215"},{"taxonomy":"product_cat","embeddable":true,"href":"https:\/\/shop.kustom.ch\/fr\/wp-json\/wp\/v2\/product_cat?post=637215"},{"taxonomy":"product_tag","embeddable":true,"href":"https:\/\/shop.kustom.ch\/fr\/wp-json\/wp\/v2\/product_tag?post=637215"}],"curies":[{"name":"wp","href":"https:\/\/api.w.org\/{rel}","templated":true}]}}