{"id":637176,"date":"2025-03-22T03:39:28","date_gmt":"2025-03-22T02:39:28","guid":{"rendered":"https:\/\/shop.kustom.ch\/?post_type=product&#038;p=637176"},"modified":"2026-03-27T15:23:25","modified_gmt":"2026-03-27T14:23:25","slug":"adv-subz-wool-ls-tee-3-m","status":"publish","type":"product","link":"https:\/\/shop.kustom.ch\/fr\/produit\/adv-subz-wool-ls-tee-3-m\/","title":{"rendered":"ADV SubZ Wool LS Tee 3 M"},"content":{"rendered":"<p>L'ADV SubZ Wool LS Tee 3 est un maillot de course \u00e0 manches longues con\u00e7u pour les entra\u00eenements intensifs lors des journ\u00e9es fra\u00eeches d'automne et d'hiver.<\/p>\n<p>Ce t-shirt avanc\u00e9 \u00e0 col zipp\u00e9 est compos\u00e9 d'un jersey en polyester et en laine m\u00e9rinos doux et fonctionnel. La laine vous tient chaud, tandis que le polyester assure une \u00e9vacuation efficace de l'humidit\u00e9 pour vous garder au sec. De plus, le v\u00eatement dispose d'un panneau en mesh dans le dos pour une meilleure a\u00e9ration.<\/p>\n<p>- Tissu jersey chaud et fonctionnel en laine m\u00e9rinos et polyester recycl\u00e9<br \/>\n- Panneau en mesh a\u00e9r\u00e9 dans le dos<br \/>\n- Turtleneck doubl\u00e9 en mesh polyester pour plus de confort<br \/>\n- D\u00e9tails r\u00e9fl\u00e9chissants sur les manches<br \/>\n- trous pour les pouces aux extr\u00e9mit\u00e9s des manches<\/p>\n<p>Mati\u00e8re : corps : 80% polyester recycl\u00e9, 20% laine m\u00e9rinos. Insert dorsal : 93% polyester recycl\u00e9, 7% \u00e9lasthanne<\/p>","protected":false},"excerpt":{"rendered":"<p>Das ADV SubZ Wool LS Tee 3 ist ein lang\u00e4rmliges Laufshirt, das f\u00fcr intensive Workouts an k\u00fchlen Herbst- und Wintertagen entwickelt wurde. Dieses fortgeschrittene Shirt mit Zip-Turtleneck besteht aus weichem und funktionellem Polyester- und Merinowoll-Jersey. Die Wolle h\u00e4lt Sie warm, w\u00e4hrend das Polyester einen effizienten Feuchtigkeitstransport gew\u00e4hrleistet, um Sie trocken zu halten. Zus\u00e4tzlich verf\u00fcgt das [&hellip;]<\/p>\n","protected":false},"featured_media":480217,"template":"","meta":[],"product_brand":[],"product_cat":[4201],"product_tag":[],"class_list":{"0":"post-637176","1":"product","2":"type-product","3":"status-publish","4":"has-post-thumbnail","6":"product_cat-t-shirts","7":"pa_brand-craft-retail-sportswear","8":"pa_brand-type-sportswear","9":"pa_filter-color-blau","11":"first","12":"instock","13":"sale","14":"taxable","15":"shipping-taxable","16":"purchasable","17":"product-type-variable","18":"add-to-wishlist-before_image"},"exclude_global_add_ons":[],"addons":[],"acf":[],"_links":{"self":[{"href":"https:\/\/shop.kustom.ch\/fr\/wp-json\/wp\/v2\/product\/637176"}],"collection":[{"href":"https:\/\/shop.kustom.ch\/fr\/wp-json\/wp\/v2\/product"}],"about":[{"href":"https:\/\/shop.kustom.ch\/fr\/wp-json\/wp\/v2\/types\/product"}],"wp:featuredmedia":[{"embeddable":true,"href":"https:\/\/shop.kustom.ch\/fr\/wp-json\/wp\/v2\/media\/480217"}],"wp:attachment":[{"href":"https:\/\/shop.kustom.ch\/fr\/wp-json\/wp\/v2\/media?parent=637176"}],"wp:term":[{"taxonomy":"product_brand","embeddable":true,"href":"https:\/\/shop.kustom.ch\/fr\/wp-json\/wp\/v2\/product_brand?post=637176"},{"taxonomy":"product_cat","embeddable":true,"href":"https:\/\/shop.kustom.ch\/fr\/wp-json\/wp\/v2\/product_cat?post=637176"},{"taxonomy":"product_tag","embeddable":true,"href":"https:\/\/shop.kustom.ch\/fr\/wp-json\/wp\/v2\/product_tag?post=637176"}],"curies":[{"name":"wp","href":"https:\/\/api.w.org\/{rel}","templated":true}]}}