{"id":637169,"date":"2025-03-22T03:39:22","date_gmt":"2025-03-22T02:39:22","guid":{"rendered":"https:\/\/shop.kustom.ch\/?post_type=product&#038;p=637169"},"modified":"2026-03-27T14:02:46","modified_gmt":"2026-03-27T13:02:46","slug":"adv-subz-lumen-jacket-4-w","status":"publish","type":"product","link":"https:\/\/shop.kustom.ch\/fr\/produit\/adv-subz-lumen-jacket-4-w\/","title":{"rendered":"Veste ADV SubZ Lumen 4 W"},"content":{"rendered":"<p>La veste ADV SubZ Lumen Jacket 4 est une veste de course isol\u00e9e avec un imprim\u00e9 r\u00e9fl\u00e9chissant qui vous garde au chaud et au sec pendant les entra\u00eenements intensifs dans des conditions hivernales froides.<\/p>\n<p>Cette veste de course techniquement avanc\u00e9e est compos\u00e9e de tissu Ventair\u00ae coupe-vent et d'une isolation l\u00e9g\u00e8re dans une construction coll\u00e9e \u00e0 3 couches sur le devant. Les manches et le dos sont en jersey bross\u00e9, fabriqu\u00e9 \u00e0 partir de polyester recycl\u00e9, pour un contr\u00f4le efficace de l'humidit\u00e9, une chaleur suppl\u00e9mentaire et un confort optimal. Des trous pour les pouces aux extr\u00e9mit\u00e9s des manches et des poches zipp\u00e9es dissimul\u00e9es sont \u00e9galement pr\u00e9sents.<\/p>\n<p>- Tissu Ventair\u00ae prot\u00e9g\u00e9 du vent et isolation l\u00e9g\u00e8re dans une construction coll\u00e9e \u00e0 3 couches sur le devant<br \/>\n- Jersey bross\u00e9 en polyester recycl\u00e9 sur les manches et le dos<br \/>\n- D\u00e9tails r\u00e9fl\u00e9chissants \u00e0 360 degr\u00e9s<br \/>\n- trous pour les pouces aux extr\u00e9mit\u00e9s des manches<br \/>\n- Ourlet inf\u00e9rieur scell\u00e9<br \/>\n- Poches zipp\u00e9es dissimul\u00e9es<br \/>\n- Coupe r\u00e9guli\u00e8re<\/p>\n<p>Mat\u00e9riau : Corps avant : 100% polyester recycl\u00e9. Corps avant : 100% polyur\u00e9thane thermoplastique. Corps avant : 100% polyester. Corps dorsal : 88% polyester recycl\u00e9, 12% \u00e9lasthanne<\/p>","protected":false},"excerpt":{"rendered":"<p>Die ADV SubZ Lumen Jacket 4 ist eine isolierte Laufjacke mit reflektierendem Druck, die Sie w\u00e4hrend intensiver Workouts bei kalten Winterbedingungen warm und trocken h\u00e4lt. Diese technisch fortschrittliche Laufjacke besteht aus windgesch\u00fctztem Ventair\u00ae-Gewebe und leichter Isolierung in einer verklebten 3-lagigen Konstruktion auf der Vorderseite. Die \u00c4rmel und der R\u00fccken bestehen aus geb\u00fcrstetem Jersey, der aus [&hellip;]<\/p>\n","protected":false},"featured_media":480254,"template":"","meta":[],"product_brand":[],"product_cat":[4202],"product_tag":[],"class_list":{"0":"post-637169","1":"product","2":"type-product","3":"status-publish","4":"has-post-thumbnail","6":"product_cat-tank-tops","7":"pa_brand-craft-retail-sportswear","8":"pa_brand-type-sportswear","9":"pa_filter-color-schwarz","11":"first","12":"instock","13":"sale","14":"taxable","15":"shipping-taxable","16":"purchasable","17":"product-type-variable","18":"add-to-wishlist-before_image"},"exclude_global_add_ons":[],"addons":[],"acf":[],"_links":{"self":[{"href":"https:\/\/shop.kustom.ch\/fr\/wp-json\/wp\/v2\/product\/637169"}],"collection":[{"href":"https:\/\/shop.kustom.ch\/fr\/wp-json\/wp\/v2\/product"}],"about":[{"href":"https:\/\/shop.kustom.ch\/fr\/wp-json\/wp\/v2\/types\/product"}],"wp:featuredmedia":[{"embeddable":true,"href":"https:\/\/shop.kustom.ch\/fr\/wp-json\/wp\/v2\/media\/480254"}],"wp:attachment":[{"href":"https:\/\/shop.kustom.ch\/fr\/wp-json\/wp\/v2\/media?parent=637169"}],"wp:term":[{"taxonomy":"product_brand","embeddable":true,"href":"https:\/\/shop.kustom.ch\/fr\/wp-json\/wp\/v2\/product_brand?post=637169"},{"taxonomy":"product_cat","embeddable":true,"href":"https:\/\/shop.kustom.ch\/fr\/wp-json\/wp\/v2\/product_cat?post=637169"},{"taxonomy":"product_tag","embeddable":true,"href":"https:\/\/shop.kustom.ch\/fr\/wp-json\/wp\/v2\/product_tag?post=637169"}],"curies":[{"name":"wp","href":"https:\/\/api.w.org\/{rel}","templated":true}]}}