{"id":637156,"date":"2025-03-22T03:39:14","date_gmt":"2025-03-22T02:39:14","guid":{"rendered":"https:\/\/shop.kustom.ch\/?post_type=product&#038;p=637156"},"modified":"2026-04-16T10:15:13","modified_gmt":"2026-04-16T09:15:13","slug":"adv-pursuit-thermal-jacket-m","status":"publish","type":"product","link":"https:\/\/shop.kustom.ch\/fr\/produit\/adv-pursuit-thermal-jacket-m\/","title":{"rendered":"Veste thermique Adv Pursuit M"},"content":{"rendered":"<p>La veste ADV Pursuit Thermal Jacket est une veste de ski de fond chaude et isol\u00e9e, con\u00e7ue pour le ski nordique dans des conditions vraiment froides.<\/p>\n<p>Cette veste de ski de fond avanc\u00e9e combine une isolation matelass\u00e9e sur le devant avec un tissu coupe-vent et imperm\u00e9able \u00e0 3 couches sur les manches, les c\u00f4t\u00e9s et le bas du dos. Un tissu Scuba chaud et respirant dans le haut du dos assure une meilleure ventilation. Le r\u00e9sultat est un manteau fonctionnel qui offre une excellente protection contre les intemp\u00e9ries et de la chaleur pendant les entra\u00eenements intensifs dans des conditions froides. En outre, le manteau dispose de manches raglan pour une libert\u00e9 de mouvement illimit\u00e9e, d'un cordon de serrage \u00e0 l'ourlet pour un ajustement serr\u00e9 et de poches lat\u00e9rales zipp\u00e9es.<\/p>\n<p>- Isolation l\u00e9g\u00e8re sur le devant (80 g\/m\u00b2)<br \/>\n- Tissu 3 couches r\u00e9sistant au vent et \u00e0 l'eau sur les manches, les c\u00f4t\u00e9s et le bas du dos<br \/>\n- Capuche r\u00e9glable<br \/>\n- manches raglan<br \/>\n- Poches lat\u00e9rales zipp\u00e9es<br \/>\n- Cordon de serrage \u00e0 l'ourlet<br \/>\n- Coupe r\u00e9guli\u00e8re<\/p>\n<p>Mat\u00e9riau : corps : 100% polyester recycl\u00e9. Corps du dos : 62% polyamide recycl\u00e9, 38% \u00e9lasthanne. Doublure int\u00e9rieure du corps : 88% polyester recycl\u00e9, 12% \u00e9lasthanne<\/p>","protected":false},"excerpt":{"rendered":"<p>Die ADV Pursuit Thermal Jacket ist eine warme, isolierte Skilanglaufjacke, die f\u00fcr das Nordic Skifahren bei wirklich kalten Bedingungen entwickelt wurde. Diese fortschrittliche Skilanglaufjacke kombiniert eine gesteppte Isolierung auf der Vorderseite mit einem 3-lagigen wind- und wasserfesten Stoff an den \u00c4rmeln, an den Seiten und im unteren R\u00fcckenbereich. Ein warmer und atmungsaktiver Scuba-Stoff am oberen [&hellip;]<\/p>\n","protected":false},"featured_media":480915,"template":"","meta":[],"product_brand":[],"product_cat":[4202],"product_tag":[],"class_list":{"0":"post-637156","1":"product","2":"type-product","3":"status-publish","4":"has-post-thumbnail","6":"product_cat-tank-tops","7":"pa_brand-craft-retail-sportswear","8":"pa_brand-type-sportswear","9":"pa_filter-color-blau","10":"pa_filter-color-schwarz","12":"first","13":"instock","14":"sale","15":"taxable","16":"shipping-taxable","17":"purchasable","18":"product-type-variable","19":"add-to-wishlist-before_image"},"exclude_global_add_ons":[],"addons":[],"acf":[],"_links":{"self":[{"href":"https:\/\/shop.kustom.ch\/fr\/wp-json\/wp\/v2\/product\/637156"}],"collection":[{"href":"https:\/\/shop.kustom.ch\/fr\/wp-json\/wp\/v2\/product"}],"about":[{"href":"https:\/\/shop.kustom.ch\/fr\/wp-json\/wp\/v2\/types\/product"}],"wp:featuredmedia":[{"embeddable":true,"href":"https:\/\/shop.kustom.ch\/fr\/wp-json\/wp\/v2\/media\/480915"}],"wp:attachment":[{"href":"https:\/\/shop.kustom.ch\/fr\/wp-json\/wp\/v2\/media?parent=637156"}],"wp:term":[{"taxonomy":"product_brand","embeddable":true,"href":"https:\/\/shop.kustom.ch\/fr\/wp-json\/wp\/v2\/product_brand?post=637156"},{"taxonomy":"product_cat","embeddable":true,"href":"https:\/\/shop.kustom.ch\/fr\/wp-json\/wp\/v2\/product_cat?post=637156"},{"taxonomy":"product_tag","embeddable":true,"href":"https:\/\/shop.kustom.ch\/fr\/wp-json\/wp\/v2\/product_tag?post=637156"}],"curies":[{"name":"wp","href":"https:\/\/api.w.org\/{rel}","templated":true}]}}