{"id":637149,"date":"2025-03-22T03:39:05","date_gmt":"2025-03-22T02:39:05","guid":{"rendered":"https:\/\/shop.kustom.ch\/?post_type=product&#038;p=637149"},"modified":"2026-03-27T14:12:22","modified_gmt":"2026-03-27T13:12:22","slug":"adv-nordic-training-speed-vest-m","status":"publish","type":"product","link":"https:\/\/shop.kustom.ch\/fr\/produit\/adv-nordic-training-speed-vest-m\/","title":{"rendered":"Gilet de vitesse d'entra\u00eenement nordique Adv M"},"content":{"rendered":"<p>La veste ADV Nordic Training Speed Vest 2 est con\u00e7ue pour l'entra\u00eenement intensif de ski de fond dans des conditions froides.<\/p>\n<p>Ce gilet de ski de fond techniquement avanc\u00e9 est compos\u00e9 d'un tissu coupe-vent et imperm\u00e9able avec une isolation super l\u00e9g\u00e8re \u00e0 l'avant et un tissu en jersey bross\u00e9 \u00e0 l'arri\u00e8re pour une r\u00e9gulation efficace de la temp\u00e9rature corporelle. De plus, le devant est doubl\u00e9 d'un tissu polaire en maille qui \u00e9vacue l'humidit\u00e9 pour offrir une isolation et une fonctionnalit\u00e9 suppl\u00e9mentaires. Un excellent choix pour les entra\u00eenements de haute intensit\u00e9 lors des froides journ\u00e9es d'hiver.<\/p>\n<p>- Tissu 2 couches imperm\u00e9able au vent et \u00e0 l'eau avec isolation super l\u00e9g\u00e8re sur le devant et les \u00e9paules<br \/>\n- Doublure en polaire grillag\u00e9e chaude et fonctionnelle sur le devant<br \/>\n- Tissu en jersey l\u00e9g\u00e8rement bross\u00e9 \u00e0 l'arri\u00e8re<br \/>\n- doublure en polaire sur le col int\u00e9rieur pour la chaleur et le confort<br \/>\n- a\u00e9ration d\u00e9coup\u00e9e au laser sur la culotte dorsale<br \/>\n- fermeture \u00e0 glissi\u00e8re invers\u00e9e sur le devant<br \/>\n- Deux poches avant zipp\u00e9es<br \/>\n- Coupe ajust\u00e9e<\/p>\n<p>Mat\u00e9riau : Corps avant : 100% polyester. Insert avant : 100% polyester recycl\u00e9. Corps arri\u00e8re : 88% polyester recycl\u00e9, 12% \u00e9lasthanne. Doublure int\u00e9rieure : 100% polyester recycl\u00e9<\/p>","protected":false},"excerpt":{"rendered":"<p>Der ADV Nordic Training Speed Vest 2 ist f\u00fcr intensives Skilanglauftraining bei kalten Bedingungen konzipiert. Dieses technisch fortschrittliche Skilanglaufweste besteht aus einem wind- und wasserdichten Stoff mit superleichter Isolierung an der Vorderseite und einem geb\u00fcrsteten Jersey-Stoff an der R\u00fcckseite f\u00fcr eine effiziente Regulierung der K\u00f6rpertemperatur. Zus\u00e4tzlich ist die Vorderseite mit feuchtigkeitstransportierendem Gitterfleece gef\u00fcttert, um zus\u00e4tzliche [&hellip;]<\/p>\n","protected":false},"featured_media":480371,"template":"","meta":[],"product_brand":[],"product_cat":[4202],"product_tag":[],"class_list":{"0":"post-637149","1":"product","2":"type-product","3":"status-publish","4":"has-post-thumbnail","6":"product_cat-tank-tops","7":"pa_brand-craft-retail-sportswear","8":"pa_brand-type-sportswear","9":"pa_filter-color-schwarz","11":"first","12":"instock","13":"sale","14":"taxable","15":"shipping-taxable","16":"purchasable","17":"product-type-variable","18":"add-to-wishlist-before_image"},"exclude_global_add_ons":[],"addons":[],"acf":[],"_links":{"self":[{"href":"https:\/\/shop.kustom.ch\/fr\/wp-json\/wp\/v2\/product\/637149"}],"collection":[{"href":"https:\/\/shop.kustom.ch\/fr\/wp-json\/wp\/v2\/product"}],"about":[{"href":"https:\/\/shop.kustom.ch\/fr\/wp-json\/wp\/v2\/types\/product"}],"wp:featuredmedia":[{"embeddable":true,"href":"https:\/\/shop.kustom.ch\/fr\/wp-json\/wp\/v2\/media\/480371"}],"wp:attachment":[{"href":"https:\/\/shop.kustom.ch\/fr\/wp-json\/wp\/v2\/media?parent=637149"}],"wp:term":[{"taxonomy":"product_brand","embeddable":true,"href":"https:\/\/shop.kustom.ch\/fr\/wp-json\/wp\/v2\/product_brand?post=637149"},{"taxonomy":"product_cat","embeddable":true,"href":"https:\/\/shop.kustom.ch\/fr\/wp-json\/wp\/v2\/product_cat?post=637149"},{"taxonomy":"product_tag","embeddable":true,"href":"https:\/\/shop.kustom.ch\/fr\/wp-json\/wp\/v2\/product_tag?post=637149"}],"curies":[{"name":"wp","href":"https:\/\/api.w.org\/{rel}","templated":true}]}}