{"id":637129,"date":"2025-03-22T03:38:50","date_gmt":"2025-03-22T02:38:50","guid":{"rendered":"https:\/\/shop.kustom.ch\/?post_type=product&#038;p=637129"},"modified":"2026-04-16T10:12:08","modified_gmt":"2026-04-16T09:12:08","slug":"adv-nordic-training-speed-jacket-2-m","status":"publish","type":"product","link":"https:\/\/shop.kustom.ch\/fr\/produit\/adv-nordic-training-speed-jacket-2-m\/","title":{"rendered":"Veste de vitesse d'entra\u00eenement nordique Adv 2 M"},"content":{"rendered":"<p>La veste ADV Nordic Training Speed Jacket 2 est con\u00e7ue pour l'entra\u00eenement intensif de ski de fond dans des conditions froides.<\/p>\n<p>Cette veste de ski de fond techniquement avanc\u00e9e est dot\u00e9e d'un tissu coupe-vent et imperm\u00e9able avec une isolation super l\u00e9g\u00e8re sur la partie sup\u00e9rieure avant et les \u00e9paules, ainsi que d'un tissu en jersey bross\u00e9 \u00e0 l'arri\u00e8re et sous les manches pour une r\u00e9gulation efficace de la temp\u00e9rature corporelle. De plus, la partie avant est doubl\u00e9e d'une polaire en grille qui \u00e9vacue l'humidit\u00e9 pour une isolation et une fonctionnalit\u00e9 suppl\u00e9mentaires. Un excellent choix pour les entra\u00eenements de haute intensit\u00e9 lors des froides journ\u00e9es d'hiver.<\/p>\n<p>- Tissu 2 couches imperm\u00e9able au vent et \u00e0 l'eau avec isolation ultral\u00e9g\u00e8re dans la partie sup\u00e9rieure avant du corps et sur les \u00e9paules<br \/>\n- Tissu 3 couches imperm\u00e9able au vent et \u00e0 l'eau sur les manches et la partie inf\u00e9rieure avant<br \/>\n- Doublure en polaire grillag\u00e9e chaude et fonctionnelle sur le devant<br \/>\n- Tissu en jersey l\u00e9g\u00e8rement bross\u00e9 \u00e0 l'arri\u00e8re et sous les manches<br \/>\n- doublure en polaire sur le col int\u00e9rieur pour la chaleur et le confort<br \/>\n- a\u00e9ration d\u00e9coup\u00e9e au laser sur la culotte dorsale<br \/>\n- fermeture \u00e0 glissi\u00e8re invers\u00e9e sur le devant<br \/>\n- Deux poches avant zipp\u00e9es<br \/>\n- Coupe ajust\u00e9e<\/p>\n<p>Mat\u00e9riau : Avant du corps : 100% polyester. Manches : 100% polyester recycl\u00e9. Corps du dos : 88% polyester recycl\u00e9, 12% \u00e9lasthanne. Doublure int\u00e9rieure : 100% polyester recycl\u00e9<\/p>","protected":false},"excerpt":{"rendered":"<p>Die ADV Nordic Training Speed Jacket 2 ist f\u00fcr intensives Skilanglauftraining bei kalten Bedingungen konzipiert. Diese technisch fortschrittliche Skilanglaufjacke verf\u00fcgt \u00fcber einen wind- und wasserdichten Stoff mit superleichter Isolierung im oberen vorderen Bereich und an den Schultern, sowie geb\u00fcrsteten Jersey-Stoff auf der R\u00fcckseite und unter den \u00c4rmeln f\u00fcr eine effiziente Regulierung der K\u00f6rpertemperatur. Zus\u00e4tzlich ist [&hellip;]<\/p>\n","protected":false},"featured_media":481464,"template":"","meta":[],"product_brand":[],"product_cat":[4186],"product_tag":[],"class_list":{"0":"post-637129","1":"product","2":"type-product","3":"status-publish","4":"has-post-thumbnail","6":"product_cat-jacken","7":"pa_brand-craft-retail-sportswear","8":"pa_brand-type-sportswear","9":"pa_filter-color-beige","10":"pa_filter-color-blau","12":"first","13":"instock","14":"sale","15":"taxable","16":"shipping-taxable","17":"purchasable","18":"product-type-variable","19":"add-to-wishlist-before_image"},"exclude_global_add_ons":[],"addons":[],"acf":[],"_links":{"self":[{"href":"https:\/\/shop.kustom.ch\/fr\/wp-json\/wp\/v2\/product\/637129"}],"collection":[{"href":"https:\/\/shop.kustom.ch\/fr\/wp-json\/wp\/v2\/product"}],"about":[{"href":"https:\/\/shop.kustom.ch\/fr\/wp-json\/wp\/v2\/types\/product"}],"wp:featuredmedia":[{"embeddable":true,"href":"https:\/\/shop.kustom.ch\/fr\/wp-json\/wp\/v2\/media\/481464"}],"wp:attachment":[{"href":"https:\/\/shop.kustom.ch\/fr\/wp-json\/wp\/v2\/media?parent=637129"}],"wp:term":[{"taxonomy":"product_brand","embeddable":true,"href":"https:\/\/shop.kustom.ch\/fr\/wp-json\/wp\/v2\/product_brand?post=637129"},{"taxonomy":"product_cat","embeddable":true,"href":"https:\/\/shop.kustom.ch\/fr\/wp-json\/wp\/v2\/product_cat?post=637129"},{"taxonomy":"product_tag","embeddable":true,"href":"https:\/\/shop.kustom.ch\/fr\/wp-json\/wp\/v2\/product_tag?post=637129"}],"curies":[{"name":"wp","href":"https:\/\/api.w.org\/{rel}","templated":true}]}}