{"id":637122,"date":"2025-03-22T03:38:45","date_gmt":"2025-03-22T02:38:45","guid":{"rendered":"https:\/\/shop.kustom.ch\/?post_type=product&#038;p=637122"},"modified":"2026-04-16T10:20:09","modified_gmt":"2026-04-16T09:20:09","slug":"adv-nordic-training-insulate-vest-m","status":"publish","type":"product","link":"https:\/\/shop.kustom.ch\/fr\/produit\/adv-nordic-training-insulate-vest-m\/","title":{"rendered":"ADV Nordic Training Insulate Vest M"},"content":{"rendered":"<p>La veste ADV Nordic Training Insulate Vest est une veste isolante pour le ski de fond qui am\u00e9liore votre entra\u00eenement en vous apportant confort et performance dans des conditions froides.<\/p>\n<p>Ce gilet de ski nordique avanc\u00e9 combine une isolation l\u00e9g\u00e8re avec un tissu ext\u00e9rieur fin, coupe-vent et d\u00e9perlant sur le devant, les c\u00f4t\u00e9s et les \u00e9paules, ce qui offre une excellente chaleur et protection dans ces zones expos\u00e9es. De plus, le gilet dispose d'un tissu en jersey bross\u00e9 \u00e0 l'arri\u00e8re pour une meilleure ventilation et une \u00e9vacuation efficace de l'humidit\u00e9. Des coupes ergonomiques et une grande \u00e9lasticit\u00e9 garantissent la libert\u00e9 de mouvement et vous permettent d'\u00eatre au top de vos performances m\u00eame par les froides journ\u00e9es d'hiver. Un excellent choix pour les entra\u00eenements intensifs par temps frais ou pour les sessions plus lentes par temps plus doux.<\/p>\n<p>- Isolation l\u00e9g\u00e8re sur le devant, les c\u00f4t\u00e9s et les \u00e9paules (40 g\/m\u00b2)<br \/>\n- Tissu ext\u00e9rieur coupe-vent et imperm\u00e9able sur le devant, les c\u00f4t\u00e9s et les \u00e9paules<br \/>\n- Tissu en jersey bross\u00e9 au dos<br \/>\n- Tissu jersey bross\u00e9 et c\u00f4tel\u00e9 sur le col int\u00e9rieur<br \/>\n- Deux poches lat\u00e9rales \u00e0 fermeture \u00e9clair<br \/>\n- Cordon de serrage \u00e0 l'ourlet inf\u00e9rieur<br \/>\n- Coupe r\u00e9guli\u00e8re<\/p>\n<p>Mat\u00e9riau : Corps avant : 95% polyamide recycl\u00e9, 5% \u00e9lasthanne. Corps du dos : 88% polyester recycl\u00e9, 12% \u00e9lasthanne. Garniture : 100% polyester. Doublure : 100% polyester recycl\u00e9.<\/p>","protected":false},"excerpt":{"rendered":"<p>Die ADV Nordic Training Insulate Vest ist eine isolierende Weste f\u00fcr das Langlaufen, die Ihren Workout durch Komfort und Leistungsf\u00e4higkeit bei kalten Bedingungen verbessert. Diese fortschrittliche Nordic Ski Weste kombiniert leichte Isolierung mit einem d\u00fcnnen, wind- und wasserabweisenden Aussenmaterial an der Vorderseite, den Seiten und Schultern, was ausgezeichnete W\u00e4rme und Schutz in diesen exponierten Bereichen [&hellip;]<\/p>\n","protected":false},"featured_media":626108,"template":"","meta":[],"product_brand":[],"product_cat":[4208],"product_tag":[],"class_list":{"0":"post-637122","1":"product","2":"type-product","3":"status-publish","4":"has-post-thumbnail","6":"product_cat-westen","7":"pa_brand-craft-retail-sportswear","8":"pa_brand-type-sportswear","9":"pa_filter-color-schwarz","11":"first","12":"instock","13":"sale","14":"taxable","15":"shipping-taxable","16":"purchasable","17":"product-type-variable","18":"add-to-wishlist-before_image"},"exclude_global_add_ons":[],"addons":[],"acf":[],"_links":{"self":[{"href":"https:\/\/shop.kustom.ch\/fr\/wp-json\/wp\/v2\/product\/637122"}],"collection":[{"href":"https:\/\/shop.kustom.ch\/fr\/wp-json\/wp\/v2\/product"}],"about":[{"href":"https:\/\/shop.kustom.ch\/fr\/wp-json\/wp\/v2\/types\/product"}],"wp:featuredmedia":[{"embeddable":true,"href":"https:\/\/shop.kustom.ch\/fr\/wp-json\/wp\/v2\/media\/626108"}],"wp:attachment":[{"href":"https:\/\/shop.kustom.ch\/fr\/wp-json\/wp\/v2\/media?parent=637122"}],"wp:term":[{"taxonomy":"product_brand","embeddable":true,"href":"https:\/\/shop.kustom.ch\/fr\/wp-json\/wp\/v2\/product_brand?post=637122"},{"taxonomy":"product_cat","embeddable":true,"href":"https:\/\/shop.kustom.ch\/fr\/wp-json\/wp\/v2\/product_cat?post=637122"},{"taxonomy":"product_tag","embeddable":true,"href":"https:\/\/shop.kustom.ch\/fr\/wp-json\/wp\/v2\/product_tag?post=637122"}],"curies":[{"name":"wp","href":"https:\/\/api.w.org\/{rel}","templated":true}]}}