{"id":637074,"date":"2025-03-22T03:38:09","date_gmt":"2025-03-22T02:38:09","guid":{"rendered":"https:\/\/shop.kustom.ch\/?post_type=product&#038;p=637074"},"modified":"2026-03-27T13:45:47","modified_gmt":"2026-03-27T12:45:47","slug":"adv-join-windbreaker-m","status":"publish","type":"product","link":"https:\/\/shop.kustom.ch\/fr\/produit\/adv-join-windbreaker-m\/","title":{"rendered":"ADV Join Coupe-vent M"},"content":{"rendered":"<p>Cette veste coupe-vent moderne est fabriqu\u00e9e dans un tissu fin et l\u00e9ger et dispose d'une doublure en filet fonctionnelle qui offre une excellente \u00e9vacuation de l'humidit\u00e9 pour un confort optimal. Une forme large combin\u00e9e \u00e0 un \u00e9lastique \u00e0 la taille et \u00e0 un corsage en jersey ajust\u00e9 dans la partie inf\u00e9rieure permet d'obtenir une silhouette incroyablement f\u00e9minine. Le coupe-vent dispose en outre d'une capuche avec cordon de serrage r\u00e9glable et de deux poches zipp\u00e9es dissimul\u00e9es pour ranger en toute s\u00e9curit\u00e9 les cl\u00e9s et autres ustensiles.<\/p>\n<p>- Tissu fin, l\u00e9ger et r\u00e9sistant au vent<br \/>\n- Tissu mesh en polyester recycl\u00e9<br \/>\n- Doublure en filet fonctionnelle<br \/>\n- Corsage en jersey ajust\u00e9 au niveau des fesses<br \/>\n- Cordon \u00e9lastique \u00e0 la taille pour un ajustement r\u00e9glable<br \/>\n- Capuche avec cordon de serrage ajustable<br \/>\n- Poches lat\u00e9rales cach\u00e9es avec fermeture \u00e0 glissi\u00e8re<br \/>\n- Coupe d\u00e9contract\u00e9e<\/p>\n<p>Mat\u00e9riau : Corps : 100% polyamide recycl\u00e9. Doublure : 100% polyester recycl\u00e9<\/p>","protected":false},"excerpt":{"rendered":"<p>Diese moderne Windjacke ist aus d\u00fcnnem und leichtem Stoff gefertigt und verf\u00fcgt \u00fcber ein funktionelles Netzfutter, das einen hervorragenden Feuchtigkeitstransport f\u00fcr optimalen Tragekomfort bietet. Eine weite Form kombiniert mit einem Gummizug in der Taille und einem eng anliegenden Jersey-Mieder im unteren Bereich sorgt f\u00fcr eine umwerfend feminine Silhouette. Ausserdem verf\u00fcgt die Windjacke \u00fcber eine Kapuze [&hellip;]<\/p>\n","protected":false},"featured_media":626071,"template":"","meta":[],"product_brand":[],"product_cat":[4186],"product_tag":[],"class_list":{"0":"post-637074","1":"product","2":"type-product","3":"status-publish","4":"has-post-thumbnail","6":"product_cat-jacken","7":"pa_brand-craft-retail-sportswear","8":"pa_brand-type-sportswear","9":"pa_filter-color-gruen","10":"pa_filter-color-schwarz","12":"first","13":"instock","14":"sale","15":"taxable","16":"shipping-taxable","17":"purchasable","18":"product-type-variable","19":"add-to-wishlist-before_image"},"exclude_global_add_ons":[],"addons":[],"acf":[],"_links":{"self":[{"href":"https:\/\/shop.kustom.ch\/fr\/wp-json\/wp\/v2\/product\/637074"}],"collection":[{"href":"https:\/\/shop.kustom.ch\/fr\/wp-json\/wp\/v2\/product"}],"about":[{"href":"https:\/\/shop.kustom.ch\/fr\/wp-json\/wp\/v2\/types\/product"}],"wp:featuredmedia":[{"embeddable":true,"href":"https:\/\/shop.kustom.ch\/fr\/wp-json\/wp\/v2\/media\/626071"}],"wp:attachment":[{"href":"https:\/\/shop.kustom.ch\/fr\/wp-json\/wp\/v2\/media?parent=637074"}],"wp:term":[{"taxonomy":"product_brand","embeddable":true,"href":"https:\/\/shop.kustom.ch\/fr\/wp-json\/wp\/v2\/product_brand?post=637074"},{"taxonomy":"product_cat","embeddable":true,"href":"https:\/\/shop.kustom.ch\/fr\/wp-json\/wp\/v2\/product_cat?post=637074"},{"taxonomy":"product_tag","embeddable":true,"href":"https:\/\/shop.kustom.ch\/fr\/wp-json\/wp\/v2\/product_tag?post=637074"}],"curies":[{"name":"wp","href":"https:\/\/api.w.org\/{rel}","templated":true}]}}