{"id":637014,"date":"2025-03-22T03:37:43","date_gmt":"2025-03-22T02:37:43","guid":{"rendered":"https:\/\/shop.kustom.ch\/?post_type=product&#038;p=637014"},"modified":"2026-03-27T14:13:48","modified_gmt":"2026-03-27T13:13:48","slug":"adv-join-sweat-pant-w-2","status":"publish","type":"product","link":"https:\/\/shop.kustom.ch\/fr\/produit\/adv-join-sweat-pant-w-2\/","title":{"rendered":"ADV Join Sweat Pant W"},"content":{"rendered":"<p>Pantalon de loisirs tr\u00e8s confortable avec un look propre et lisse pour un usage quotidien.<\/p>\n<p>- Jersey doux et dense en coton et polyester (320 g\/m\u00b2)<br \/>\n- Ext\u00e9rieur en coton et int\u00e9rieur en polyester<br \/>\n- Pli avant<br \/>\n- Ceinture \u00e9lastique avec cordon de serrage r\u00e9glable<br \/>\n- \u00c9lastique au bas des jambes<br \/>\n- Deux poches lat\u00e9rales avec fermeture \u00e9clair<br \/>\n- Logo brod\u00e9 sur la jambe gauche<br \/>\n- Coupe normale<\/p>\n<p>Mati\u00e8re : Couleurs unies : 51% polyester recycl\u00e9, 46% coton, 3% \u00e9lasthanne. Couleurs m\u00e9lang\u00e9es : 44% polyester recycl\u00e9, 53% coton, 3% \u00e9lasthanne.<\/p>","protected":false},"excerpt":{"rendered":"<p>Sehr bequeme Freizeithose mit einem sauberen und glatten Look f\u00fcr den t\u00e4glichen Gebrauch. \u2022 Weicher und dicht gestrickter Jersey aus Baumwolle und Polyester (320 g\/m\u00b2) \u2022 Aussen Baumwolle und innen Polyester \u2022 Falte vorne \u2022 Elastischer Bund mit verstellbarem Kordelzug \u2022 Gummizug an den Beinabschl\u00fcssen \u2022 Zwei Seitentaschen mit Reissverschluss \u2022 Gesticktes Logo am linken [&hellip;]<\/p>\n","protected":false},"featured_media":479280,"template":"","meta":[],"product_brand":[],"product_cat":[4185],"product_tag":[],"class_list":{"0":"post-637014","1":"product","2":"type-product","3":"status-publish","4":"has-post-thumbnail","6":"product_cat-hosen","7":"pa_brand-craft-retail-sportswear","8":"pa_brand-type-sportswear","9":"pa_filter-color-blau","10":"pa_filter-color-grau","11":"pa_filter-color-schwarz","13":"first","14":"instock","15":"sale","16":"taxable","17":"shipping-taxable","18":"purchasable","19":"product-type-variable","20":"add-to-wishlist-before_image"},"exclude_global_add_ons":[],"addons":[],"acf":[],"_links":{"self":[{"href":"https:\/\/shop.kustom.ch\/fr\/wp-json\/wp\/v2\/product\/637014"}],"collection":[{"href":"https:\/\/shop.kustom.ch\/fr\/wp-json\/wp\/v2\/product"}],"about":[{"href":"https:\/\/shop.kustom.ch\/fr\/wp-json\/wp\/v2\/types\/product"}],"wp:featuredmedia":[{"embeddable":true,"href":"https:\/\/shop.kustom.ch\/fr\/wp-json\/wp\/v2\/media\/479280"}],"wp:attachment":[{"href":"https:\/\/shop.kustom.ch\/fr\/wp-json\/wp\/v2\/media?parent=637014"}],"wp:term":[{"taxonomy":"product_brand","embeddable":true,"href":"https:\/\/shop.kustom.ch\/fr\/wp-json\/wp\/v2\/product_brand?post=637014"},{"taxonomy":"product_cat","embeddable":true,"href":"https:\/\/shop.kustom.ch\/fr\/wp-json\/wp\/v2\/product_cat?post=637014"},{"taxonomy":"product_tag","embeddable":true,"href":"https:\/\/shop.kustom.ch\/fr\/wp-json\/wp\/v2\/product_tag?post=637014"}],"curies":[{"name":"wp","href":"https:\/\/api.w.org\/{rel}","templated":true}]}}