{"id":636893,"date":"2025-03-22T03:37:06","date_gmt":"2025-03-22T02:37:06","guid":{"rendered":"https:\/\/shop.kustom.ch\/?post_type=product&#038;p=636893"},"modified":"2026-04-20T12:18:13","modified_gmt":"2026-04-20T11:18:13","slug":"adv-join-long-hoodie-w","status":"publish","type":"product","link":"https:\/\/shop.kustom.ch\/fr\/produit\/adv-join-long-hoodie-w\/","title":{"rendered":"ADV Join Long Hoodie W"},"content":{"rendered":"<p>Sweat \u00e0 capuche pour femmes avec une coupe plus longue et des \u00e9paules l\u00e9g\u00e8rement plus longues.<\/p>\n<p>- Jersey doux et dense en coton et polyester (320 g\/m\u00b2)<br \/>\n- Ext\u00e9rieur en coton et int\u00e9rieur en polyester<br \/>\n- L\u00e9g\u00e8rement surdimensionn\u00e9<br \/>\n- \u00c9paules recoup\u00e9es<br \/>\n- Longues fentes lat\u00e9rales de 8 pouces<br \/>\n- Poche kangourou avec poche int\u00e9rieure en filet pour t\u00e9l\u00e9phone portable<br \/>\n- Logo brod\u00e9 sur la manche gauche<br \/>\n- Coupe longue et d\u00e9contract\u00e9e<\/p>\n<p>Mati\u00e8re : Couleurs unies : 49% polyester recycl\u00e9, 46% coton, 5% \u00e9lasthanne. Couleurs m\u00e9lang\u00e9es : 44% polyester recycl\u00e9, 53% coton, 3% \u00e9lasthanne.<\/p>","protected":false},"excerpt":{"rendered":"<p>Damen-Kapuzensweat mit l\u00e4ngerer Passform und leicht \u00fcberlanger Schulterpartie. \u2022 Weicher und dicht gestrickter Jersey aus Baumwolle und Polyester (320 g\/m\u00b2) \u2022 Aussen Baumwolle und innen Polyester \u2022 Leicht \u00fcberdimensioniert \u2022 \u00dcberschnittene Schultern \u2022 Lange, 8-Zoll-Seitenschlitze \u2022 K\u00e4ngurutasche mit Netzinnentasche f\u00fcr Handy \u2022 Gesticktes Logo auf dem linken \u00c4rmel \u2022 Entspannte, lange Passform Material: Einfarbig: 49% [&hellip;]<\/p>\n","protected":false},"featured_media":479039,"template":"","meta":[],"product_brand":[],"product_cat":[4184],"product_tag":[],"class_list":{"0":"post-636893","1":"product","2":"type-product","3":"status-publish","4":"has-post-thumbnail","6":"product_cat-hoodies-pullover","7":"pa_brand-craft-retail-sportswear","8":"pa_brand-type-sportswear","9":"pa_filter-color-blau","10":"pa_filter-color-grau","11":"pa_filter-color-gruen","12":"pa_filter-color-schwarz","13":"pa_filter-color-violet","15":"first","16":"instock","17":"sale","18":"taxable","19":"shipping-taxable","20":"purchasable","21":"product-type-variable","22":"add-to-wishlist-before_image"},"exclude_global_add_ons":[],"addons":[],"acf":[],"_links":{"self":[{"href":"https:\/\/shop.kustom.ch\/fr\/wp-json\/wp\/v2\/product\/636893"}],"collection":[{"href":"https:\/\/shop.kustom.ch\/fr\/wp-json\/wp\/v2\/product"}],"about":[{"href":"https:\/\/shop.kustom.ch\/fr\/wp-json\/wp\/v2\/types\/product"}],"wp:featuredmedia":[{"embeddable":true,"href":"https:\/\/shop.kustom.ch\/fr\/wp-json\/wp\/v2\/media\/479039"}],"wp:attachment":[{"href":"https:\/\/shop.kustom.ch\/fr\/wp-json\/wp\/v2\/media?parent=636893"}],"wp:term":[{"taxonomy":"product_brand","embeddable":true,"href":"https:\/\/shop.kustom.ch\/fr\/wp-json\/wp\/v2\/product_brand?post=636893"},{"taxonomy":"product_cat","embeddable":true,"href":"https:\/\/shop.kustom.ch\/fr\/wp-json\/wp\/v2\/product_cat?post=636893"},{"taxonomy":"product_tag","embeddable":true,"href":"https:\/\/shop.kustom.ch\/fr\/wp-json\/wp\/v2\/product_tag?post=636893"}],"curies":[{"name":"wp","href":"https:\/\/api.w.org\/{rel}","templated":true}]}}