{"id":636823,"date":"2025-03-22T03:36:41","date_gmt":"2025-03-22T02:36:41","guid":{"rendered":"https:\/\/shop.kustom.ch\/?post_type=product&#038;p=636823"},"modified":"2026-03-27T14:57:04","modified_gmt":"2026-03-27T13:57:04","slug":"adv-join-fz-jacket-m","status":"publish","type":"product","link":"https:\/\/shop.kustom.ch\/fr\/produit\/adv-join-fz-jacket-m\/","title":{"rendered":"Veste ADV Join FZ M"},"content":{"rendered":"<p>Veste avec fermeture \u00e9clair sur toute la longueur, manches raglan et poche kangourou avec fermeture \u00e9clair.<\/p>\n<p>- Jersey doux et dense en coton et polyester (320 g\/m\u00b2)<br \/>\n- Ext\u00e9rieur en coton et int\u00e9rieur en polyester<br \/>\n- manches raglan<br \/>\n- Poche kangourou avec fermetures \u00e0 glissi\u00e8re dissimul\u00e9es<br \/>\n- Logo brod\u00e9 sur la manche gauche<br \/>\n- Coupe normale<\/p>\n<p>Mati\u00e8re : 49% polyester recycl\u00e9, 46% coton, 5% \u00e9lasthanne<\/p>","protected":false},"excerpt":{"rendered":"<p>Jacke mit durchgehendem Reissverschluss, Raglan\u00e4rmeln und K\u00e4nguru-Tasche mit Reissverschluss. \u2022 Weicher und dicht gestrickter Jersey aus Baumwolle und Polyester (320 g\/m\u00b2) \u2022 Aussen Baumwolle und innen Polyester \u2022 Raglan\u00e4rmel \u2022 K\u00e4ngurutasche mit verdeckten Reissverschl\u00fcssen \u2022 Gesticktes Logo auf dem linken \u00c4rmel \u2022 Normaler Schnitt Material: 49% Recycling-Polyester, 46% Baumwolle, 5% Elasthan<\/p>","protected":false},"featured_media":479689,"template":"","meta":[],"product_brand":[],"product_cat":[4191],"product_tag":[],"class_list":{"0":"post-636823","1":"product","2":"type-product","3":"status-publish","4":"has-post-thumbnail","6":"product_cat-longsleeves-sweatshirts","7":"pa_brand-craft-retail-sportswear","8":"pa_brand-type-sportswear","9":"pa_filter-color-blau","10":"pa_filter-color-grau","11":"pa_filter-color-gruen","12":"pa_filter-color-schwarz","14":"first","15":"instock","16":"sale","17":"taxable","18":"shipping-taxable","19":"purchasable","20":"product-type-variable","21":"add-to-wishlist-before_image"},"exclude_global_add_ons":[],"addons":[],"acf":[],"_links":{"self":[{"href":"https:\/\/shop.kustom.ch\/fr\/wp-json\/wp\/v2\/product\/636823"}],"collection":[{"href":"https:\/\/shop.kustom.ch\/fr\/wp-json\/wp\/v2\/product"}],"about":[{"href":"https:\/\/shop.kustom.ch\/fr\/wp-json\/wp\/v2\/types\/product"}],"wp:featuredmedia":[{"embeddable":true,"href":"https:\/\/shop.kustom.ch\/fr\/wp-json\/wp\/v2\/media\/479689"}],"wp:attachment":[{"href":"https:\/\/shop.kustom.ch\/fr\/wp-json\/wp\/v2\/media?parent=636823"}],"wp:term":[{"taxonomy":"product_brand","embeddable":true,"href":"https:\/\/shop.kustom.ch\/fr\/wp-json\/wp\/v2\/product_brand?post=636823"},{"taxonomy":"product_cat","embeddable":true,"href":"https:\/\/shop.kustom.ch\/fr\/wp-json\/wp\/v2\/product_cat?post=636823"},{"taxonomy":"product_tag","embeddable":true,"href":"https:\/\/shop.kustom.ch\/fr\/wp-json\/wp\/v2\/product_tag?post=636823"}],"curies":[{"name":"wp","href":"https:\/\/api.w.org\/{rel}","templated":true}]}}