{"id":636540,"date":"2025-03-22T03:34:53","date_gmt":"2025-03-22T02:34:53","guid":{"rendered":"https:\/\/shop.kustom.ch\/?post_type=product&#038;p=636540"},"modified":"2026-03-27T13:55:43","modified_gmt":"2026-03-27T12:55:43","slug":"adv-explore-lt-down-jkt-m","status":"publish","type":"product","link":"https:\/\/shop.kustom.ch\/fr\/produit\/adv-explore-lt-down-jkt-m\/","title":{"rendered":"ADV Explore Lt. Down Jkt M"},"content":{"rendered":"<p>La veste ADV Explore Light Down Jacket est une veste en duvet l\u00e9g\u00e8re et particuli\u00e8rement peu encombrante, qui offre une excellente isolation par temps frais. Con\u00e7ue pour une grande vari\u00e9t\u00e9 d'aventures en plein air, de la randonn\u00e9e et du camping au ski et \u00e0 l'escalade.<\/p>\n<p>Cette veste en duvet polyvalente est dot\u00e9e d'une isolation l\u00e9g\u00e8re en duvet 90\/10 qui offre un excellent rapport chaleur\/poids. Que vous affrontiez un matin d'hiver glacial ou que vous fassiez une randonn\u00e9e sur un terrain enneig\u00e9, cette veste vous offre l'isolation dont vous avez besoin pour rester au chaud et confortable. De plus, la veste est dot\u00e9e d'un tissu ext\u00e9rieur ripstop d\u00e9perlant qui garantit une fonctionnalit\u00e9 et une durabilit\u00e9 exceptionnelles. La veste dispose \u00e9galement d'une capuche ajust\u00e9e, de deux poches lat\u00e9rales zipp\u00e9es et d'une poche int\u00e9rieure zipp\u00e9e pour ranger vos effets personnels en toute s\u00e9curit\u00e9. Elle se range facilement dans sa propre poche lat\u00e9rale, dans un sac ou dans un sac \u00e0 dos et convient parfaitement comme couche ext\u00e9rieure ou comme couche interm\u00e9diaire dans des conditions vraiment froides. <\/p>\n<p>- Tissu ext\u00e9rieur ripstop hydrofuge en polyester recycl\u00e9<br \/>\n- Isolation fine et l\u00e9g\u00e8re en duvet 90\/10<br \/>\n- Design cousu canal<br \/>\n- Capuche moul\u00e9e ajust\u00e9e doubl\u00e9e de jersey polyester bross\u00e9<br \/>\n- protection du menton doubl\u00e9e de jersey polyester bross\u00e9<br \/>\n- Deux poches lat\u00e9rales avec fermeture \u00e9clair<br \/>\n- Se range dans la poche lat\u00e9rale gauche pour un gain de place consid\u00e9rable<br \/>\n- poche int\u00e9rieure avec fermeture \u00e9clair<br \/>\n- Coupe normale<\/p>\n<p>Mat\u00e9riau : corps : 100% polyamide recycl\u00e9. Rembourrage : 10% plumes, 90% duvet<\/p>","protected":false},"excerpt":{"rendered":"<p>Das ADV Explore Light Down Jacket ist eine leichte und besonders raumsparend verpackbare Daunenjacke, die an k\u00fchlen Tagen eine hervorragende Isolierung bietet. Entwickelt f\u00fcr eine Vielzahl von Outdoor-Abenteuern, von Wandern und Camping bis hin zu Skifahren und Klettern. Diese vielseitige Daunenjacke verf\u00fcgt \u00fcber eine leichte 90\/10-Daunenisolierung, die ein hervorragendes W\u00e4rme-Gewichts-Verh\u00e4ltnis bietet. Ganz gleich, ob Sie [&hellip;]<\/p>\n","protected":false},"featured_media":480666,"template":"","meta":[],"product_brand":[],"product_cat":[4186],"product_tag":[],"class_list":{"0":"post-636540","1":"product","2":"type-product","3":"status-publish","4":"has-post-thumbnail","6":"product_cat-jacken","7":"pa_brand-craft-retail-sportswear","8":"pa_brand-type-sportswear","9":"pa_filter-color-blau","10":"pa_filter-color-gruen","11":"pa_filter-color-schwarz","13":"first","14":"instock","15":"sale","16":"taxable","17":"shipping-taxable","18":"purchasable","19":"product-type-variable","20":"add-to-wishlist-before_image"},"exclude_global_add_ons":[],"addons":[],"acf":[],"_links":{"self":[{"href":"https:\/\/shop.kustom.ch\/fr\/wp-json\/wp\/v2\/product\/636540"}],"collection":[{"href":"https:\/\/shop.kustom.ch\/fr\/wp-json\/wp\/v2\/product"}],"about":[{"href":"https:\/\/shop.kustom.ch\/fr\/wp-json\/wp\/v2\/types\/product"}],"wp:featuredmedia":[{"embeddable":true,"href":"https:\/\/shop.kustom.ch\/fr\/wp-json\/wp\/v2\/media\/480666"}],"wp:attachment":[{"href":"https:\/\/shop.kustom.ch\/fr\/wp-json\/wp\/v2\/media?parent=636540"}],"wp:term":[{"taxonomy":"product_brand","embeddable":true,"href":"https:\/\/shop.kustom.ch\/fr\/wp-json\/wp\/v2\/product_brand?post=636540"},{"taxonomy":"product_cat","embeddable":true,"href":"https:\/\/shop.kustom.ch\/fr\/wp-json\/wp\/v2\/product_cat?post=636540"},{"taxonomy":"product_tag","embeddable":true,"href":"https:\/\/shop.kustom.ch\/fr\/wp-json\/wp\/v2\/product_tag?post=636540"}],"curies":[{"name":"wp","href":"https:\/\/api.w.org\/{rel}","templated":true}]}}