{"id":636539,"date":"2025-03-22T03:34:49","date_gmt":"2025-03-22T02:34:49","guid":{"rendered":"https:\/\/shop.kustom.ch\/produkt\/adv-explore-lt-down-hybrid-jkt-w\/"},"modified":"2026-03-27T13:51:43","modified_gmt":"2026-03-27T12:51:43","slug":"adv-explore-lt-down-hybrid-jkt-w","status":"publish","type":"product","link":"https:\/\/shop.kustom.ch\/fr\/produit\/adv-explore-lt-down-hybrid-jkt-w\/","title":{"rendered":"ADV Explore Lt. Down Hybrid Jkt W"},"content":{"rendered":"<p>La veste hybride ADV Explore Light Down est une veste hybride chaude et polyvalente qui convient parfaitement comme couche ext\u00e9rieure lorsque les temp\u00e9ratures sont douces ou comme couche interm\u00e9diaire sous une veste shell lorsque les conditions sont plus froides. <\/p>\n<p>Cette veste hybride isolante combine une isolation l\u00e9g\u00e8re en duvet 90\/10 sur le torse et une polaire Powerfleece bross\u00e9e sur les manches, les c\u00f4t\u00e9s et le bas du corps. Le r\u00e9sultat est une veste polyvalente qui offre une chaleur exceptionnelle, une \u00e9vacuation efficace de l'humidit\u00e9 et une libert\u00e9 de mouvement optimale lors d'activit\u00e9s physiques intenses dans des conditions froides. La veste hybride est \u00e9galement dot\u00e9e d'un dos l\u00e9g\u00e8rement allong\u00e9 pour une meilleure protection et de deux poches lat\u00e9rales zipp\u00e9es pour un rangement s\u00fbr et pratique des cl\u00e9s, du t\u00e9l\u00e9phone, des barres \u00e9nerg\u00e9tiques, etc.<\/p>\n<p>- Tissu ext\u00e9rieur ripstop hydrofuge en polyester recycl\u00e9 sur le torse et la capuche<br \/>\n- Isolation fine et l\u00e9g\u00e8re en duvet 90\/10 sur le torse et la capuche<br \/>\n- Mati\u00e8re Powerfleece bross\u00e9e sur les manches, les c\u00f4t\u00e9s et le bas du corps<br \/>\n- Dos l\u00e9g\u00e8rement inclin\u00e9<br \/>\n- Deux poches lat\u00e9rales avec fermeture \u00e9clair<br \/>\n- Coupe normale<\/p>\n<p>Mat\u00e9riau : Haut du corps : 100% polyamide recycl\u00e9. Bas du corps : 94% polyester recycl\u00e9, 6% \u00e9lasthanne. Garnissage : 10% plumes, 90% duvet<\/p>","protected":false},"excerpt":{"rendered":"<p>Das ADV Explore Light Down Hybrid Jacket ist eine warme und vielseitige Hybridjacke, die sich perfekt als Aussenschicht bei milderen Temperaturen oder als mittlere Schicht unter einer Shell-Jacke bei k\u00e4lteren Bedingungen eignet. Diese isolierende Hybridjacke kombiniert eine leichte 90\/10-Daunenisolierung am Oberk\u00f6rper mit geb\u00fcrstetem Powerfleece an \u00c4rmeln, Seiten und Unterk\u00f6rper. Das Ergebnis ist eine vielseitige Jacke, [&hellip;]<\/p>\n","protected":false},"featured_media":480762,"template":"","meta":[],"product_brand":[],"product_cat":[4186],"product_tag":[],"class_list":{"0":"post-636539","1":"product","2":"type-product","3":"status-publish","4":"has-post-thumbnail","6":"product_cat-jacken","7":"pa_brand-craft-retail-sportswear","8":"pa_brand-type-sportswear","9":"pa_filter-color-gruen","10":"pa_filter-color-schwarz","12":"first","13":"instock","14":"sale","15":"taxable","16":"shipping-taxable","17":"purchasable","18":"product-type-variable","19":"add-to-wishlist-before_image"},"exclude_global_add_ons":[],"addons":[],"acf":[],"_links":{"self":[{"href":"https:\/\/shop.kustom.ch\/fr\/wp-json\/wp\/v2\/product\/636539"}],"collection":[{"href":"https:\/\/shop.kustom.ch\/fr\/wp-json\/wp\/v2\/product"}],"about":[{"href":"https:\/\/shop.kustom.ch\/fr\/wp-json\/wp\/v2\/types\/product"}],"wp:featuredmedia":[{"embeddable":true,"href":"https:\/\/shop.kustom.ch\/fr\/wp-json\/wp\/v2\/media\/480762"}],"wp:attachment":[{"href":"https:\/\/shop.kustom.ch\/fr\/wp-json\/wp\/v2\/media?parent=636539"}],"wp:term":[{"taxonomy":"product_brand","embeddable":true,"href":"https:\/\/shop.kustom.ch\/fr\/wp-json\/wp\/v2\/product_brand?post=636539"},{"taxonomy":"product_cat","embeddable":true,"href":"https:\/\/shop.kustom.ch\/fr\/wp-json\/wp\/v2\/product_cat?post=636539"},{"taxonomy":"product_tag","embeddable":true,"href":"https:\/\/shop.kustom.ch\/fr\/wp-json\/wp\/v2\/product_tag?post=636539"}],"curies":[{"name":"wp","href":"https:\/\/api.w.org\/{rel}","templated":true}]}}