{"id":636526,"date":"2025-03-22T03:34:30","date_gmt":"2025-03-22T02:34:30","guid":{"rendered":"https:\/\/shop.kustom.ch\/?post_type=product&#038;p=636526"},"modified":"2026-03-27T14:38:32","modified_gmt":"2026-03-27T13:38:32","slug":"adv-exlore-power-fleece-vest-w","status":"publish","type":"product","link":"https:\/\/shop.kustom.ch\/fr\/produit\/adv-exlore-power-fleece-vest-w\/","title":{"rendered":"ADV Exlore Power Fleece Vest W"},"content":{"rendered":"<p>Le gilet ADV Explore Power Fleece Vest est un gilet en polaire extensible et hautement fonctionnel qui constitue un compl\u00e9ment polyvalent et indispensable \u00e0 la garde-robe de tous les fans de plein air.<\/p>\n<p>Ce gilet innovant est fabriqu\u00e9 dans une mati\u00e8re polaire extensible qui retient la chaleur et respire de mani\u00e8re exceptionnelle. Le mat\u00e9riau polaire maintient la chaleur pr\u00e8s du corps et permet \u00e0 l'humidit\u00e9 et \u00e0 la transpiration de s'\u00e9chapper pour que vous restiez au chaud, au sec et \u00e0 l'aise lors d'activit\u00e9s en plein air dans des conditions froides. De plus, le mat\u00e9riau extensible assure une excellente libert\u00e9 de mouvement. Que vous fassiez de la randonn\u00e9e, du ski ou d'autres activit\u00e9s de plein air, ce gilet vous accompagne partout et vous permet de vous pencher, de vous tourner et de vous \u00e9tirer sans \u00eatre g\u00ean\u00e9. Le gilet dispose en outre de deux poches \u00e0 fermeture \u00e9clair dans lesquelles vous pouvez facilement ranger des objets importants comme des cl\u00e9s, un t\u00e9l\u00e9phone et des snacks. Le gilet est le choix parfait pour une multitude d'activit\u00e9s - de la randonn\u00e9e et du ski \u00e0 l'utilisation quotidienne pendant la saison froide - et peut \u00eatre port\u00e9 aussi bien comme couche interm\u00e9diaire que comme couche ext\u00e9rieure.<\/p>\n<p>- Mati\u00e8re polaire super douce et extensible avec int\u00e9rieur bross\u00e9 (250 g\/m\u00b2)<br \/>\n- Deux poches lat\u00e9rales zipp\u00e9es avec poches en filet<br \/>\n- Coupe normale<\/p>\n<p>Mati\u00e8re : 94% polyester recycl\u00e9, 6% \u00e9lasthanne<\/p>","protected":false},"excerpt":{"rendered":"<p>Die ADV Explore Power Fleece Vest ist eine dehnbare und hochfunktionelle Fleece-Weste, die eine vielseitige und unverzichtbare Erg\u00e4nzung f\u00fcr die Garderobe aller Outdoor-Fans darstellt. Diese innovative Weste besteht aus einem dehnbaren Fleecematerial mit aussergew\u00f6hnlichen W\u00e4rmer\u00fcckhalte- und Atmungseigenschaften. Das Fleecematerial h\u00e4lt die W\u00e4rme dicht am K\u00f6rper und l\u00e4sst Feuchtigkeit sowie Schweiss entweichen, damit Sie bei Outdoor-Aktivit\u00e4ten [&hellip;]<\/p>\n","protected":false},"featured_media":480581,"template":"","meta":[],"product_brand":[],"product_cat":[4208],"product_tag":[],"class_list":{"0":"post-636526","1":"product","2":"type-product","3":"status-publish","4":"has-post-thumbnail","6":"product_cat-westen","7":"pa_brand-craft-retail-sportswear","8":"pa_brand-type-sportswear","9":"pa_filter-color-schwarz","11":"first","12":"instock","13":"sale","14":"taxable","15":"shipping-taxable","16":"purchasable","17":"product-type-variable","18":"add-to-wishlist-before_image"},"exclude_global_add_ons":[],"addons":[],"acf":[],"_links":{"self":[{"href":"https:\/\/shop.kustom.ch\/fr\/wp-json\/wp\/v2\/product\/636526"}],"collection":[{"href":"https:\/\/shop.kustom.ch\/fr\/wp-json\/wp\/v2\/product"}],"about":[{"href":"https:\/\/shop.kustom.ch\/fr\/wp-json\/wp\/v2\/types\/product"}],"wp:featuredmedia":[{"embeddable":true,"href":"https:\/\/shop.kustom.ch\/fr\/wp-json\/wp\/v2\/media\/480581"}],"wp:attachment":[{"href":"https:\/\/shop.kustom.ch\/fr\/wp-json\/wp\/v2\/media?parent=636526"}],"wp:term":[{"taxonomy":"product_brand","embeddable":true,"href":"https:\/\/shop.kustom.ch\/fr\/wp-json\/wp\/v2\/product_brand?post=636526"},{"taxonomy":"product_cat","embeddable":true,"href":"https:\/\/shop.kustom.ch\/fr\/wp-json\/wp\/v2\/product_cat?post=636526"},{"taxonomy":"product_tag","embeddable":true,"href":"https:\/\/shop.kustom.ch\/fr\/wp-json\/wp\/v2\/product_tag?post=636526"}],"curies":[{"name":"wp","href":"https:\/\/api.w.org\/{rel}","templated":true}]}}