{"id":636518,"date":"2025-03-22T03:34:16","date_gmt":"2025-03-22T02:34:16","guid":{"rendered":"https:\/\/shop.kustom.ch\/produkt\/adv-essence-warm-tights-w-2\/"},"modified":"2026-03-27T14:23:52","modified_gmt":"2026-03-27T13:23:52","slug":"adv-essence-warm-tights-w-2","status":"publish","type":"product","link":"https:\/\/shop.kustom.ch\/fr\/produit\/adv-essence-warm-tights-w-2\/","title":{"rendered":"Collant chaud ADV Essence W"},"content":{"rendered":"<p>Les collants ADV Essence Warm Tights 2 sont des collants d'entra\u00eenement hautement fonctionnels qui te gardent au chaud lors d'entra\u00eenements intensifs dans des conditions froides. Ces collants avanc\u00e9s sont fabriqu\u00e9s dans un tissu jersey doux et fonctionnel avec un int\u00e9rieur l\u00e9g\u00e8rement bross\u00e9 pour plus de chaleur et de confort. Ils sont \u00e9galement dot\u00e9s d'une taille \u00e9lastique avec un cordon de serrage r\u00e9glable pour un ajustement optimal et d'une petite poche zipp\u00e9e sur l'arcade arri\u00e8re pour ranger tes cl\u00e9s en toute s\u00e9curit\u00e9.<\/p>\n<p>- Tissu jersey doux, \u00e9lastique et fonctionnel en polyester recycl\u00e9 et \u00e9lasthanne<br \/>\n- Int\u00e9rieur l\u00e9g\u00e8rement bross\u00e9 pour plus de chaleur et de confort<br \/>\n- ceinture avec cordon de serrage interne r\u00e9glable<br \/>\n- poche pour t\u00e9l\u00e9phone portable avec fermeture \u00e9clair \u00e0 l'arri\u00e8re de la ceinture<br \/>\n- Impression r\u00e9fl\u00e9chissante sur le mollet<\/p>\n<p>Mat\u00e9riau : corps : polyester recycl\u00e9 77%, \u00e9lasthanne 23%<\/p>","protected":false},"excerpt":{"rendered":"<p>Die ADV Essence Warm Tights 2 sind hochfunktionelle Trainingstights, die dich bei intensiven Workouts bei kalten Bedingungen warm halten. Diese fortschrittlichen Tights bestehen aus einem weichen und funktionalen Jerseystoff mit leicht geb\u00fcrsteter Innenseite f\u00fcr zus\u00e4tzliche W\u00e4rme und Komfort. Die Tights verf\u00fcgen ausserdem \u00fcber einen elastischen Bund mit verstellbarem Kordelzug f\u00fcr eine optimale Passform und eine [&hellip;]<\/p>\n","protected":false},"featured_media":480929,"template":"","meta":[],"product_brand":[],"product_cat":[4190],"product_tag":[],"class_list":{"0":"post-636518","1":"product","2":"type-product","3":"status-publish","4":"has-post-thumbnail","6":"product_cat-leggings","7":"pa_brand-craft-retail-sportswear","8":"pa_brand-type-sportswear","9":"pa_filter-color-schwarz","11":"first","12":"instock","13":"sale","14":"taxable","15":"shipping-taxable","16":"purchasable","17":"product-type-variable","18":"add-to-wishlist-before_image"},"exclude_global_add_ons":[],"addons":[],"acf":[],"_links":{"self":[{"href":"https:\/\/shop.kustom.ch\/fr\/wp-json\/wp\/v2\/product\/636518"}],"collection":[{"href":"https:\/\/shop.kustom.ch\/fr\/wp-json\/wp\/v2\/product"}],"about":[{"href":"https:\/\/shop.kustom.ch\/fr\/wp-json\/wp\/v2\/types\/product"}],"wp:featuredmedia":[{"embeddable":true,"href":"https:\/\/shop.kustom.ch\/fr\/wp-json\/wp\/v2\/media\/480929"}],"wp:attachment":[{"href":"https:\/\/shop.kustom.ch\/fr\/wp-json\/wp\/v2\/media?parent=636518"}],"wp:term":[{"taxonomy":"product_brand","embeddable":true,"href":"https:\/\/shop.kustom.ch\/fr\/wp-json\/wp\/v2\/product_brand?post=636518"},{"taxonomy":"product_cat","embeddable":true,"href":"https:\/\/shop.kustom.ch\/fr\/wp-json\/wp\/v2\/product_cat?post=636518"},{"taxonomy":"product_tag","embeddable":true,"href":"https:\/\/shop.kustom.ch\/fr\/wp-json\/wp\/v2\/product_tag?post=636518"}],"curies":[{"name":"wp","href":"https:\/\/api.w.org\/{rel}","templated":true}]}}