{"id":636428,"date":"2025-03-22T03:33:43","date_gmt":"2025-03-22T02:33:43","guid":{"rendered":"https:\/\/shop.kustom.ch\/?post_type=product&#038;p=636428"},"modified":"2026-03-27T14:30:39","modified_gmt":"2026-03-27T13:30:39","slug":"adv-essence-ss-tee-2-m","status":"publish","type":"product","link":"https:\/\/shop.kustom.ch\/fr\/produit\/adv-essence-ss-tee-2-m\/","title":{"rendered":"ADV Essence SS Tee 2 M"},"content":{"rendered":"<p>L'ADV Essence Tee 2 est un maillot d'entra\u00eenement doux et fonctionnel qui convient \u00e0 la plupart des types d'entra\u00eenements de haute intensit\u00e9. Fabriqu\u00e9 en polyester recycl\u00e9 et en \u00e9lasthanne, ce t-shirt d'entra\u00eenement polyvalent est dot\u00e9 d'inserts en mesh et de d\u00e9tails perfor\u00e9s pour une meilleure ventilation. De plus, ce maillot d'entra\u00eenement avanc\u00e9 dispose d'un design ergonomique moul\u00e9 pour un ajustement et une libert\u00e9 de mouvement optimaux. <\/p>\n<p>- polyester recycl\u00e9 et \u00e9lasthanne<br \/>\n- Inserts en mesh et d\u00e9tails perfor\u00e9s<br \/>\n- Forme ergonomique<br \/>\n- Coupe normale<\/p>\n<p>Mati\u00e8re : corps : 91% polyester recycl\u00e9, 9% \u00e9lasthanne. Empi\u00e8cements : polyester recycl\u00e9 84%, polyester 6%, \u00e9lasthanne 10%<\/p>","protected":false},"excerpt":{"rendered":"<p>Das ADV Essence Tee 2 ist ein weiches und funktionelles Trainingsshirt, das sich f\u00fcr die meisten Arten von hochintensiven Workouts eignet. Dieses vielseitige Trainingsshirt besteht aus Recycling-Polyester und Elasthan und verf\u00fcgt \u00fcber Mesh-Eins\u00e4tze sowie perforierte Details f\u00fcr verbesserte Bel\u00fcftung. Dar\u00fcber hinaus verf\u00fcgt dieses fortschrittliche Trainingsshirt \u00fcber ein geformtes, ergonomisches Design f\u00fcr optimale Passform und Bewegungsfreiheit. [&hellip;]<\/p>\n","protected":false},"featured_media":479715,"template":"","meta":[],"product_brand":[],"product_cat":[4201],"product_tag":[],"class_list":{"0":"post-636428","1":"product","2":"type-product","3":"status-publish","4":"has-post-thumbnail","6":"product_cat-t-shirts","7":"pa_brand-craft-retail-sportswear","8":"pa_brand-type-sportswear","9":"pa_filter-color-blau","10":"pa_filter-color-gruen","11":"pa_filter-color-schwarz","12":"pa_filter-color-weiss","14":"first","15":"instock","16":"sale","17":"taxable","18":"shipping-taxable","19":"purchasable","20":"product-type-variable","21":"add-to-wishlist-before_image"},"exclude_global_add_ons":[],"addons":[],"acf":[],"_links":{"self":[{"href":"https:\/\/shop.kustom.ch\/fr\/wp-json\/wp\/v2\/product\/636428"}],"collection":[{"href":"https:\/\/shop.kustom.ch\/fr\/wp-json\/wp\/v2\/product"}],"about":[{"href":"https:\/\/shop.kustom.ch\/fr\/wp-json\/wp\/v2\/types\/product"}],"wp:featuredmedia":[{"embeddable":true,"href":"https:\/\/shop.kustom.ch\/fr\/wp-json\/wp\/v2\/media\/479715"}],"wp:attachment":[{"href":"https:\/\/shop.kustom.ch\/fr\/wp-json\/wp\/v2\/media?parent=636428"}],"wp:term":[{"taxonomy":"product_brand","embeddable":true,"href":"https:\/\/shop.kustom.ch\/fr\/wp-json\/wp\/v2\/product_brand?post=636428"},{"taxonomy":"product_cat","embeddable":true,"href":"https:\/\/shop.kustom.ch\/fr\/wp-json\/wp\/v2\/product_cat?post=636428"},{"taxonomy":"product_tag","embeddable":true,"href":"https:\/\/shop.kustom.ch\/fr\/wp-json\/wp\/v2\/product_tag?post=636428"}],"curies":[{"name":"wp","href":"https:\/\/api.w.org\/{rel}","templated":true}]}}