{"id":636383,"date":"2025-03-22T03:33:08","date_gmt":"2025-03-22T02:33:08","guid":{"rendered":"https:\/\/shop.kustom.ch\/produkt\/adv-essence-shorts-m\/"},"modified":"2026-03-27T15:08:44","modified_gmt":"2026-03-27T14:08:44","slug":"adv-essence-shorts-m","status":"publish","type":"product","link":"https:\/\/shop.kustom.ch\/fr\/produit\/adv-essence-shorts-m\/","title":{"rendered":"Short ADV Essence M"},"content":{"rendered":"<p>Le short ADV Essence 2 est un short d'entra\u00eenement hautement fonctionnel pour les entra\u00eenements intensifs. Le short est fabriqu\u00e9 dans un tissu l\u00e9ger en polyester recycl\u00e9 et en \u00e9lasthanne, qui assure une excellente \u00e9vacuation de l'humidit\u00e9 et une grande libert\u00e9 de mouvement. Le short dispose \u00e9galement de d\u00e9tails perfor\u00e9s pour une meilleure a\u00e9ration, d'un cordon de serrage \u00e0 la taille pour un ajustement optimal et de deux poches lat\u00e9rales pouvant accueillir deux balles de tennis.<\/p>\n<p>- Tissu stretch fonctionnel en polyester recycl\u00e9 et \u00e9lasthanne<br \/>\n- D\u00e9tails perfor\u00e9s<br \/>\n- Deux poches lat\u00e9rales spacieuses<br \/>\n- Cordon de serrage \u00e0 la taille<br \/>\n- longueur d'entrejambe d'environ 17 cm pour la taille M<br \/>\n- Coupe normale<\/p>\n<p>Mati\u00e8re : 88% polyester recycl\u00e912% \u00e9lasthanne<\/p>","protected":false},"excerpt":{"rendered":"<p>ADV Essence Shorts 2 sind hochfunktionelle Trainingsshorts f\u00fcr intensive Workouts. Die Shorts bestehen aus einem leichten Stoff aus recyceltem Polyester und Elastan, der f\u00fcr hervorragenden Feuchtigkeitstransport und Bewegungsfreiheit sorgt. Die Shorts verf\u00fcgen ausserdem \u00fcber perforierte Details f\u00fcr eine bessere Bel\u00fcftung, einen Kordelzug in der Taille f\u00fcr eine optimale Passform und zwei Seitentaschen mit Platz f\u00fcr [&hellip;]<\/p>\n","protected":false},"featured_media":625188,"template":"","meta":[],"product_brand":[],"product_cat":[4198],"product_tag":[],"class_list":{"0":"post-636383","1":"product","2":"type-product","3":"status-publish","4":"has-post-thumbnail","6":"product_cat-shorts","7":"pa_brand-craft-retail-sportswear","8":"pa_brand-type-sportswear","9":"pa_filter-color-schwarz","11":"first","12":"instock","13":"sale","14":"taxable","15":"shipping-taxable","16":"purchasable","17":"product-type-variable","18":"add-to-wishlist-before_image"},"exclude_global_add_ons":[],"addons":[],"acf":[],"_links":{"self":[{"href":"https:\/\/shop.kustom.ch\/fr\/wp-json\/wp\/v2\/product\/636383"}],"collection":[{"href":"https:\/\/shop.kustom.ch\/fr\/wp-json\/wp\/v2\/product"}],"about":[{"href":"https:\/\/shop.kustom.ch\/fr\/wp-json\/wp\/v2\/types\/product"}],"wp:featuredmedia":[{"embeddable":true,"href":"https:\/\/shop.kustom.ch\/fr\/wp-json\/wp\/v2\/media\/625188"}],"wp:attachment":[{"href":"https:\/\/shop.kustom.ch\/fr\/wp-json\/wp\/v2\/media?parent=636383"}],"wp:term":[{"taxonomy":"product_brand","embeddable":true,"href":"https:\/\/shop.kustom.ch\/fr\/wp-json\/wp\/v2\/product_brand?post=636383"},{"taxonomy":"product_cat","embeddable":true,"href":"https:\/\/shop.kustom.ch\/fr\/wp-json\/wp\/v2\/product_cat?post=636383"},{"taxonomy":"product_tag","embeddable":true,"href":"https:\/\/shop.kustom.ch\/fr\/wp-json\/wp\/v2\/product_tag?post=636383"}],"curies":[{"name":"wp","href":"https:\/\/api.w.org\/{rel}","templated":true}]}}