{"id":636373,"date":"2025-03-22T03:33:00","date_gmt":"2025-03-22T02:33:00","guid":{"rendered":"https:\/\/shop.kustom.ch\/?post_type=product&#038;p=636373"},"modified":"2026-03-27T14:01:32","modified_gmt":"2026-03-27T13:01:32","slug":"adv-essence-short-tights-2-m","status":"publish","type":"product","link":"https:\/\/shop.kustom.ch\/fr\/produit\/adv-essence-short-tights-2-m\/","title":{"rendered":"Collant court ADV Essence 2 M"},"content":{"rendered":"<p>Ces collants d'entra\u00eenement courts offrent un excellent ajustement et une excellente fonctionnalit\u00e9 lors des s\u00e9ances d'entra\u00eenement de haute intensit\u00e9. Fabriqu\u00e9s en jersey polyester \u00e9lasthanne recycl\u00e9, ces collants sont dot\u00e9s d'une taille \u00e9lastique avec cordon de serrage, d'une poche \u00e0 cl\u00e9s \u00e0 la taille et d'une grande poche pour t\u00e9l\u00e9phone portable.<\/p>\n<p>- Jersey en polyester recycl\u00e9 et \u00e9lasthanne<br \/>\n- Ceinture \u00e9lastique avec cordon de serrage<br \/>\n- Poche pour t\u00e9l\u00e9phone portable sur la jambe droite<br \/>\n- Poche \u00e0 cl\u00e9s \u00e0 la taille<\/p>\n<p>Mati\u00e8re : 72% polyester recycl\u00e9, 28% \u00e9lasthanne<\/p>","protected":false},"excerpt":{"rendered":"<p>Diese kurzen Trainingstights bieten eine hervorragende Passform und eine ausgezeichnete Funktion bei hochintensiven Trainingseinheiten. Die Tights sind aus recyceltem Polyester-Elastan-Jersey gefertigt und verf\u00fcgt \u00fcber einen elastischen Bund mit Kordelzug, eine Schl\u00fcsseltasche am Bund und eine grosse Handytasche. \u2022 Jersey aus recyceltem Polyester und Elastan \u2022 Elastischer Bund mit Kordelzug \u2022 Handytasche am rechten Bein \u2022 [&hellip;]<\/p>\n","protected":false},"featured_media":625181,"template":"","meta":[],"product_brand":[],"product_cat":[4190],"product_tag":[],"class_list":{"0":"post-636373","1":"product","2":"type-product","3":"status-publish","4":"has-post-thumbnail","6":"product_cat-leggings","7":"pa_brand-craft-retail-sportswear","8":"pa_brand-type-sportswear","9":"pa_filter-color-schwarz","11":"first","12":"instock","13":"sale","14":"taxable","15":"shipping-taxable","16":"purchasable","17":"product-type-variable","18":"add-to-wishlist-before_image"},"exclude_global_add_ons":[],"addons":[],"acf":[],"_links":{"self":[{"href":"https:\/\/shop.kustom.ch\/fr\/wp-json\/wp\/v2\/product\/636373"}],"collection":[{"href":"https:\/\/shop.kustom.ch\/fr\/wp-json\/wp\/v2\/product"}],"about":[{"href":"https:\/\/shop.kustom.ch\/fr\/wp-json\/wp\/v2\/types\/product"}],"wp:featuredmedia":[{"embeddable":true,"href":"https:\/\/shop.kustom.ch\/fr\/wp-json\/wp\/v2\/media\/625181"}],"wp:attachment":[{"href":"https:\/\/shop.kustom.ch\/fr\/wp-json\/wp\/v2\/media?parent=636373"}],"wp:term":[{"taxonomy":"product_brand","embeddable":true,"href":"https:\/\/shop.kustom.ch\/fr\/wp-json\/wp\/v2\/product_brand?post=636373"},{"taxonomy":"product_cat","embeddable":true,"href":"https:\/\/shop.kustom.ch\/fr\/wp-json\/wp\/v2\/product_cat?post=636373"},{"taxonomy":"product_tag","embeddable":true,"href":"https:\/\/shop.kustom.ch\/fr\/wp-json\/wp\/v2\/product_tag?post=636373"}],"curies":[{"name":"wp","href":"https:\/\/api.w.org\/{rel}","templated":true}]}}