{"id":636372,"date":"2025-03-22T03:33:00","date_gmt":"2025-03-22T02:33:00","guid":{"rendered":"https:\/\/shop.kustom.ch\/?post_type=product&#038;p=636372"},"modified":"2026-03-27T13:49:53","modified_gmt":"2026-03-27T12:49:53","slug":"adv-essence-merino-hat","status":"publish","type":"product","link":"https:\/\/shop.kustom.ch\/fr\/produit\/adv-essence-merino-hat\/","title":{"rendered":"Chapeau ADV Essence Merino"},"content":{"rendered":"<p>Bonnet en fine laine m\u00e9rinos, adapt\u00e9 \u00e0 toutes sortes d'activit\u00e9s de faible intensit\u00e9 par temps froid.<\/p>\n<p>Mati\u00e8re : 100% laine m\u00e9rinos<\/p>","protected":false},"excerpt":{"rendered":"<p>M\u00fctze aus feiner Merinowolle, geeignet f\u00fcr alle Arten von Aktivit\u00e4ten geringer Intensit\u00e4t bei kaltem Wetter. Material: 100% Merino Wolle<\/p>","protected":false},"featured_media":625171,"template":"","meta":[],"product_brand":[],"product_cat":[4177],"product_tag":[],"class_list":{"0":"post-636372","1":"product","2":"type-product","3":"status-publish","4":"has-post-thumbnail","6":"product_cat-caps-muetzen","7":"pa_brand-craft-retail-sportswear","8":"pa_brand-type-sportswear","9":"pa_filter-color-beige","10":"pa_filter-color-schwarz","11":"pa_filter-color-violet","13":"first","14":"instock","15":"sale","16":"taxable","17":"shipping-taxable","18":"purchasable","19":"product-type-variable","20":"add-to-wishlist-before_image"},"exclude_global_add_ons":[],"addons":[],"acf":[],"_links":{"self":[{"href":"https:\/\/shop.kustom.ch\/fr\/wp-json\/wp\/v2\/product\/636372"}],"collection":[{"href":"https:\/\/shop.kustom.ch\/fr\/wp-json\/wp\/v2\/product"}],"about":[{"href":"https:\/\/shop.kustom.ch\/fr\/wp-json\/wp\/v2\/types\/product"}],"wp:featuredmedia":[{"embeddable":true,"href":"https:\/\/shop.kustom.ch\/fr\/wp-json\/wp\/v2\/media\/625171"}],"wp:attachment":[{"href":"https:\/\/shop.kustom.ch\/fr\/wp-json\/wp\/v2\/media?parent=636372"}],"wp:term":[{"taxonomy":"product_brand","embeddable":true,"href":"https:\/\/shop.kustom.ch\/fr\/wp-json\/wp\/v2\/product_brand?post=636372"},{"taxonomy":"product_cat","embeddable":true,"href":"https:\/\/shop.kustom.ch\/fr\/wp-json\/wp\/v2\/product_cat?post=636372"},{"taxonomy":"product_tag","embeddable":true,"href":"https:\/\/shop.kustom.ch\/fr\/wp-json\/wp\/v2\/product_tag?post=636372"}],"curies":[{"name":"wp","href":"https:\/\/api.w.org\/{rel}","templated":true}]}}