{"id":636292,"date":"2025-03-22T03:32:14","date_gmt":"2025-03-22T02:32:14","guid":{"rendered":"https:\/\/shop.kustom.ch\/?post_type=product&#038;p=636292"},"modified":"2026-03-27T15:05:40","modified_gmt":"2026-03-27T14:05:40","slug":"adv-essence-2-shorts-2-m","status":"publish","type":"product","link":"https:\/\/shop.kustom.ch\/fr\/produit\/adv-essence-2-shorts-2-m\/","title":{"rendered":"ADV Essence 2\u2033 short 2 M"},"content":{"rendered":"<p>ADV Essence 2\u201d Stretch Shorts 2 sont des shorts d'entra\u00eenement imm\u00e9diatement populaires avec une coupe superbe et une excellente fonctionnalit\u00e9. Ces shorts d'entra\u00eenement avanc\u00e9s sont fabriqu\u00e9s en polyester recycl\u00e9 tr\u00e8s extensible et disposent de fentes lat\u00e9rales pour une plus grande mobilit\u00e9, ce qui en fait le v\u00eatement id\u00e9al pour la plupart des types d'activit\u00e9s physiques intenses.<\/p>\n<p>- Tissu stretch fonctionnel en polyester recycl\u00e9 et \u00e9lasthanne<br \/>\n- Pantalon int\u00e9rieur \u00e9lastique<br \/>\n- Impressions r\u00e9fl\u00e9chissantes pour une meilleure visibilit\u00e9<br \/>\n- Cordon de serrage r\u00e9glable \u00e0 la taille du pantalon<br \/>\n- Poche cach\u00e9e \u00e0 la taille<br \/>\n- longueur d'entrejambe d'environ 5,5 cm pour la taille M<\/p>\n<p>Mati\u00e8re : Corps : 90% polyester recycl\u00e9, 10% \u00e9lasthanne. Corps de doublure : 100% polyester<\/p>","protected":false},"excerpt":{"rendered":"<p>ADV Essence 2\u201d Stretch Shorts 2 sind sofort beliebte Trainingsshorts mit toller Passform und hervorragender Funktion. Diese fortschrittlichen Trainingsshorts bestehen aus recyceltem Polyester mit hoher Dehnbarkeit und verf\u00fcgen \u00fcber Seitenschlitze f\u00fcr mehr Beweglichkeit, was sie zum idealen Kleidungsst\u00fcck f\u00fcr die meisten Arten intensiver k\u00f6rperlicher Aktivit\u00e4ten macht. \u2022 Funktionelles Stretchgewebe aus recyceltem Polyester und Elasthan \u2022 [&hellip;]<\/p>\n","protected":false},"featured_media":625088,"template":"","meta":[],"product_brand":[],"product_cat":[4198],"product_tag":[],"class_list":{"0":"post-636292","1":"product","2":"type-product","3":"status-publish","4":"has-post-thumbnail","6":"product_cat-shorts","7":"pa_brand-craft-retail-sportswear","8":"pa_brand-type-sportswear","9":"pa_filter-color-schwarz","11":"first","12":"instock","13":"sale","14":"taxable","15":"shipping-taxable","16":"purchasable","17":"product-type-variable","18":"add-to-wishlist-before_image"},"exclude_global_add_ons":[],"addons":[],"acf":[],"_links":{"self":[{"href":"https:\/\/shop.kustom.ch\/fr\/wp-json\/wp\/v2\/product\/636292"}],"collection":[{"href":"https:\/\/shop.kustom.ch\/fr\/wp-json\/wp\/v2\/product"}],"about":[{"href":"https:\/\/shop.kustom.ch\/fr\/wp-json\/wp\/v2\/types\/product"}],"wp:featuredmedia":[{"embeddable":true,"href":"https:\/\/shop.kustom.ch\/fr\/wp-json\/wp\/v2\/media\/625088"}],"wp:attachment":[{"href":"https:\/\/shop.kustom.ch\/fr\/wp-json\/wp\/v2\/media?parent=636292"}],"wp:term":[{"taxonomy":"product_brand","embeddable":true,"href":"https:\/\/shop.kustom.ch\/fr\/wp-json\/wp\/v2\/product_brand?post=636292"},{"taxonomy":"product_cat","embeddable":true,"href":"https:\/\/shop.kustom.ch\/fr\/wp-json\/wp\/v2\/product_cat?post=636292"},{"taxonomy":"product_tag","embeddable":true,"href":"https:\/\/shop.kustom.ch\/fr\/wp-json\/wp\/v2\/product_tag?post=636292"}],"curies":[{"name":"wp","href":"https:\/\/api.w.org\/{rel}","templated":true}]}}