{"id":636269,"date":"2025-03-22T03:31:47","date_gmt":"2025-03-22T02:31:47","guid":{"rendered":"https:\/\/shop.kustom.ch\/?post_type=product&#038;p=636269"},"modified":"2026-03-27T14:00:19","modified_gmt":"2026-03-27T13:00:19","slug":"adv-essence-2-in-1-shorts-2-w","status":"publish","type":"product","link":"https:\/\/shop.kustom.ch\/fr\/produit\/adv-essence-2-in-1-shorts-2-w\/","title":{"rendered":"ADV Essence 2-en-1 short 2 W"},"content":{"rendered":"<p>Les shorts 2 en 1 ADV Essence 2 sont des shorts d'entra\u00eenement avanc\u00e9s en tissu stretch tiss\u00e9, con\u00e7us pour la plupart des types d'activit\u00e9s physiques intenses. Ce short hautement fonctionnel est dot\u00e9 d'un pantalon int\u00e9rieur, d'une large ceinture en jersey avec cordon de serrage, d'une poche pour t\u00e9l\u00e9phone et d'une petite poche pour les cl\u00e9s. <\/p>\n<p>- Tissu stretch fonctionnel en polyester recycl\u00e9 et \u00e9lasthanne<br \/>\n- collants int\u00e9rieurs pour un maintien optimal<br \/>\n- Large ceinture \u00e9lastique en jersey<br \/>\n- Cordon de serrage r\u00e9glable \u00e0 la taille du pantalon<br \/>\n- poche pour t\u00e9l\u00e9phone sur le pantalon int\u00e9rieur<br \/>\n- Poche \u00e0 cl\u00e9s<br \/>\n- Impressions r\u00e9fl\u00e9chissantes<br \/>\n- longueur d'entrejambe d'environ 9 cm pour la taille M<\/p>\n<p>Mat\u00e9riau : Corps : 100% polyester recycl\u00e9.  Doublure : 77% polyester recycl\u00e9, 23% \u00e9lasthanne<\/p>","protected":false},"excerpt":{"rendered":"<p>ADV Essence 2-in-1 Shorts 2 sind fortschrittliche Trainingsshorts aus gewebtem Stretchmaterial, die f\u00fcr die meisten Arten intensiver k\u00f6rperlicher Aktivit\u00e4ten entwickelt wurden. Diese hochfunktionellen Shorts verf\u00fcgen \u00fcber eine Innenhose, einen breiten Jersey-Bund mit Kordelzug, eine Telefontasche und eine kleine Schl\u00fcsseltasche. \u2022 Funktionelles Stretchgewebe aus recyceltem Polyester und Elasthan \u2022 Innentights f\u00fcr optimalen Halt \u2022 Breiter elastischer [&hellip;]<\/p>\n","protected":false},"featured_media":625080,"template":"","meta":[],"product_brand":[],"product_cat":[4198],"product_tag":[],"class_list":{"0":"post-636269","1":"product","2":"type-product","3":"status-publish","4":"has-post-thumbnail","6":"product_cat-shorts","7":"pa_brand-craft-retail-sportswear","8":"pa_brand-type-sportswear","9":"pa_filter-color-schwarz","11":"first","12":"instock","13":"sale","14":"taxable","15":"shipping-taxable","16":"purchasable","17":"product-type-variable","18":"add-to-wishlist-before_image"},"exclude_global_add_ons":[],"addons":[],"acf":[],"_links":{"self":[{"href":"https:\/\/shop.kustom.ch\/fr\/wp-json\/wp\/v2\/product\/636269"}],"collection":[{"href":"https:\/\/shop.kustom.ch\/fr\/wp-json\/wp\/v2\/product"}],"about":[{"href":"https:\/\/shop.kustom.ch\/fr\/wp-json\/wp\/v2\/types\/product"}],"wp:featuredmedia":[{"embeddable":true,"href":"https:\/\/shop.kustom.ch\/fr\/wp-json\/wp\/v2\/media\/625080"}],"wp:attachment":[{"href":"https:\/\/shop.kustom.ch\/fr\/wp-json\/wp\/v2\/media?parent=636269"}],"wp:term":[{"taxonomy":"product_brand","embeddable":true,"href":"https:\/\/shop.kustom.ch\/fr\/wp-json\/wp\/v2\/product_brand?post=636269"},{"taxonomy":"product_cat","embeddable":true,"href":"https:\/\/shop.kustom.ch\/fr\/wp-json\/wp\/v2\/product_cat?post=636269"},{"taxonomy":"product_tag","embeddable":true,"href":"https:\/\/shop.kustom.ch\/fr\/wp-json\/wp\/v2\/product_tag?post=636269"}],"curies":[{"name":"wp","href":"https:\/\/api.w.org\/{rel}","templated":true}]}}