{"id":636267,"date":"2025-03-22T03:31:46","date_gmt":"2025-03-22T02:31:46","guid":{"rendered":"https:\/\/shop.kustom.ch\/?post_type=product&#038;p=636267"},"modified":"2026-03-27T13:55:23","modified_gmt":"2026-03-27T12:55:23","slug":"adv-entity-wash-bag-small","status":"publish","type":"product","link":"https:\/\/shop.kustom.ch\/fr\/produit\/adv-entity-wash-bag-small\/","title":{"rendered":"ADV Entity Wash Bag Small"},"content":{"rendered":"<p>Petite trousse de toilette pratique pouvant contenir le strict minimum d'accessoires. Fabriqu\u00e9e en tissu ripstop l\u00e9ger et dot\u00e9e de deux compartiments avec ouverture zipp\u00e9e.<\/p>\n<p>- Tissu ripstop l\u00e9ger<br \/>\n- Grand compartiment avec ouverture zipp\u00e9e<br \/>\n- Petit compartiment avec ouverture zipp\u00e9e<br \/>\n- poign\u00e9e \u00e0 l'ext\u00e9rieur<\/p>\n<p>Mati\u00e8re : 100% polyester recycl\u00e9<\/p>","protected":false},"excerpt":{"rendered":"<p>Kleiner und praktischer Kulturbeutel, in den das N\u00f6tigste an Accessoires passt. Hergestellt aus leichtem Ripstop-Gewebe und mit zwei F\u00e4chern mit Reissverschluss\u00f6ffnung. \u2022 Leichtes Ripstop-Gewebe \u2022 Grosses Fach mit Reissverschluss\u00f6ffnung \u2022 Kleines Fach mit Reissverschluss\u00f6ffnung \u2022 Griff an der Aussenseite Material: 100% Recycling-Polyester<\/p>","protected":false},"featured_media":479704,"template":"","meta":[],"product_brand":[],"product_cat":[4209],"product_tag":[],"class_list":{"0":"post-636267","1":"product","2":"type-product","3":"status-publish","4":"has-post-thumbnail","6":"product_cat-zubehoer","7":"pa_brand-craft-retail-sportswear","8":"pa_brand-type-sportswear","9":"pa_filter-color-gruen","10":"pa_filter-color-schwarz","12":"first","13":"instock","14":"sale","15":"taxable","16":"shipping-taxable","17":"purchasable","18":"product-type-variable","19":"add-to-wishlist-before_image"},"exclude_global_add_ons":[],"addons":[],"acf":[],"_links":{"self":[{"href":"https:\/\/shop.kustom.ch\/fr\/wp-json\/wp\/v2\/product\/636267"}],"collection":[{"href":"https:\/\/shop.kustom.ch\/fr\/wp-json\/wp\/v2\/product"}],"about":[{"href":"https:\/\/shop.kustom.ch\/fr\/wp-json\/wp\/v2\/types\/product"}],"wp:featuredmedia":[{"embeddable":true,"href":"https:\/\/shop.kustom.ch\/fr\/wp-json\/wp\/v2\/media\/479704"}],"wp:attachment":[{"href":"https:\/\/shop.kustom.ch\/fr\/wp-json\/wp\/v2\/media?parent=636267"}],"wp:term":[{"taxonomy":"product_brand","embeddable":true,"href":"https:\/\/shop.kustom.ch\/fr\/wp-json\/wp\/v2\/product_brand?post=636267"},{"taxonomy":"product_cat","embeddable":true,"href":"https:\/\/shop.kustom.ch\/fr\/wp-json\/wp\/v2\/product_cat?post=636267"},{"taxonomy":"product_tag","embeddable":true,"href":"https:\/\/shop.kustom.ch\/fr\/wp-json\/wp\/v2\/product_tag?post=636267"}],"curies":[{"name":"wp","href":"https:\/\/api.w.org\/{rel}","templated":true}]}}