{"id":636266,"date":"2025-03-22T03:31:46","date_gmt":"2025-03-22T02:31:46","guid":{"rendered":"https:\/\/shop.kustom.ch\/?post_type=product&#038;p=636266"},"modified":"2026-03-27T13:54:18","modified_gmt":"2026-03-27T12:54:18","slug":"adv-entity-wash-bag-medium","status":"publish","type":"product","link":"https:\/\/shop.kustom.ch\/fr\/produit\/adv-entity-wash-bag-medium\/","title":{"rendered":"ADV Entity Wash Bag moyen"},"content":{"rendered":"<p>Grande trousse de toilette pratique pouvant contenir les objets les plus importants. Compartiment principal avec plusieurs poches int\u00e9rieures. Rabat \u00e0 l'int\u00e9rieur du compartiment principal pour suspendre la trousse de toilette dans la salle de bain.<\/p>\n<p>- Tissu ripstop l\u00e9ger<br \/>\n- Un grand compartiment principal<br \/>\n- Trois petits compartiments<br \/>\n- Une poche \u00e0 fermeture \u00e9clair<br \/>\n- poign\u00e9e \u00e0 l'ext\u00e9rieur<br \/>\n- Crochets \u00e0 l'int\u00e9rieur<\/p>\n<p>Mati\u00e8re : 100% polyester recycl\u00e9<\/p>","protected":false},"excerpt":{"rendered":"<p>Praktisches, grosses Necessaire, in das die wichtigsten Gegenst\u00e4nde passen. Hauptfach mit mehreren Innentaschen. Klappe an der Innenseite des Hauptfachs zum Aufh\u00e4ngen des Necessaires im Badezimmer. \u2022 Leichtes Ripstop-Gewebe \u2022 Ein grosses Hauptfach \u2022 Drei kleinere F\u00e4cher \u2022 Eine Reissverschlusstasche \u2022 Griff an der Aussenseite \u2022 Haken an der Innenseite Material: 100% Recycling-Polyester<\/p>","protected":false},"featured_media":479700,"template":"","meta":[],"product_brand":[],"product_cat":[4209],"product_tag":[],"class_list":{"0":"post-636266","1":"product","2":"type-product","3":"status-publish","4":"has-post-thumbnail","6":"product_cat-zubehoer","7":"pa_brand-craft-retail-sportswear","8":"pa_brand-type-sportswear","9":"pa_filter-color-gruen","10":"pa_filter-color-schwarz","12":"first","13":"instock","14":"sale","15":"taxable","16":"shipping-taxable","17":"purchasable","18":"product-type-variable","19":"add-to-wishlist-before_image"},"exclude_global_add_ons":[],"addons":[],"acf":[],"_links":{"self":[{"href":"https:\/\/shop.kustom.ch\/fr\/wp-json\/wp\/v2\/product\/636266"}],"collection":[{"href":"https:\/\/shop.kustom.ch\/fr\/wp-json\/wp\/v2\/product"}],"about":[{"href":"https:\/\/shop.kustom.ch\/fr\/wp-json\/wp\/v2\/types\/product"}],"wp:featuredmedia":[{"embeddable":true,"href":"https:\/\/shop.kustom.ch\/fr\/wp-json\/wp\/v2\/media\/479700"}],"wp:attachment":[{"href":"https:\/\/shop.kustom.ch\/fr\/wp-json\/wp\/v2\/media?parent=636266"}],"wp:term":[{"taxonomy":"product_brand","embeddable":true,"href":"https:\/\/shop.kustom.ch\/fr\/wp-json\/wp\/v2\/product_brand?post=636266"},{"taxonomy":"product_cat","embeddable":true,"href":"https:\/\/shop.kustom.ch\/fr\/wp-json\/wp\/v2\/product_cat?post=636266"},{"taxonomy":"product_tag","embeddable":true,"href":"https:\/\/shop.kustom.ch\/fr\/wp-json\/wp\/v2\/product_tag?post=636266"}],"curies":[{"name":"wp","href":"https:\/\/api.w.org\/{rel}","templated":true}]}}