{"id":636246,"date":"2025-03-22T03:31:26","date_gmt":"2025-03-22T02:31:26","guid":{"rendered":"https:\/\/shop.kustom.ch\/?post_type=product&#038;p=636246"},"modified":"2026-03-27T14:18:26","modified_gmt":"2026-03-27T13:18:26","slug":"adv-endur-shorts-m","status":"publish","type":"product","link":"https:\/\/shop.kustom.ch\/fr\/produit\/adv-endur-shorts-m\/","title":{"rendered":"Short ADV Endur M"},"content":{"rendered":"<p>Les shorts ADV Endurance sont des shorts de v\u00e9lo hautement fonctionnels pour les sportifs engag\u00e9s qui roulent avec d\u00e9termination plusieurs fois par semaine.<\/p>\n<p>Ce short de cyclisme moderne est compos\u00e9 d'un tissu en polyamide recycl\u00e9 qui offre un excellent contr\u00f4le du corps et une \u00e9vacuation de l'humidit\u00e9. De plus, les shorts de v\u00e9lo disposent d'une coupe ergonomique pour une position assise correcte et d'un rembourrage C2 pour un grand confort m\u00eame lors de longs trajets.<\/p>\n<p>Infinity C2 - pad tr\u00e8s fonctionnel pour les coureurs engag\u00e9s<br \/>\nInfinity C2 offre d'excellentes fonctionnalit\u00e9s et constitue un excellent choix pour les coureurs qui s'entra\u00eenent dur toute l'ann\u00e9e. Le pad est compos\u00e9 de trois couches. La deuxi\u00e8me et la troisi\u00e8me couche sont fabriqu\u00e9es \u00e0 partir de mousses de moyenne et haute densit\u00e9. Ces deux couches forment une combinaison parfaite qui amortit et absorbe l'\u00e9nergie, puis la dissipe comme un syst\u00e8me antichoc. La couche proche de la peau est compos\u00e9e d'un tissu polyester de haute qualit\u00e9 qui se caract\u00e9rise par de grandes propri\u00e9t\u00e9s de stretch quadri-directionnel et offre une excellente \u00e9vacuation de l'humidit\u00e9.<\/p>\n<p>Gr\u00e2ce \u00e0 l'\u00e9lasticit\u00e9 quadridirectionnelle du tissu, le pad suit les mouvements du corps pour un confort et une fonctionnalit\u00e9 optimaux.<br \/>\n- Tissu en polyamide recycl\u00e9<br \/>\n- Design ergonomique pour un ajustement parfait en position de conduite<br \/>\n- Les bas de jambes \u00e9lastiques avec impression en silicone maintiennent le cuissard \u00e0 bretelles en place - Infinity C2 Pad pour hommes<\/p>\n<p>Mat\u00e9riau : Corps : 78% polyamide recycl\u00e9, 22% \u00e9lasthanne. Doublure du haut du corps : 95% polyester recycl\u00e9, 5% \u00e9lasthanne<\/p>","protected":false},"excerpt":{"rendered":"<p>ADV Endurance Shorts sind hochfunktionelle Fahrradshorts f\u00fcr engagierte Sportler, die mehrmals pro Woche zielstrebig fahren. Diese modernen Fahrradshorts bestehen aus einem recycelten Polyamidgewebe, das eine hervorragende K\u00f6rperkontrolle und Feuchtigkeitstransport bietet. Dar\u00fcber hinaus verf\u00fcgen die Fahrradshorts \u00fcber eine ergonomische Passform f\u00fcr die richtige Sitzposition und ein C2-Polster f\u00fcr hohen Komfort auch bei langen Fahrten. Infinity C2 [&hellip;]<\/p>\n","protected":false},"featured_media":625030,"template":"","meta":[],"product_brand":[],"product_cat":[4198],"product_tag":[],"class_list":{"0":"post-636246","1":"product","2":"type-product","3":"status-publish","4":"has-post-thumbnail","6":"product_cat-shorts","7":"pa_brand-craft-retail-sportswear","8":"pa_brand-type-sportswear","9":"pa_filter-color-schwarz","11":"first","12":"instock","13":"sale","14":"taxable","15":"shipping-taxable","16":"purchasable","17":"product-type-variable","18":"add-to-wishlist-before_image"},"exclude_global_add_ons":[],"addons":[],"acf":[],"_links":{"self":[{"href":"https:\/\/shop.kustom.ch\/fr\/wp-json\/wp\/v2\/product\/636246"}],"collection":[{"href":"https:\/\/shop.kustom.ch\/fr\/wp-json\/wp\/v2\/product"}],"about":[{"href":"https:\/\/shop.kustom.ch\/fr\/wp-json\/wp\/v2\/types\/product"}],"wp:featuredmedia":[{"embeddable":true,"href":"https:\/\/shop.kustom.ch\/fr\/wp-json\/wp\/v2\/media\/625030"}],"wp:attachment":[{"href":"https:\/\/shop.kustom.ch\/fr\/wp-json\/wp\/v2\/media?parent=636246"}],"wp:term":[{"taxonomy":"product_brand","embeddable":true,"href":"https:\/\/shop.kustom.ch\/fr\/wp-json\/wp\/v2\/product_brand?post=636246"},{"taxonomy":"product_cat","embeddable":true,"href":"https:\/\/shop.kustom.ch\/fr\/wp-json\/wp\/v2\/product_cat?post=636246"},{"taxonomy":"product_tag","embeddable":true,"href":"https:\/\/shop.kustom.ch\/fr\/wp-json\/wp\/v2\/product_tag?post=636246"}],"curies":[{"name":"wp","href":"https:\/\/api.w.org\/{rel}","templated":true}]}}