{"id":636223,"date":"2025-03-22T03:31:06","date_gmt":"2025-03-22T02:31:06","guid":{"rendered":"https:\/\/shop.kustom.ch\/?post_type=product&#038;p=636223"},"modified":"2026-03-27T13:43:15","modified_gmt":"2026-03-27T12:43:15","slug":"adv-endur-hydro-lumen-jacket-w","status":"publish","type":"product","link":"https:\/\/shop.kustom.ch\/fr\/produit\/adv-endur-hydro-lumen-jacket-w\/","title":{"rendered":"Veste Adv Endur Hydro Lumen W"},"content":{"rendered":"<p>La veste ADV Hydro Lumen Jacket 2 est une veste de v\u00e9lo coupe-vent et imperm\u00e9able \u00e0 l'aspect r\u00e9fl\u00e9chissant et accrocheur, con\u00e7ue pour une conduite intensive dans des conditions humides. Cette veste de v\u00e9lo techniquement avanc\u00e9e est fabriqu\u00e9e dans un tissu iris\u00e9, extensible, imperm\u00e9able au vent et \u00e0 l'eau et dispose de coutures scell\u00e9es pour une protection optimale contre les intemp\u00e9ries. Le tissu ext\u00e9rieur iris\u00e9 de la veste peut capter et refl\u00e9ter la lumi\u00e8re, ce qui offre une s\u00e9curit\u00e9 suppl\u00e9mentaire lors de vos sorties, en particulier dans des conditions de faible luminosit\u00e9. Le v\u00eatement dispose \u00e9galement d'ouvertures d'a\u00e9ration aux aisselles et dans le dos afin de garantir une r\u00e9gulation efficace de la temp\u00e9rature du corps. Facile \u00e0 ranger dans la poche de votre maillot.<\/p>\n<p>- Tissu ext\u00e9rieur iris\u00e9 et r\u00e9fl\u00e9chissant<br \/>\n- Tissu \u00e9lastique \u00e0 2 couches, coupe-vent et imperm\u00e9able<br \/>\n- Fabriqu\u00e9 \u00e0 partir de polyester recycl\u00e9<br \/>\n- Coutures scell\u00e9es<br \/>\n- fermeture \u00e0 glissi\u00e8re frontale \u00e9tanche en Vislon avec rabat coupe-vent int\u00e9rieur<br \/>\n- Manches et \u00e9paules pr\u00e9form\u00e9es<br \/>\n- Ouvertures d'a\u00e9ration se chevauchant aux aisselles et au dos<br \/>\n- Deux poches arri\u00e8re avec fermeture \u00e9clair<br \/>\n- Coupe normale<\/p>\n<p>Mat\u00e9riau : Corps : 100% polyester recycl\u00e9. Doublure : 87% polyester recycl\u00e9, 13% \u00e9lasthanne<\/p>","protected":false},"excerpt":{"rendered":"<p>ADV Hydro Lumen Jacket 2 ist eine wind- und wasserdichte Fahrradjacke mit einem reflektierenden, auff\u00e4lligen Aussehen, das f\u00fcr intensive Fahrten bei nassen Bedingungen ausgelegt ist. Diese technisch fortschrittliche Fahrradjacke besteht aus einem irisierenden, dehnbaren, wind- und wasserdichten Stoff und verf\u00fcgt \u00fcber versiegelte N\u00e4hte f\u00fcr optimalen Wetterschutz. Der irisierende Aussenstoff der Jacke kann Licht einfangen und [&hellip;]<\/p>\n","protected":false},"featured_media":480342,"template":"","meta":[],"product_brand":[],"product_cat":[4186],"product_tag":[],"class_list":{"0":"post-636223","1":"product","2":"type-product","3":"status-publish","4":"has-post-thumbnail","6":"product_cat-jacken","7":"pa_brand-craft-retail-sportswear","8":"pa_brand-type-sportswear","9":"pa_filter-color-grau","11":"first","12":"instock","13":"sale","14":"taxable","15":"shipping-taxable","16":"purchasable","17":"product-type-variable","18":"add-to-wishlist-before_image"},"exclude_global_add_ons":[],"addons":[],"acf":[],"_links":{"self":[{"href":"https:\/\/shop.kustom.ch\/fr\/wp-json\/wp\/v2\/product\/636223"}],"collection":[{"href":"https:\/\/shop.kustom.ch\/fr\/wp-json\/wp\/v2\/product"}],"about":[{"href":"https:\/\/shop.kustom.ch\/fr\/wp-json\/wp\/v2\/types\/product"}],"wp:featuredmedia":[{"embeddable":true,"href":"https:\/\/shop.kustom.ch\/fr\/wp-json\/wp\/v2\/media\/480342"}],"wp:attachment":[{"href":"https:\/\/shop.kustom.ch\/fr\/wp-json\/wp\/v2\/media?parent=636223"}],"wp:term":[{"taxonomy":"product_brand","embeddable":true,"href":"https:\/\/shop.kustom.ch\/fr\/wp-json\/wp\/v2\/product_brand?post=636223"},{"taxonomy":"product_cat","embeddable":true,"href":"https:\/\/shop.kustom.ch\/fr\/wp-json\/wp\/v2\/product_cat?post=636223"},{"taxonomy":"product_tag","embeddable":true,"href":"https:\/\/shop.kustom.ch\/fr\/wp-json\/wp\/v2\/product_tag?post=636223"}],"curies":[{"name":"wp","href":"https:\/\/api.w.org\/{rel}","templated":true}]}}