{"id":636211,"date":"2025-03-22T03:30:52","date_gmt":"2025-03-22T02:30:52","guid":{"rendered":"https:\/\/shop.kustom.ch\/?post_type=product&#038;p=636211"},"modified":"2026-03-27T13:47:20","modified_gmt":"2026-03-27T12:47:20","slug":"adv-endur-graphic-jersey-w-2","status":"publish","type":"product","link":"https:\/\/shop.kustom.ch\/fr\/produit\/adv-endur-graphic-jersey-w-2\/","title":{"rendered":"ADV Endur Graphic Jersey W"},"content":{"rendered":"<p>Le maillot ADV Endur Graphic est un maillot de cyclisme hautement fonctionnel, con\u00e7u pour les sportifs ambitieux qui s'entra\u00eenent de mani\u00e8re cibl\u00e9e plusieurs jours par semaine.<\/p>\n<p>Ce maillot de cyclisme moderne est fabriqu\u00e9 dans un mat\u00e9riau doux et \u00e9lastique et se caract\u00e9rise par une excellente \u00e9vacuation de l'humidit\u00e9 lors des sorties intensives. Des inserts en mesh am\u00e9liorent la ventilation et le refroidissement, tandis qu'une impression en silicone sur l'ourlet arri\u00e8re permet au maillot de ne pas glisser. De plus, le maillot poss\u00e8de quatre poches \u00e0 l'arri\u00e8re pour un rangement efficace.<\/p>\n<p>- Mat\u00e9riau hautement fonctionnel en polyester recycl\u00e9<br \/>\n- Inserts en filet d'a\u00e9ration en haut du dos, sur les c\u00f4t\u00e9s et en bas du dos<br \/>\n- Quatre poches arri\u00e8re (dont une avec fermeture \u00e0 glissi\u00e8re)<br \/>\n- \u00c9lastique avec impression en silicone \u00e0 l'arri\u00e8re de l'ourlet inf\u00e9rieur<br \/>\n- Coupe ajust\u00e9e<\/p>\n<p>Mati\u00e8re : corps : 86% polyester recycl\u00e9, 14% \u00e9lasthanne. Empi\u00e8cements lat\u00e9raux : 87% polyester recycl\u00e9, 13% \u00e9lasthanne<\/p>","protected":false},"excerpt":{"rendered":"<p>Das ADV Endur Graphic Jersey ist ein hochfunktionelles Fahrradtrikot, das f\u00fcr ambitionierte Sportler entwickelt wurde, die mehrere Tage pro Woche zielgerichtet trainieren. Dieses moderne Fahrrad-Trikot ist aus weichem, elastischem Material hergestellt und zeichnet sich durch einen hervorragenden Feuchtigkeitstransport bei intensiven Fahrten aus. Mesh-Eins\u00e4tze verbessern die Bel\u00fcftung und K\u00fchlung, w\u00e4hrend ein Silikonprint am hinteren Saum daf\u00fcr [&hellip;]<\/p>\n","protected":false},"featured_media":624995,"template":"","meta":[],"product_brand":[],"product_cat":[4201],"product_tag":[],"class_list":{"0":"post-636211","1":"product","2":"type-product","3":"status-publish","4":"has-post-thumbnail","6":"product_cat-t-shirts","7":"pa_brand-craft-retail-sportswear","8":"pa_brand-type-sportswear","9":"pa_filter-color-pink","11":"first","12":"instock","13":"sale","14":"taxable","15":"shipping-taxable","16":"purchasable","17":"product-type-variable","18":"add-to-wishlist-before_image"},"exclude_global_add_ons":[],"addons":[],"acf":[],"_links":{"self":[{"href":"https:\/\/shop.kustom.ch\/fr\/wp-json\/wp\/v2\/product\/636211"}],"collection":[{"href":"https:\/\/shop.kustom.ch\/fr\/wp-json\/wp\/v2\/product"}],"about":[{"href":"https:\/\/shop.kustom.ch\/fr\/wp-json\/wp\/v2\/types\/product"}],"wp:featuredmedia":[{"embeddable":true,"href":"https:\/\/shop.kustom.ch\/fr\/wp-json\/wp\/v2\/media\/624995"}],"wp:attachment":[{"href":"https:\/\/shop.kustom.ch\/fr\/wp-json\/wp\/v2\/media?parent=636211"}],"wp:term":[{"taxonomy":"product_brand","embeddable":true,"href":"https:\/\/shop.kustom.ch\/fr\/wp-json\/wp\/v2\/product_brand?post=636211"},{"taxonomy":"product_cat","embeddable":true,"href":"https:\/\/shop.kustom.ch\/fr\/wp-json\/wp\/v2\/product_cat?post=636211"},{"taxonomy":"product_tag","embeddable":true,"href":"https:\/\/shop.kustom.ch\/fr\/wp-json\/wp\/v2\/product_tag?post=636211"}],"curies":[{"name":"wp","href":"https:\/\/api.w.org\/{rel}","templated":true}]}}