{"id":636210,"date":"2025-03-22T03:30:52","date_gmt":"2025-03-22T02:30:52","guid":{"rendered":"https:\/\/shop.kustom.ch\/?post_type=product&#038;p=636210"},"modified":"2026-04-16T08:18:53","modified_gmt":"2026-04-16T07:18:53","slug":"adv-endur-bike-cap","status":"publish","type":"product","link":"https:\/\/shop.kustom.ch\/fr\/produit\/adv-endur-bike-cap\/","title":{"rendered":"Casquette ADV Endur Bike"},"content":{"rendered":"<p>Casquette de v\u00e9lo classique en polyester recycl\u00e9 avec \u00e9vacuation id\u00e9ale de l'humidit\u00e9 et confort. Coupe ergonomique.<br \/>\n- Coupe ergonomique<br \/>\n-polyester recycl\u00e9 pour un excellent transfert d'humidit\u00e9<\/p>\n<p>Mati\u00e8re : 100% polyester recycl\u00e9<\/p>","protected":false},"excerpt":{"rendered":"<p>Klassisches Bike-Cap aus recyceltem Polyester mit idealem Feuchtigkeitstransport und Komfort. Ergonomische Passform. \u2022 Ergonomische Passform \u2022Recycling-Polyester f\u00fcr einen hervorragenden Feuchtigkeitstransport Material: 100% Recycling-Polyester<\/p>","protected":false},"featured_media":624991,"template":"","meta":[],"product_brand":[],"product_cat":[4177],"product_tag":[],"class_list":{"0":"post-636210","1":"product","2":"type-product","3":"status-publish","4":"has-post-thumbnail","6":"product_cat-caps-muetzen","7":"pa_brand-craft-retail-sportswear","8":"pa_brand-type-sportswear","9":"pa_filter-color-blau","10":"pa_filter-color-pink","12":"first","13":"instock","14":"sale","15":"taxable","16":"shipping-taxable","17":"purchasable","18":"product-type-variable","19":"add-to-wishlist-before_image"},"exclude_global_add_ons":[],"addons":[],"acf":[],"_links":{"self":[{"href":"https:\/\/shop.kustom.ch\/fr\/wp-json\/wp\/v2\/product\/636210"}],"collection":[{"href":"https:\/\/shop.kustom.ch\/fr\/wp-json\/wp\/v2\/product"}],"about":[{"href":"https:\/\/shop.kustom.ch\/fr\/wp-json\/wp\/v2\/types\/product"}],"wp:featuredmedia":[{"embeddable":true,"href":"https:\/\/shop.kustom.ch\/fr\/wp-json\/wp\/v2\/media\/624991"}],"wp:attachment":[{"href":"https:\/\/shop.kustom.ch\/fr\/wp-json\/wp\/v2\/media?parent=636210"}],"wp:term":[{"taxonomy":"product_brand","embeddable":true,"href":"https:\/\/shop.kustom.ch\/fr\/wp-json\/wp\/v2\/product_brand?post=636210"},{"taxonomy":"product_cat","embeddable":true,"href":"https:\/\/shop.kustom.ch\/fr\/wp-json\/wp\/v2\/product_cat?post=636210"},{"taxonomy":"product_tag","embeddable":true,"href":"https:\/\/shop.kustom.ch\/fr\/wp-json\/wp\/v2\/product_tag?post=636210"}],"curies":[{"name":"wp","href":"https:\/\/api.w.org\/{rel}","templated":true}]}}