{"id":636182,"date":"2025-03-22T03:30:37","date_gmt":"2025-03-22T02:30:37","guid":{"rendered":"https:\/\/shop.kustom.ch\/?post_type=product&#038;p=636182"},"modified":"2026-03-30T12:31:34","modified_gmt":"2026-03-30T11:31:34","slug":"adv-charge-perforated-tee-w","status":"publish","type":"product","link":"https:\/\/shop.kustom.ch\/fr\/produit\/adv-charge-perforated-tee-w\/","title":{"rendered":"ADV Charge Tee perfor\u00e9 W"},"content":{"rendered":"<p>L'ADV Tone Perforated Tee est un t-shirt d'entra\u00eenement hautement fonctionnel con\u00e7u pour la plupart des types d'entra\u00eenements de haute intensit\u00e9.<\/p>\n<p>Ce t-shirt d'entra\u00eenement avanc\u00e9 est fabriqu\u00e9 dans un tissu jersey extensible et \u00e0 s\u00e9chage rapide, qui assure une \u00e9vacuation efficace de l'humidit\u00e9 lors d'activit\u00e9s physiques intenses. La conception ergonomique du v\u00eatement, associ\u00e9e \u00e0 sa grande \u00e9lasticit\u00e9, garantit une excellente libert\u00e9 de mouvement et un confort optimal. De plus, le t-shirt est dot\u00e9 d'ouvertures d'a\u00e9ration perfor\u00e9es \u00e0 l'avant et \u00e0 l'arri\u00e8re pour une meilleure r\u00e9gulation de la temp\u00e9rature corporelle.<\/p>\n<p>- Tissu stretch doux en polyamide recycl\u00e9 et \u00e9lasthanne<br \/>\n- A\u00e9ration perfor\u00e9e \u00e0 l'avant et \u00e0 l'arri\u00e8re<br \/>\n- Coupe normale<\/p>\n<p>Mati\u00e8re : 85% polyester 15% \u00e9lasthanne<\/p>","protected":false},"excerpt":{"rendered":"<p>Das ADV Tone Perforated Tee ist ein hochfunktionelles Trainings-T-Shirt, das f\u00fcr die meisten Arten hochintensiver Workouts entwickelt wurde. Dieses fortschrittliche Trainings-T-Shirt besteht aus einem dehnbaren und schnelltrocknenden Jersey-Stoff, der bei intensiven k\u00f6rperlichen Aktivit\u00e4ten einen effizienten Feuchtigkeitstransport gew\u00e4hrleistet. Das ergonomische Design des Kleidungsst\u00fccks in Kombination mit seiner hohen Elastizit\u00e4t gew\u00e4hrleistet hervorragende Bewegungsfreiheit und optimalen Komfort. Dar\u00fcber [&hellip;]<\/p>\n","protected":false},"featured_media":624898,"template":"","meta":[],"product_brand":[],"product_cat":[4201],"product_tag":[],"class_list":{"0":"post-636182","1":"product","2":"type-product","3":"status-publish","4":"has-post-thumbnail","6":"product_cat-t-shirts","7":"pa_brand-craft-retail-sportswear","8":"pa_brand-type-sportswear","9":"pa_filter-color-beige","10":"pa_filter-color-schwarz","11":"pa_filter-color-weiss","13":"first","14":"instock","15":"sale","16":"taxable","17":"shipping-taxable","18":"purchasable","19":"product-type-variable","20":"add-to-wishlist-before_image"},"exclude_global_add_ons":[],"addons":[],"acf":[],"_links":{"self":[{"href":"https:\/\/shop.kustom.ch\/fr\/wp-json\/wp\/v2\/product\/636182"}],"collection":[{"href":"https:\/\/shop.kustom.ch\/fr\/wp-json\/wp\/v2\/product"}],"about":[{"href":"https:\/\/shop.kustom.ch\/fr\/wp-json\/wp\/v2\/types\/product"}],"wp:featuredmedia":[{"embeddable":true,"href":"https:\/\/shop.kustom.ch\/fr\/wp-json\/wp\/v2\/media\/624898"}],"wp:attachment":[{"href":"https:\/\/shop.kustom.ch\/fr\/wp-json\/wp\/v2\/media?parent=636182"}],"wp:term":[{"taxonomy":"product_brand","embeddable":true,"href":"https:\/\/shop.kustom.ch\/fr\/wp-json\/wp\/v2\/product_brand?post=636182"},{"taxonomy":"product_cat","embeddable":true,"href":"https:\/\/shop.kustom.ch\/fr\/wp-json\/wp\/v2\/product_cat?post=636182"},{"taxonomy":"product_tag","embeddable":true,"href":"https:\/\/shop.kustom.ch\/fr\/wp-json\/wp\/v2\/product_tag?post=636182"}],"curies":[{"name":"wp","href":"https:\/\/api.w.org\/{rel}","templated":true}]}}