{"id":636152,"date":"2025-03-22T03:30:16","date_gmt":"2025-03-22T02:30:16","guid":{"rendered":"https:\/\/shop.kustom.ch\/?post_type=product&#038;p=636152"},"modified":"2026-03-27T14:23:49","modified_gmt":"2026-03-27T13:23:49","slug":"adv-bike-subz-ls-jersey-m","status":"publish","type":"product","link":"https:\/\/shop.kustom.ch\/fr\/produit\/adv-bike-subz-ls-jersey-m\/","title":{"rendered":"Adv Bike SubZ LS Jersey M"},"content":{"rendered":"<p>Le maillot ADV SubZ LS est un maillot de cyclisme \u00e0 manches longues chaud avec un int\u00e9rieur bross\u00e9, con\u00e7u pour les sorties intensives lors des journ\u00e9es fra\u00eeches d'automne et d'hiver.<\/p>\n<p>Ce maillot de cyclisme avanc\u00e9 est fabriqu\u00e9 dans un tissu polyester recycl\u00e9 doux avec une structure tram\u00e9e \u00e0 l'int\u00e9rieur qui emprisonne l'air pour une isolation et une chaleur suppl\u00e9mentaires. Le maillot est \u00e9galement dot\u00e9 d'une fermeture \u00e9clair sur toute la longueur du devant, de quatre poches arri\u00e8re et d'un \u00e9lastique en silicone dans le bas du dos pour un ajustement serr\u00e9 et s\u00fbr. Ce v\u00eatement polyvalent fonctionne aussi bien comme couche ext\u00e9rieure lorsque les temp\u00e9ratures sont douces que comme couche interm\u00e9diaire sous une veste de v\u00e9lo dans des conditions plus froides.<\/p>\n<p>- Tissu doux et \u00e9lastique en polyester recycl\u00e9<br \/>\n- Int\u00e9rieur bross\u00e9 avec structure tram\u00e9e pour une isolation suppl\u00e9mentaire<br \/>\n- \u00e9lastique en silicone sur l'ourlet inf\u00e9rieur du dos<br \/>\n- Quatre poches arri\u00e8re (dont une avec fermeture \u00e9clair)<br \/>\n- Coupe ajust\u00e9e<\/p>\n<p>Mat\u00e9riau : corps : polyester recycl\u00e9 91%, \u00e9lasthanne 9%<\/p>","protected":false},"excerpt":{"rendered":"<p>Das ADV SubZ LS Jersey ist ein warmes Langarm-Fahrradtrikot mit geb\u00fcrsteter Innenseite, das f\u00fcr intensive Fahrten an k\u00fchlen Herbst- und Wintertagen entwickelt wurde. Dieses fortschrittliche Fahrradtrikot besteht aus einem weichen, recycelten Polyesterstoff mit Rasterstruktur auf der Innenseite, die Luft einschliesst f\u00fcr zus\u00e4tzliche Isolierung und W\u00e4rme. Das Trikot verf\u00fcgt ausserdem \u00fcber einen durchgehenden Frontreissverschluss, vier R\u00fcckentaschen [&hellip;]<\/p>\n","protected":false},"featured_media":480357,"template":"","meta":[],"product_brand":[],"product_cat":[4201],"product_tag":[],"class_list":{"0":"post-636152","1":"product","2":"type-product","3":"status-publish","4":"has-post-thumbnail","6":"product_cat-t-shirts","7":"pa_brand-craft-retail-sportswear","8":"pa_brand-type-sportswear","9":"pa_filter-color-blau","11":"first","12":"instock","13":"sale","14":"taxable","15":"shipping-taxable","16":"purchasable","17":"product-type-variable","18":"add-to-wishlist-before_image"},"exclude_global_add_ons":[],"addons":[],"acf":[],"_links":{"self":[{"href":"https:\/\/shop.kustom.ch\/fr\/wp-json\/wp\/v2\/product\/636152"}],"collection":[{"href":"https:\/\/shop.kustom.ch\/fr\/wp-json\/wp\/v2\/product"}],"about":[{"href":"https:\/\/shop.kustom.ch\/fr\/wp-json\/wp\/v2\/types\/product"}],"wp:featuredmedia":[{"embeddable":true,"href":"https:\/\/shop.kustom.ch\/fr\/wp-json\/wp\/v2\/media\/480357"}],"wp:attachment":[{"href":"https:\/\/shop.kustom.ch\/fr\/wp-json\/wp\/v2\/media?parent=636152"}],"wp:term":[{"taxonomy":"product_brand","embeddable":true,"href":"https:\/\/shop.kustom.ch\/fr\/wp-json\/wp\/v2\/product_brand?post=636152"},{"taxonomy":"product_cat","embeddable":true,"href":"https:\/\/shop.kustom.ch\/fr\/wp-json\/wp\/v2\/product_cat?post=636152"},{"taxonomy":"product_tag","embeddable":true,"href":"https:\/\/shop.kustom.ch\/fr\/wp-json\/wp\/v2\/product_tag?post=636152"}],"curies":[{"name":"wp","href":"https:\/\/api.w.org\/{rel}","templated":true}]}}