{"id":636144,"date":"2025-03-22T03:30:11","date_gmt":"2025-03-22T02:30:11","guid":{"rendered":"https:\/\/shop.kustom.ch\/?post_type=product&#038;p=636144"},"modified":"2026-03-27T13:52:49","modified_gmt":"2026-03-27T12:52:49","slug":"adv-bike-subz-insulate-bib-tights-w","status":"publish","type":"product","link":"https:\/\/shop.kustom.ch\/fr\/produit\/adv-bike-subz-insulate-bib-tights-w\/","title":{"rendered":"Cuissard Insulate Adv Bike SubZ W"},"content":{"rendered":"<p>Les cuissards ADV Bike SubZ Insulate Bib Tights sont des cuissards \u00e0 bretelles chauds, con\u00e7us pour les sorties intensives dans des conditions hivernales froides.<\/p>\n<p>Ce cuissard \u00e0 bretelles techniquement avanc\u00e9 est dot\u00e9 de deux couches de tissu \u00e0 l'avant et d'un int\u00e9rieur bross\u00e9 pour offrir une chaleur et un confort exceptionnels lors des froides journ\u00e9es d'hiver. Ils sont \u00e9galement \u00e9quip\u00e9s d'une bretelle en mesh pour une ventilation efficace, d'une fermeture \u00e9clair au bas des jambes pour faciliter l'enfilage et le retrait, de d\u00e9tails r\u00e9fl\u00e9chissants et du C2 Pad Women pour un confort optimal lors des longs trajets.<\/p>\n<p>- Double couche de tissu sur le devant des jambes<br \/>\n- Int\u00e9rieur bross\u00e9<br \/>\n- Solution de support en maille<br \/>\n- fermeture \u00e9clair au bas des jambes<br \/>\n- D\u00e9tails et impressions r\u00e9fl\u00e9chissants<br \/>\n- C2 Pad Women<\/p>\n<p>Mat\u00e9riau : corps : 82% polyester recycl\u00e9, 18% \u00e9lasthanne. Bretelles : 95% polyester recycl\u00e9, 5% \u00e9lasthanne.<\/p>","protected":false},"excerpt":{"rendered":"<p>Die ADV Bike SubZ Insulate Bib Tights sind warme Tr\u00e4gerhosen, die f\u00fcr intensive Fahrten bei kalten Winterbedingungen entwickelt wurden. Diese technisch fortschrittlichen Tr\u00e4gerhosen verf\u00fcgen \u00fcber doppelte Stoffschichten an der Vorderseite und eine geb\u00fcrstete Innenseite, um an frostigen Wintertagen hervorragende W\u00e4rme und Komfort zu bieten. Ausserdem sind sie mit einem Mesh-Tr\u00e4gerteil f\u00fcr effiziente Bel\u00fcftung, einem Reissverschluss [&hellip;]<\/p>\n","protected":false},"featured_media":624842,"template":"","meta":[],"product_brand":[],"product_cat":[4198,4190],"product_tag":[],"class_list":{"0":"post-636144","1":"product","2":"type-product","3":"status-publish","4":"has-post-thumbnail","6":"product_cat-shorts","7":"product_cat-leggings","8":"pa_brand-craft-retail-sportswear","9":"pa_brand-type-sportswear","10":"pa_filter-color-schwarz","12":"first","13":"instock","14":"sale","15":"taxable","16":"shipping-taxable","17":"purchasable","18":"product-type-variable","19":"add-to-wishlist-before_image"},"exclude_global_add_ons":[],"addons":[],"acf":[],"_links":{"self":[{"href":"https:\/\/shop.kustom.ch\/fr\/wp-json\/wp\/v2\/product\/636144"}],"collection":[{"href":"https:\/\/shop.kustom.ch\/fr\/wp-json\/wp\/v2\/product"}],"about":[{"href":"https:\/\/shop.kustom.ch\/fr\/wp-json\/wp\/v2\/types\/product"}],"wp:featuredmedia":[{"embeddable":true,"href":"https:\/\/shop.kustom.ch\/fr\/wp-json\/wp\/v2\/media\/624842"}],"wp:attachment":[{"href":"https:\/\/shop.kustom.ch\/fr\/wp-json\/wp\/v2\/media?parent=636144"}],"wp:term":[{"taxonomy":"product_brand","embeddable":true,"href":"https:\/\/shop.kustom.ch\/fr\/wp-json\/wp\/v2\/product_brand?post=636144"},{"taxonomy":"product_cat","embeddable":true,"href":"https:\/\/shop.kustom.ch\/fr\/wp-json\/wp\/v2\/product_cat?post=636144"},{"taxonomy":"product_tag","embeddable":true,"href":"https:\/\/shop.kustom.ch\/fr\/wp-json\/wp\/v2\/product_tag?post=636144"}],"curies":[{"name":"wp","href":"https:\/\/api.w.org\/{rel}","templated":true}]}}