{"id":636141,"date":"2025-03-22T03:24:19","date_gmt":"2025-03-22T02:24:19","guid":{"rendered":"https:\/\/shop.kustom.ch\/?post_type=product&#038;p=636141"},"modified":"2026-03-27T13:14:59","modified_gmt":"2026-03-27T12:14:59","slug":"active-extreme-x-neck-tube","status":"publish","type":"product","link":"https:\/\/shop.kustom.ch\/fr\/produit\/active-extreme-x-neck-tube\/","title":{"rendered":"Active Extreme X Neck Tube"},"content":{"rendered":"<p>Foulard tubulaire \u00e9lastique en mat\u00e9riau recycl\u00e9 pour une excellente \u00e9vacuation de l'humidit\u00e9.<\/p>\n<p>Mat\u00e9riaux : 40% polyester SeaQual 39% polyester \"Coolmax\" 21% polyester recycl\u00e9<\/p>","protected":false},"excerpt":{"rendered":"<p>Elastischer Schlauchschal aus Recycling-Material f\u00fcr einen hervorragenden Feuchtigkeitstransport. Material: 40% Polyester SeaQual 39% Polyester &#8222;Coolmax&#8220; 21% Polyester-recycled<\/p>","protected":false},"featured_media":624823,"template":"","meta":[],"product_brand":[],"product_cat":[4209],"product_tag":[],"class_list":{"0":"post-636141","1":"product","2":"type-product","3":"status-publish","4":"has-post-thumbnail","6":"product_cat-zubehoer","7":"pa_brand-craft-retail-sportswear","8":"pa_brand-type-sportswear","9":"pa_filter-color-grau","10":"pa_filter-color-schwarz","12":"first","13":"instock","14":"sale","15":"taxable","16":"shipping-taxable","17":"purchasable","18":"product-type-variable","19":"add-to-wishlist-before_image"},"exclude_global_add_ons":[],"addons":[],"acf":[],"_links":{"self":[{"href":"https:\/\/shop.kustom.ch\/fr\/wp-json\/wp\/v2\/product\/636141"}],"collection":[{"href":"https:\/\/shop.kustom.ch\/fr\/wp-json\/wp\/v2\/product"}],"about":[{"href":"https:\/\/shop.kustom.ch\/fr\/wp-json\/wp\/v2\/types\/product"}],"wp:featuredmedia":[{"embeddable":true,"href":"https:\/\/shop.kustom.ch\/fr\/wp-json\/wp\/v2\/media\/624823"}],"wp:attachment":[{"href":"https:\/\/shop.kustom.ch\/fr\/wp-json\/wp\/v2\/media?parent=636141"}],"wp:term":[{"taxonomy":"product_brand","embeddable":true,"href":"https:\/\/shop.kustom.ch\/fr\/wp-json\/wp\/v2\/product_brand?post=636141"},{"taxonomy":"product_cat","embeddable":true,"href":"https:\/\/shop.kustom.ch\/fr\/wp-json\/wp\/v2\/product_cat?post=636141"},{"taxonomy":"product_tag","embeddable":true,"href":"https:\/\/shop.kustom.ch\/fr\/wp-json\/wp\/v2\/product_tag?post=636141"}],"curies":[{"name":"wp","href":"https:\/\/api.w.org\/{rel}","templated":true}]}}