{"id":636062,"date":"2025-03-22T03:23:35","date_gmt":"2025-03-22T02:23:35","guid":{"rendered":"https:\/\/shop.kustom.ch\/?post_type=product&#038;p=636062"},"modified":"2026-03-27T13:20:07","modified_gmt":"2026-03-27T12:20:07","slug":"ability-skirt-jr","status":"publish","type":"product","link":"https:\/\/shop.kustom.ch\/fr\/produit\/ability-skirt-jr\/","title":{"rendered":"Jupe Ability Jr"},"content":{"rendered":"<p>L'Ability Skirt est une jupe de jeu et d'entra\u00eenement tr\u00e8s fonctionnelle, con\u00e7ue pour les sports de raquette comme le tennis et le padel.<\/p>\n<p>La jupe est compos\u00e9e d'un tissu polyester fonctionnel et \u00e9lastique qui offre une excellente \u00e9vacuation de l'humidit\u00e9 et une grande libert\u00e9 de mouvement. Des collants int\u00e9rieurs avec une poche \u00e9lastique en Power Mesh sur chaque jambe permettent de ranger les balles de tennis en toute s\u00e9curit\u00e9 pendant les \u00e9changes intensifs. En outre, la jupe dispose d'a\u00e9rations perfor\u00e9es \u00e0 l'arri\u00e8re pour une meilleure circulation de l'air et d'une large ceinture pour un confort optimal. Parfait pour le branding avec les logos du club, des sponsors ou de l'entreprise.<\/p>\n<p>- Tissu l\u00e9ger et \u00e9lastique en polyester recycl\u00e9 et \u00e9lasthanne<br \/>\n- collants int\u00e9rieurs \u00e9lastiques et hautement fonctionnels<br \/>\n- Perfor\u00e9 au dos<br \/>\n- Poche \u00e9lastique en Power Mesh sur chaque jambe<br \/>\n- Ceinture de pantalon large et \u00e9lastique<br \/>\n- Un design clair<\/p>\n<p>Mat\u00e9riau : Corps : 88% polyester recycl\u00e9, 12% \u00e9lasthanne. Doublure : 77% polyester recycl\u00e9, 23% \u00e9lasthanne<\/p>","protected":false},"excerpt":{"rendered":"<p>Der Ability Skirt ist ein hochfunktioneller Spiel- und Trainingsrock, der auf Schl\u00e4gersportarten wie Tennis und Padel zugeschnitten ist. Der Rock besteht aus einem funktionellen und elastischen Polyestergewebe, das einen hervorragenden Feuchtigkeitstransport und Bewegungsfreiheit bietet. Innentights mit einer elastischen Power-Mesh-Tasche an jedem Bein erm\u00f6glichen die sichere Aufbewahrung von Tennisb\u00e4llen w\u00e4hrend intensiver Ballwechsel. Dar\u00fcber hinaus verf\u00fcgt der [&hellip;]<\/p>\n","protected":false},"featured_media":624786,"template":"","meta":[],"product_brand":[],"product_cat":[4194],"product_tag":[],"class_list":{"0":"post-636062","1":"product","2":"type-product","3":"status-publish","4":"has-post-thumbnail","6":"product_cat-roecke","7":"pa_brand-craft-teamwear","8":"pa_brand-type-sportswear","9":"pa_filter-color-schwarz","10":"pa_filter-color-weiss","12":"first","13":"instock","14":"sale","15":"taxable","16":"shipping-taxable","17":"purchasable","18":"product-type-variable","19":"add-to-wishlist-before_image"},"exclude_global_add_ons":[],"addons":[],"acf":[],"_links":{"self":[{"href":"https:\/\/shop.kustom.ch\/fr\/wp-json\/wp\/v2\/product\/636062"}],"collection":[{"href":"https:\/\/shop.kustom.ch\/fr\/wp-json\/wp\/v2\/product"}],"about":[{"href":"https:\/\/shop.kustom.ch\/fr\/wp-json\/wp\/v2\/types\/product"}],"wp:featuredmedia":[{"embeddable":true,"href":"https:\/\/shop.kustom.ch\/fr\/wp-json\/wp\/v2\/media\/624786"}],"wp:attachment":[{"href":"https:\/\/shop.kustom.ch\/fr\/wp-json\/wp\/v2\/media?parent=636062"}],"wp:term":[{"taxonomy":"product_brand","embeddable":true,"href":"https:\/\/shop.kustom.ch\/fr\/wp-json\/wp\/v2\/product_brand?post=636062"},{"taxonomy":"product_cat","embeddable":true,"href":"https:\/\/shop.kustom.ch\/fr\/wp-json\/wp\/v2\/product_cat?post=636062"},{"taxonomy":"product_tag","embeddable":true,"href":"https:\/\/shop.kustom.ch\/fr\/wp-json\/wp\/v2\/product_tag?post=636062"}],"curies":[{"name":"wp","href":"https:\/\/api.w.org\/{rel}","templated":true}]}}