{"id":636007,"date":"2025-03-22T03:23:04","date_gmt":"2025-03-22T02:23:04","guid":{"rendered":"https:\/\/shop.kustom.ch\/?post_type=product&#038;p=636007"},"modified":"2026-03-27T13:17:09","modified_gmt":"2026-03-27T12:17:09","slug":"ability-shorts-jr","status":"publish","type":"product","link":"https:\/\/shop.kustom.ch\/fr\/produit\/ability-shorts-jr\/","title":{"rendered":"Ability Shorts Jr"},"content":{"rendered":"<p>Les shorts Ability sont des shorts de jeu et d'entra\u00eenement tr\u00e8s fonctionnels, con\u00e7us pour les sports de raquette comme le tennis et le padel.<\/p>\n<p>Ce short est compos\u00e9 d'un tissu polyester fonctionnel et \u00e9lastique qui offre une \u00e9vacuation exceptionnelle de l'humidit\u00e9 et une grande libert\u00e9 de mouvement. Des poches \u00e9lastiques en Power Mesh permettent de ranger les balles de tennis en toute s\u00e9curit\u00e9 lors des \u00e9changes intensifs, tandis que des d\u00e9tails perfor\u00e9s \u00e0 l'arri\u00e8re assurent une meilleure ventilation. En outre, le short dispose d'une ceinture \u00e9lastique avec cordon de serrage pour un ajustement personnalis\u00e9. Parfait pour le branding avec le logo du club, du sponsor ou de l'entreprise.<\/p>\n<p>- Tissu l\u00e9ger et \u00e9lastique en polyester recycl\u00e9 et \u00e9lasthanne<br \/>\n- Deux poches \u00e9lastiques en Power Mesh (deux balles de tennis par poche)<br \/>\n- D\u00e9tails perfor\u00e9s \u00e0 l'arri\u00e8re<br \/>\n- Ceinture de pantalon \u00e9lastique avec cordon de serrage<br \/>\n- Fentes lat\u00e9rales<br \/>\n- Couture int\u00e9rieure 7 pouces en taille M<br \/>\n- Un design clair<\/p>\n<p>Mati\u00e8re : 88% polyester recycl\u00e9, 12% \u00e9lasthanne<\/p>","protected":false},"excerpt":{"rendered":"<p>Ability Shorts sind hochfunktionelle Spiel- und Trainingsshorts, die auf Schl\u00e4gersportarten wie Tennis und Padel zugeschnitten sind. Die Shorts bestehen aus einem funktionellen und elastischen Polyestergewebe, das einen aussergew\u00f6hnlichen Feuchtigkeitstransport und Bewegungsfreiheit bietet. Elastische Power-Mesh-Taschen erm\u00f6glichen die sichere Aufbewahrung von Tennisb\u00e4llen bei intensiven Ballwechseln, w\u00e4hrend perforierte Details auf der R\u00fcckseite f\u00fcr eine verbesserte Bel\u00fcftung sorgen. Dar\u00fcber [&hellip;]<\/p>\n","protected":false},"featured_media":624723,"template":"","meta":[],"product_brand":[],"product_cat":[4198],"product_tag":[],"class_list":{"0":"post-636007","1":"product","2":"type-product","3":"status-publish","4":"has-post-thumbnail","6":"product_cat-shorts","7":"pa_brand-craft-teamwear","8":"pa_brand-type-sportswear","9":"pa_filter-color-blau","10":"pa_filter-color-schwarz","11":"pa_filter-color-weiss","13":"first","14":"instock","15":"sale","16":"taxable","17":"shipping-taxable","18":"purchasable","19":"product-type-variable","20":"add-to-wishlist-before_image"},"exclude_global_add_ons":[],"addons":[],"acf":[],"_links":{"self":[{"href":"https:\/\/shop.kustom.ch\/fr\/wp-json\/wp\/v2\/product\/636007"}],"collection":[{"href":"https:\/\/shop.kustom.ch\/fr\/wp-json\/wp\/v2\/product"}],"about":[{"href":"https:\/\/shop.kustom.ch\/fr\/wp-json\/wp\/v2\/types\/product"}],"wp:featuredmedia":[{"embeddable":true,"href":"https:\/\/shop.kustom.ch\/fr\/wp-json\/wp\/v2\/media\/624723"}],"wp:attachment":[{"href":"https:\/\/shop.kustom.ch\/fr\/wp-json\/wp\/v2\/media?parent=636007"}],"wp:term":[{"taxonomy":"product_brand","embeddable":true,"href":"https:\/\/shop.kustom.ch\/fr\/wp-json\/wp\/v2\/product_brand?post=636007"},{"taxonomy":"product_cat","embeddable":true,"href":"https:\/\/shop.kustom.ch\/fr\/wp-json\/wp\/v2\/product_cat?post=636007"},{"taxonomy":"product_tag","embeddable":true,"href":"https:\/\/shop.kustom.ch\/fr\/wp-json\/wp\/v2\/product_tag?post=636007"}],"curies":[{"name":"wp","href":"https:\/\/api.w.org\/{rel}","templated":true}]}}