{"id":636006,"date":"2025-03-22T03:23:04","date_gmt":"2025-03-22T02:23:04","guid":{"rendered":"https:\/\/shop.kustom.ch\/?post_type=product&#038;p=636006"},"modified":"2026-03-27T13:53:06","modified_gmt":"2026-03-27T12:53:06","slug":"ability-practice-backpack-24l","status":"publish","type":"product","link":"https:\/\/shop.kustom.ch\/fr\/produit\/ability-practice-backpack-24l\/","title":{"rendered":"Sac \u00e0 dos Ability Practice 24L"},"content":{"rendered":"<p>L'Ability Practice Backpack est un sac \u00e0 dos r\u00e9sistant qui s'int\u00e8gre facilement de vos s\u00e9ances d'entra\u00eenement \u00e0 votre vie quotidienne.<\/p>\n<p>Ce sac \u00e0 dos polyvalent en polyester r\u00e9sistant dispose d'un compartiment principal dans lequel vous pouvez facilement ranger votre \u00e9quipement d'entra\u00eenement ou vos objets quotidiens. Il dispose \u00e9galement d'une poche lat\u00e9rale pratique pour garder votre bouteille d'eau \u00e0 port\u00e9e de main. En outre, les bretelles et la partie dorsale sont l\u00e9g\u00e8rement rembourr\u00e9es pour plus de confort. Parfait pour le marquage avec le logo du club, du sponsor ou de l'entreprise.<\/p>\n<p>- Mat\u00e9riau r\u00e9sistant en polyester recycl\u00e9<br \/>\n- bretelles et partie dorsale l\u00e9g\u00e8rement rembourr\u00e9es<br \/>\n- Poche lat\u00e9rale pour bouteille d'eau<br \/>\n- D\u00e9tails r\u00e9fl\u00e9chissants<br \/>\n- Un design clair<br \/>\n- H48 x L30 x L17,5 cm<br \/>\n- Volume : 24 litres<\/p>\n<p>Mati\u00e8re : 100% polyester recycl\u00e9<\/p>","protected":false},"excerpt":{"rendered":"<p>Der Ability Practice Backpack ist ein strapazierf\u00e4higer Rucksack, der sich problemlos von Ihren Trainingseinheiten in Ihren Alltag integrieren l\u00e4sst. Dieser vielseitige Rucksack aus strapazierf\u00e4higem Polyestermaterial verf\u00fcgt \u00fcber ein Hauptfach, in dem Trainingsausr\u00fcstung oder Alltagsgegenst\u00e4nde problemlos Platz finden. Ausserdem verf\u00fcgt er \u00fcber eine praktische Seitentasche, in der Sie Ihre Wasserflasche immer griffbereit haben. Dar\u00fcber hinaus sind [&hellip;]<\/p>\n","protected":false},"featured_media":624713,"template":"","meta":[],"product_brand":[],"product_cat":[4195],"product_tag":[],"class_list":{"0":"post-636006","1":"product","2":"type-product","3":"status-publish","4":"has-post-thumbnail","6":"product_cat-rucksaecke-taschen","7":"pa_brand-craft-teamwear","8":"pa_brand-type-sportswear","9":"pa_filter-color-blau","10":"pa_filter-color-gruen","11":"pa_filter-color-rot","12":"pa_filter-color-schwarz","14":"first","15":"instock","16":"sale","17":"taxable","18":"shipping-taxable","19":"purchasable","20":"product-type-variable","21":"add-to-wishlist-before_image"},"exclude_global_add_ons":[],"addons":[],"acf":[],"_links":{"self":[{"href":"https:\/\/shop.kustom.ch\/fr\/wp-json\/wp\/v2\/product\/636006"}],"collection":[{"href":"https:\/\/shop.kustom.ch\/fr\/wp-json\/wp\/v2\/product"}],"about":[{"href":"https:\/\/shop.kustom.ch\/fr\/wp-json\/wp\/v2\/types\/product"}],"wp:featuredmedia":[{"embeddable":true,"href":"https:\/\/shop.kustom.ch\/fr\/wp-json\/wp\/v2\/media\/624713"}],"wp:attachment":[{"href":"https:\/\/shop.kustom.ch\/fr\/wp-json\/wp\/v2\/media?parent=636006"}],"wp:term":[{"taxonomy":"product_brand","embeddable":true,"href":"https:\/\/shop.kustom.ch\/fr\/wp-json\/wp\/v2\/product_brand?post=636006"},{"taxonomy":"product_cat","embeddable":true,"href":"https:\/\/shop.kustom.ch\/fr\/wp-json\/wp\/v2\/product_cat?post=636006"},{"taxonomy":"product_tag","embeddable":true,"href":"https:\/\/shop.kustom.ch\/fr\/wp-json\/wp\/v2\/product_tag?post=636006"}],"curies":[{"name":"wp","href":"https:\/\/api.w.org\/{rel}","templated":true}]}}