{"id":635976,"date":"2025-03-22T03:22:28","date_gmt":"2025-03-22T02:22:28","guid":{"rendered":"https:\/\/shop.kustom.ch\/?post_type=product&#038;p=635976"},"modified":"2026-03-27T13:40:47","modified_gmt":"2026-03-27T12:40:47","slug":"ability-polo-m","status":"publish","type":"product","link":"https:\/\/shop.kustom.ch\/fr\/produit\/ability-polo-m\/","title":{"rendered":"Polo Ability M"},"content":{"rendered":"<p>Le polo Ability est un polo haut de gamme en polyester recycl\u00e9 qui combine une grande fonctionnalit\u00e9 avec une excellente extensibilit\u00e9 et un toucher doux pour un confort maximal. Des inserts en mesh strat\u00e9giquement plac\u00e9s et des perforations assurent une meilleure ventilation, tandis que le design ergonomique permet une totale libert\u00e9 de mouvement. Parfait pour le branding avec le logo du club, du sponsor ou de l'entreprise.<\/p>\n<p>- Fabriqu\u00e9 \u00e0 partir de polyester recycl\u00e9<br \/>\n- Inserts en mesh sur les points chauds<br \/>\n- Perforations centr\u00e9es sur le corps<br \/>\n- col polo avec fermeture \u00e0 boutons<br \/>\n- Un design clair<\/p>\n<p>Mati\u00e8re : 100% polyester recycl\u00e9<\/p>","protected":false},"excerpt":{"rendered":"<p>Ability Polo ist ein Premium-Poloshirt aus recyceltem Polyester, das grossartige Funktionalit\u00e4t mit hervorragender Dehnbarkeit und weicher Haptik f\u00fcr maximalen Komfort kombiniert. Strategisch platzierte Mesh-Eins\u00e4tze und Perforationen sorgen f\u00fcr eine verbesserte Bel\u00fcftung, w\u00e4hrend das ergonomische Design volle Bewegungsfreiheit erm\u00f6glicht. Perfekt f\u00fcr das Branding mit Vereins-, Sponsoren- oder Firmenlogos. \u2022 Hergestellt aus recyceltem Polyester \u2022 Mesh-Eins\u00e4tze an [&hellip;]<\/p>\n","protected":false},"featured_media":624662,"template":"","meta":[],"product_brand":[],"product_cat":[4193],"product_tag":[],"class_list":{"0":"post-635976","1":"product","2":"type-product","3":"status-publish","4":"has-post-thumbnail","6":"product_cat-polos","7":"pa_brand-craft-teamwear","8":"pa_brand-type-sportswear","9":"pa_filter-color-blau","10":"pa_filter-color-schwarz","11":"pa_filter-color-weiss","13":"first","14":"instock","15":"sale","16":"taxable","17":"shipping-taxable","18":"purchasable","19":"product-type-variable","20":"add-to-wishlist-before_image"},"exclude_global_add_ons":[],"addons":[],"acf":[],"_links":{"self":[{"href":"https:\/\/shop.kustom.ch\/fr\/wp-json\/wp\/v2\/product\/635976"}],"collection":[{"href":"https:\/\/shop.kustom.ch\/fr\/wp-json\/wp\/v2\/product"}],"about":[{"href":"https:\/\/shop.kustom.ch\/fr\/wp-json\/wp\/v2\/types\/product"}],"wp:featuredmedia":[{"embeddable":true,"href":"https:\/\/shop.kustom.ch\/fr\/wp-json\/wp\/v2\/media\/624662"}],"wp:attachment":[{"href":"https:\/\/shop.kustom.ch\/fr\/wp-json\/wp\/v2\/media?parent=635976"}],"wp:term":[{"taxonomy":"product_brand","embeddable":true,"href":"https:\/\/shop.kustom.ch\/fr\/wp-json\/wp\/v2\/product_brand?post=635976"},{"taxonomy":"product_cat","embeddable":true,"href":"https:\/\/shop.kustom.ch\/fr\/wp-json\/wp\/v2\/product_cat?post=635976"},{"taxonomy":"product_tag","embeddable":true,"href":"https:\/\/shop.kustom.ch\/fr\/wp-json\/wp\/v2\/product_tag?post=635976"}],"curies":[{"name":"wp","href":"https:\/\/api.w.org\/{rel}","templated":true}]}}