{"id":635973,"date":"2025-03-22T03:22:28","date_gmt":"2025-03-22T02:22:28","guid":{"rendered":"https:\/\/shop.kustom.ch\/?post_type=product&#038;p=635973"},"modified":"2026-03-27T13:59:59","modified_gmt":"2026-03-27T12:59:59","slug":"ability-gear-bag","status":"publish","type":"product","link":"https:\/\/shop.kustom.ch\/fr\/produit\/ability-gear-bag\/","title":{"rendered":"Sac d'\u00e9quipement Ability"},"content":{"rendered":"<p>L'Ability Gear Bag est un sac de sport spacieux qui peut contenir une grande quantit\u00e9 d'\u00e9quipements et de mat\u00e9riel comme des maillots de match, des shorts de match et des chaussettes. La poign\u00e9e t\u00e9lescopique et les roues robustes facilitent la traction du sac, tandis que les nombreux petits compartiments et poches permettent de ranger intelligemment les v\u00eatements et les gadgets. Le sac est fabriqu\u00e9 en polyester et en polychlorure de vinyle, ce qui lui conf\u00e8re une excellente durabilit\u00e9.<\/p>\n<p>- Mat\u00e9riau r\u00e9sistant en polyester recycl\u00e9 et chlorure de polyvinyle (PVC)<br \/>\n- Roues durables et l\u00e9g\u00e8res<br \/>\n- Poches int\u00e9rieures en filet pour un rangement intelligent<br \/>\n- Deux poches avec fermeture \u00e9clair<br \/>\n- La poign\u00e9e t\u00e9lescopique facilite la traction du sac<br \/>\n- Poign\u00e9es en sangle r\u00e9sistantes pour un transport facile<br \/>\n- fermetures \u00e9clair \u00e0 double sens<br \/>\n- 75x35x35 cm<br \/>\n- 95 L<\/p>\n<p>Mat\u00e9riau : Ext\u00e9rieur : 100% polyester recycl\u00e9. Tissu ext\u00e9rieur : 100% polychlorure de vinyle. Doublure : 100% polyester<\/p>","protected":false},"excerpt":{"rendered":"<p>Der Ability Gear Bag ist eine ger\u00e4umige Sporttasche, in die jede Menge Ausr\u00fcstung und Ausr\u00fcstung wie Spieltrikots, Spielshorts und Stutzen passt. Der Teleskopgriff und die robusten R\u00e4der erleichtern das Ziehen der Tasche, w\u00e4hrend die vielen kleinen F\u00e4cher und Kammern f\u00fcr die intelligente Aufbewahrung von Kleidung und Gadgets sorgen. Die Tasche besteht aus Polyester und Polyvinylchlorid [&hellip;]<\/p>\n","protected":false},"featured_media":480913,"template":"","meta":[],"product_brand":[],"product_cat":[4195],"product_tag":[],"class_list":{"0":"post-635973","1":"product","2":"type-product","3":"status-publish","4":"has-post-thumbnail","6":"product_cat-rucksaecke-taschen","7":"pa_brand-craft-teamwear","8":"pa_brand-type-sportswear","9":"pa_filter-color-schwarz","11":"first","12":"instock","13":"sale","14":"taxable","15":"shipping-taxable","16":"purchasable","17":"product-type-variable","18":"add-to-wishlist-before_image"},"exclude_global_add_ons":[],"addons":[],"acf":[],"_links":{"self":[{"href":"https:\/\/shop.kustom.ch\/fr\/wp-json\/wp\/v2\/product\/635973"}],"collection":[{"href":"https:\/\/shop.kustom.ch\/fr\/wp-json\/wp\/v2\/product"}],"about":[{"href":"https:\/\/shop.kustom.ch\/fr\/wp-json\/wp\/v2\/types\/product"}],"wp:featuredmedia":[{"embeddable":true,"href":"https:\/\/shop.kustom.ch\/fr\/wp-json\/wp\/v2\/media\/480913"}],"wp:attachment":[{"href":"https:\/\/shop.kustom.ch\/fr\/wp-json\/wp\/v2\/media?parent=635973"}],"wp:term":[{"taxonomy":"product_brand","embeddable":true,"href":"https:\/\/shop.kustom.ch\/fr\/wp-json\/wp\/v2\/product_brand?post=635973"},{"taxonomy":"product_cat","embeddable":true,"href":"https:\/\/shop.kustom.ch\/fr\/wp-json\/wp\/v2\/product_cat?post=635973"},{"taxonomy":"product_tag","embeddable":true,"href":"https:\/\/shop.kustom.ch\/fr\/wp-json\/wp\/v2\/product_tag?post=635973"}],"curies":[{"name":"wp","href":"https:\/\/api.w.org\/{rel}","templated":true}]}}