{"id":635972,"date":"2025-03-22T03:22:28","date_gmt":"2025-03-22T02:22:28","guid":{"rendered":"https:\/\/shop.kustom.ch\/?post_type=product&#038;p=635972"},"modified":"2026-03-27T13:58:49","modified_gmt":"2026-03-27T12:58:49","slug":"ability-duffel-50l","status":"publish","type":"product","link":"https:\/\/shop.kustom.ch\/fr\/produit\/ability-duffel-50l\/","title":{"rendered":"Ability Duffel 50L"},"content":{"rendered":"<p>Ce sac de voyage polyvalent en polyester r\u00e9sistant dispose d'un grand compartiment pouvant accueillir de nombreux v\u00eatements et \u00e9quipements. Parfait pour le branding avec les logos du club, des sponsors ou de l'entreprise.<\/p>\n<p>- Tissu r\u00e9sistant en polyester recycl\u00e9<br \/>\n- Convient pour le branding<br \/>\n- H29 x L55 x L32 cm<br \/>\n- Volume : 50 litres<\/p>\n<p>Mati\u00e8re : 100% polyester recycl\u00e9<\/p>","protected":false},"excerpt":{"rendered":"<p>Diese vielseitige Reisetasche aus strapazierf\u00e4higem Polyestermaterial verf\u00fcgt \u00fcber ein grosses Fach, in dem viel Kleidung und Ausr\u00fcstung Platz findet. Perfekt f\u00fcr das Branding mit Vereins-, Sponsoren- oder Firmenlogos. \u2022 Strapazierf\u00e4higes Gewebe aus recyceltem Polyester \u2022 Geeignet f\u00fcr Branding \u2022 H29 x L55 x B32 cm \u2022 Volumen: 50 Liter Material: 100% Recycling-Polyester<\/p>","protected":false},"featured_media":624637,"template":"","meta":[],"product_brand":[],"product_cat":[4195],"product_tag":[],"class_list":{"0":"post-635972","1":"product","2":"type-product","3":"status-publish","4":"has-post-thumbnail","6":"product_cat-rucksaecke-taschen","7":"pa_brand-craft-teamwear","8":"pa_brand-type-sportswear","9":"pa_filter-color-schwarz","11":"first","12":"instock","13":"sale","14":"taxable","15":"shipping-taxable","16":"purchasable","17":"product-type-variable","18":"add-to-wishlist-before_image"},"exclude_global_add_ons":[],"addons":[],"acf":[],"_links":{"self":[{"href":"https:\/\/shop.kustom.ch\/fr\/wp-json\/wp\/v2\/product\/635972"}],"collection":[{"href":"https:\/\/shop.kustom.ch\/fr\/wp-json\/wp\/v2\/product"}],"about":[{"href":"https:\/\/shop.kustom.ch\/fr\/wp-json\/wp\/v2\/types\/product"}],"wp:featuredmedia":[{"embeddable":true,"href":"https:\/\/shop.kustom.ch\/fr\/wp-json\/wp\/v2\/media\/624637"}],"wp:attachment":[{"href":"https:\/\/shop.kustom.ch\/fr\/wp-json\/wp\/v2\/media?parent=635972"}],"wp:term":[{"taxonomy":"product_brand","embeddable":true,"href":"https:\/\/shop.kustom.ch\/fr\/wp-json\/wp\/v2\/product_brand?post=635972"},{"taxonomy":"product_cat","embeddable":true,"href":"https:\/\/shop.kustom.ch\/fr\/wp-json\/wp\/v2\/product_cat?post=635972"},{"taxonomy":"product_tag","embeddable":true,"href":"https:\/\/shop.kustom.ch\/fr\/wp-json\/wp\/v2\/product_tag?post=635972"}],"curies":[{"name":"wp","href":"https:\/\/api.w.org\/{rel}","templated":true}]}}