{"id":635912,"date":"2025-03-22T03:22:02","date_gmt":"2025-03-22T02:22:02","guid":{"rendered":"https:\/\/shop.kustom.ch\/?post_type=product&#038;p=635912"},"modified":"2026-03-27T13:44:46","modified_gmt":"2026-03-27T12:44:46","slug":"ability-compression-s-l-m","status":"publish","type":"product","link":"https:\/\/shop.kustom.ch\/fr\/produit\/ability-compression-s-l-m\/","title":{"rendered":"Ability Compression S\/L M"},"content":{"rendered":"<p>Ability Compression SL est un t-shirt de compression sans manches qui se porte sous le maillot de jeu dans les sports d'\u00e9quipe tels que le football et le basket-ball, pour une fonctionnalit\u00e9, des performances et un confort am\u00e9lior\u00e9s.<\/p>\n<p>Lorsque vous vous sentez bien, vous accomplissez de grandes choses. Ce t-shirt de compression sans manches est fabriqu\u00e9 dans un tissu moderne Body Control qui concentre la force musculaire et contribue \u00e0 une posture optimale. Il en r\u00e9sulte une sensation unique qui vous permet de voir votre corps se rassembler en un tout puissant et pr\u00eat \u00e0 donner le meilleur de lui-m\u00eame. Un choix parfait aussi bien pour l'entra\u00eenement que sous le maillot de match dans diff\u00e9rents sports d'\u00e9quipe.<\/p>\n<p>- Tissu \u00e9lastique et fonctionnel en polyamide et \u00e9lasthanne<br \/>\n- Compression l\u00e9g\u00e8re<br \/>\n- Design ergonomique<br \/>\n- Coupe ajust\u00e9e<\/p>\n<p>Mati\u00e8re : 91% polyamide recycl\u00e9, 9% \u00e9lasthanne<\/p>","protected":false},"excerpt":{"rendered":"<p>Ability Compression SL ist ein \u00e4rmelloses Kompressions-T-Shirt, das bei Mannschaftssportarten wie Fussball und Basketball unter dem Spieltrikot getragen wird und f\u00fcr verbesserte Funktion, Leistung und Komfort sorgt. Wenn Sie sich gut f\u00fchlen, leisten Sie Grossartiges. Dieses \u00e4rmellose Kompressions-T-Shirt besteht aus modernem Body-Control-Gewebe, das die Muskelkraft b\u00fcndelt und zu einer optimalen K\u00f6rperhaltung beitr\u00e4gt. Das Ergebnis ist [&hellip;]<\/p>\n","protected":false},"featured_media":624595,"template":"","meta":[],"product_brand":[],"product_cat":[4206],"product_tag":[],"class_list":{"0":"post-635912","1":"product","2":"type-product","3":"status-publish","4":"has-post-thumbnail","6":"product_cat-underwear","7":"pa_brand-craft-teamwear","8":"pa_brand-type-sportswear","9":"pa_filter-color-schwarz","10":"pa_filter-color-weiss","12":"first","13":"instock","14":"sale","15":"taxable","16":"shipping-taxable","17":"purchasable","18":"product-type-variable","19":"add-to-wishlist-before_image"},"exclude_global_add_ons":[],"addons":[],"acf":[],"_links":{"self":[{"href":"https:\/\/shop.kustom.ch\/fr\/wp-json\/wp\/v2\/product\/635912"}],"collection":[{"href":"https:\/\/shop.kustom.ch\/fr\/wp-json\/wp\/v2\/product"}],"about":[{"href":"https:\/\/shop.kustom.ch\/fr\/wp-json\/wp\/v2\/types\/product"}],"wp:featuredmedia":[{"embeddable":true,"href":"https:\/\/shop.kustom.ch\/fr\/wp-json\/wp\/v2\/media\/624595"}],"wp:attachment":[{"href":"https:\/\/shop.kustom.ch\/fr\/wp-json\/wp\/v2\/media?parent=635912"}],"wp:term":[{"taxonomy":"product_brand","embeddable":true,"href":"https:\/\/shop.kustom.ch\/fr\/wp-json\/wp\/v2\/product_brand?post=635912"},{"taxonomy":"product_cat","embeddable":true,"href":"https:\/\/shop.kustom.ch\/fr\/wp-json\/wp\/v2\/product_cat?post=635912"},{"taxonomy":"product_tag","embeddable":true,"href":"https:\/\/shop.kustom.ch\/fr\/wp-json\/wp\/v2\/product_tag?post=635912"}],"curies":[{"name":"wp","href":"https:\/\/api.w.org\/{rel}","templated":true}]}}