{"id":635911,"date":"2025-03-22T03:22:02","date_gmt":"2025-03-22T02:22:02","guid":{"rendered":"https:\/\/shop.kustom.ch\/?post_type=product&#038;p=635911"},"modified":"2026-03-27T13:55:58","modified_gmt":"2026-03-27T12:55:58","slug":"ability-backpack-27l","status":"publish","type":"product","link":"https:\/\/shop.kustom.ch\/fr\/produit\/ability-backpack-27l\/","title":{"rendered":"Sac \u00e0 dos Ability 27L"},"content":{"rendered":"<p>Ability Backpack est un sac \u00e0 dos r\u00e9sistant qui s'adapte parfaitement aux s\u00e9ances d'entra\u00eenement et aux activit\u00e9s quotidiennes.<\/p>\n<p>Ce sac \u00e0 dos polyvalent en polyester r\u00e9sistant dispose d'un compartiment principal dans lequel l'\u00e9quipement d'entra\u00eenement ou les objets de tous les jours trouvent facilement leur place. Il dispose \u00e9galement d'un compartiment inf\u00e9rieur s\u00e9par\u00e9 qui offre un espace sp\u00e9cial pour un ballon de football, des chaussures ou des v\u00eatements mouill\u00e9s apr\u00e8s l'entra\u00eenement. En outre, les bretelles et la partie arri\u00e8re sont dot\u00e9es d'un rembourrage en filet doux pour une meilleure circulation de l'air et un confort optimal. Parfait pour le branding avec les logos du club, des sponsors ou de l'entreprise.<\/p>\n<p>- Mat\u00e9riau r\u00e9sistant en polyester recycl\u00e9<br \/>\n- bretelles et dos rembourr\u00e9s en mesh<br \/>\n- Compartiment inf\u00e9rieur s\u00e9par\u00e9 pour les chaussures ou le ballon de foot<br \/>\n- Poche lat\u00e9rale en filet \u00e9lastique pour bouteille d'eau<br \/>\n- D\u00e9tails r\u00e9fl\u00e9chissants<br \/>\n- Un design clair<br \/>\n- H49 x L29 x L20 cm<br \/>\n- Volume : 24 litres<\/p>\n<p>Mati\u00e8re : 100% polyester recycl\u00e9<\/p>","protected":false},"excerpt":{"rendered":"<p>Ability Backpack ist ein strapazierf\u00e4higer Rucksack, der sich nahtlos f\u00fcr Trainingseinheiten und Alltagsaktivit\u00e4ten eignet. Dieser vielseitige Rucksack aus strapazierf\u00e4higem Polyestermaterial verf\u00fcgt \u00fcber ein Hauptfach, in dem Trainingsausr\u00fcstung oder Alltagsgegenst\u00e4nde problemlos Platz finden. Es verf\u00fcgt ausserdem \u00fcber ein separates Bodenfach, das speziellen Platz f\u00fcr einen Fussball, Schuhe oder nasse Kleidung nach dem Training bietet. Dar\u00fcber hinaus [&hellip;]<\/p>\n","protected":false},"featured_media":624589,"template":"","meta":[],"product_brand":[],"product_cat":[4195],"product_tag":[],"class_list":{"0":"post-635911","1":"product","2":"type-product","3":"status-publish","4":"has-post-thumbnail","6":"product_cat-rucksaecke-taschen","7":"pa_brand-craft-teamwear","8":"pa_brand-type-sportswear","9":"pa_filter-color-blau","10":"pa_filter-color-schwarz","12":"first","13":"instock","14":"sale","15":"taxable","16":"shipping-taxable","17":"purchasable","18":"product-type-variable","19":"add-to-wishlist-before_image"},"exclude_global_add_ons":[],"addons":[],"acf":[],"_links":{"self":[{"href":"https:\/\/shop.kustom.ch\/fr\/wp-json\/wp\/v2\/product\/635911"}],"collection":[{"href":"https:\/\/shop.kustom.ch\/fr\/wp-json\/wp\/v2\/product"}],"about":[{"href":"https:\/\/shop.kustom.ch\/fr\/wp-json\/wp\/v2\/types\/product"}],"wp:featuredmedia":[{"embeddable":true,"href":"https:\/\/shop.kustom.ch\/fr\/wp-json\/wp\/v2\/media\/624589"}],"wp:attachment":[{"href":"https:\/\/shop.kustom.ch\/fr\/wp-json\/wp\/v2\/media?parent=635911"}],"wp:term":[{"taxonomy":"product_brand","embeddable":true,"href":"https:\/\/shop.kustom.ch\/fr\/wp-json\/wp\/v2\/product_brand?post=635911"},{"taxonomy":"product_cat","embeddable":true,"href":"https:\/\/shop.kustom.ch\/fr\/wp-json\/wp\/v2\/product_cat?post=635911"},{"taxonomy":"product_tag","embeddable":true,"href":"https:\/\/shop.kustom.ch\/fr\/wp-json\/wp\/v2\/product_tag?post=635911"}],"curies":[{"name":"wp","href":"https:\/\/api.w.org\/{rel}","templated":true}]}}