{"id":635866,"date":"2025-03-22T03:21:44","date_gmt":"2025-03-22T02:21:44","guid":{"rendered":"https:\/\/shop.kustom.ch\/?post_type=product&#038;p=635866"},"modified":"2026-03-27T14:37:13","modified_gmt":"2026-03-27T13:37:13","slug":"ability-9-boxer-m","status":"publish","type":"product","link":"https:\/\/shop.kustom.ch\/fr\/produit\/ability-9-boxer-m\/","title":{"rendered":"Ability 9\u2033 Boxer M"},"content":{"rendered":"<p>Les boxers Ability 9\u2033 sont des boxers l\u00e9gers et respirants, con\u00e7us aussi bien pour l'entra\u00eenement que pour les jours de match.<\/p>\n<p>Ces cale\u00e7ons polyvalents et hautement fonctionnels sont fabriqu\u00e9s dans un tissu l\u00e9ger et \u00e9lastique qui offre une excellente \u00e9vacuation de l'humidit\u00e9 et une grande libert\u00e9 de mouvement, am\u00e9liorant ainsi les performances et le confort lors des s\u00e9ances d'entra\u00eenement intensives. Parfaits pour \u00eatre port\u00e9s sous un short de match.<\/p>\n<p>- Fabriqu\u00e9 \u00e0 partir de polyester recycl\u00e9 et d'\u00e9lasthanne<br \/>\n- Tissu l\u00e9ger, \u00e9lastique et respirant<br \/>\n- Design ergonomique<br \/>\n- Couture int\u00e9rieure 9 pouces en taille M<br \/>\n- Coupe ajust\u00e9e<\/p>\n<p>Mati\u00e8re : 87% polyester recycl\u00e9, 13% \u00e9lasthanne<\/p>","protected":false},"excerpt":{"rendered":"<p>Ability 9&#8243; Boxer sind leichte und atmungsaktive Boxershorts, die sowohl f\u00fcr das Training als auch f\u00fcr den Spieltag konzipiert sind. Diese vielseitigen und hochfunktionellen Boxershorts bestehen aus einem leichten, elastischen Stoff, der einen hervorragenden Feuchtigkeitstransport und Bewegungsfreiheit bietet und so die Leistung und den Komfort bei intensiven Trainingseinheiten verbessert. Perfekt zum Tragen unter den Spielshorts. [&hellip;]<\/p>\n","protected":false},"featured_media":624496,"template":"","meta":[],"product_brand":[],"product_cat":[4206],"product_tag":[],"class_list":{"0":"post-635866","1":"product","2":"type-product","3":"status-publish","4":"has-post-thumbnail","6":"product_cat-underwear","7":"pa_brand-craft-teamwear","8":"pa_brand-type-sportswear","9":"pa_filter-color-blau","10":"pa_filter-color-gruen","11":"pa_filter-color-rot","12":"pa_filter-color-schwarz","13":"pa_filter-color-weiss","15":"first","16":"instock","17":"sale","18":"taxable","19":"shipping-taxable","20":"purchasable","21":"product-type-variable","22":"add-to-wishlist-before_image"},"exclude_global_add_ons":[],"addons":[],"acf":[],"_links":{"self":[{"href":"https:\/\/shop.kustom.ch\/fr\/wp-json\/wp\/v2\/product\/635866"}],"collection":[{"href":"https:\/\/shop.kustom.ch\/fr\/wp-json\/wp\/v2\/product"}],"about":[{"href":"https:\/\/shop.kustom.ch\/fr\/wp-json\/wp\/v2\/types\/product"}],"wp:featuredmedia":[{"embeddable":true,"href":"https:\/\/shop.kustom.ch\/fr\/wp-json\/wp\/v2\/media\/624496"}],"wp:attachment":[{"href":"https:\/\/shop.kustom.ch\/fr\/wp-json\/wp\/v2\/media?parent=635866"}],"wp:term":[{"taxonomy":"product_brand","embeddable":true,"href":"https:\/\/shop.kustom.ch\/fr\/wp-json\/wp\/v2\/product_brand?post=635866"},{"taxonomy":"product_cat","embeddable":true,"href":"https:\/\/shop.kustom.ch\/fr\/wp-json\/wp\/v2\/product_cat?post=635866"},{"taxonomy":"product_tag","embeddable":true,"href":"https:\/\/shop.kustom.ch\/fr\/wp-json\/wp\/v2\/product_tag?post=635866"}],"curies":[{"name":"wp","href":"https:\/\/api.w.org\/{rel}","templated":true}]}}