{"id":635850,"date":"2025-03-22T03:17:23","date_gmt":"2025-03-22T02:17:23","guid":{"rendered":"https:\/\/shop.kustom.ch\/?post_type=product&#038;p=635850"},"modified":"2026-03-27T13:21:54","modified_gmt":"2026-03-27T12:21:54","slug":"ability-3-4-tights-uni","status":"publish","type":"product","link":"https:\/\/shop.kustom.ch\/fr\/produit\/ability-3-4-tights-uni\/","title":{"rendered":"Collant 3\/4 Ability Uni"},"content":{"rendered":"<p>Les collants 3\/4 Ability sont des collants fonctionnels d'entra\u00eenement et de match con\u00e7us pour la nature dynamique du basket-ball, offrant un soutien pour les virages rapides, les sauts explosifs et les mouvements ininterrompus sur le terrain.<\/p>\n<p>Lorsque vous vous sentez bien, vous r\u00e9alisez de grandes choses. Ces collants de basket-ball hautement fonctionnels sont compos\u00e9s d'un tissu stretch 4 directions qui offre une l\u00e9g\u00e8re compression et vous aide \u00e0 rester concentr\u00e9 et \u00e0 \u00eatre pr\u00eat \u00e0 donner le meilleur de vous-m\u00eame. Fabriqu\u00e9s en polyamide recycl\u00e9 et en \u00e9lasthanne, ces collants offrent une excellente gestion de la temp\u00e9rature corporelle et une grande libert\u00e9 de mouvement. La longueur 3\/4 vous permet d'adopter la bonne posture et de vous sentir \u00e0 l'aise. <\/p>\n<p>- Tissu stretch 4 directions en polyamide recycl\u00e9 et \u00e9lasthanne<br \/>\n- Compression l\u00e9g\u00e8re<br \/>\n- 3\/4 longueur<br \/>\n- Design ergonomique<br \/>\n- Taille moul\u00e9e<\/p>\n<p>Mati\u00e8re : 91% polyamide recycl\u00e9, 9% \u00e9lasthanne<\/p>","protected":false},"excerpt":{"rendered":"<p>Ability 3\/4 Tights sind funktionelle Trainings- und Spieltagstights, die auf die dynamische Natur des Basketballs zugeschnitten sind und Unterst\u00fctzung f\u00fcr schnelle Wendungen, explosive Spr\u00fcnge und ununterbrochene Bewegungen \u00fcber das Spielfeld bieten. Wenn Sie sich gut f\u00fchlen, leisten Sie Grossartiges. Diese hochfunktionellen Basketball-Tights bestehen aus einem 4-Wege-Stretchgewebe, das eine leichte Kompression bietet und Ihnen hilft, konzentriert [&hellip;]<\/p>\n","protected":false},"featured_media":624480,"template":"","meta":[],"product_brand":[],"product_cat":[4206],"product_tag":[],"class_list":{"0":"post-635850","1":"product","2":"type-product","3":"status-publish","4":"has-post-thumbnail","6":"product_cat-underwear","7":"pa_brand-craft-teamwear","8":"pa_brand-type-sportswear","9":"pa_filter-color-schwarz","10":"pa_filter-color-weiss","12":"first","13":"instock","14":"sale","15":"taxable","16":"shipping-taxable","17":"purchasable","18":"product-type-variable","19":"add-to-wishlist-before_image"},"exclude_global_add_ons":[],"addons":[],"acf":[],"_links":{"self":[{"href":"https:\/\/shop.kustom.ch\/fr\/wp-json\/wp\/v2\/product\/635850"}],"collection":[{"href":"https:\/\/shop.kustom.ch\/fr\/wp-json\/wp\/v2\/product"}],"about":[{"href":"https:\/\/shop.kustom.ch\/fr\/wp-json\/wp\/v2\/types\/product"}],"wp:featuredmedia":[{"embeddable":true,"href":"https:\/\/shop.kustom.ch\/fr\/wp-json\/wp\/v2\/media\/624480"}],"wp:attachment":[{"href":"https:\/\/shop.kustom.ch\/fr\/wp-json\/wp\/v2\/media?parent=635850"}],"wp:term":[{"taxonomy":"product_brand","embeddable":true,"href":"https:\/\/shop.kustom.ch\/fr\/wp-json\/wp\/v2\/product_brand?post=635850"},{"taxonomy":"product_cat","embeddable":true,"href":"https:\/\/shop.kustom.ch\/fr\/wp-json\/wp\/v2\/product_cat?post=635850"},{"taxonomy":"product_tag","embeddable":true,"href":"https:\/\/shop.kustom.ch\/fr\/wp-json\/wp\/v2\/product_tag?post=635850"}],"curies":[{"name":"wp","href":"https:\/\/api.w.org\/{rel}","templated":true}]}}