{"id":624363,"date":"2025-03-20T05:15:36","date_gmt":"2025-03-20T04:15:36","guid":{"rendered":"https:\/\/shop.kustom.ch\/?post_type=product&#038;p=624363"},"modified":"2026-03-30T07:33:31","modified_gmt":"2026-03-30T06:33:31","slug":"hakro-socken-essentials","status":"publish","type":"product","link":"https:\/\/shop.kustom.ch\/fr\/produit\/hakro-socken-essentials\/","title":{"rendered":"Chaussettes HAKRO Essentials"},"content":{"rendered":"<p>Chaussettes de qualit\u00e9 sup\u00e9rieure, fabriqu\u00e9es \u00e0 partir d'un m\u00e9lange de mati\u00e8res avec du coton et du LYCRA\u00ae.<\/p>\n<p>- Mati\u00e8re : maille de 98 % coton (bio) et 2 % \u00e9lasthanne<br \/>\n- Propri\u00e9t\u00e9 : thermor\u00e9gulateur<br \/>\n- Label : Fair Wear Leader, produit certifi\u00e9 ClimatePartner, OEKO-TEX\u00ae STANDARD 100<br \/>\n- Temp\u00e9rature de lavage : 40 \u00b0C<br \/>\n- Tailles : S (35-38), M (39-42), L (43-46)<\/p>","protected":false},"excerpt":{"rendered":"<p>Hochwertige Socken aus einem Materialmix mit Baumwolle und LYCRA\u00ae. \u2022 Material: Maschenware aus 98 % Baumwolle (bio) und 2 % Elasthan \u2022 Eigenschaft: temperaturregulierend \u2022 Siegel: Fair Wear Leader, ClimatePartner zertifiziertes Produkt, OEKO-TEX\u00ae STANDARD 100 \u2022 Waschtemperatur: 40 \u00b0C \u2022 Gr\u00f6ssen: S (35-38), M (39-42), L (43-46)<\/p>","protected":false},"featured_media":624393,"template":"","meta":[],"product_brand":[],"product_cat":[4199],"product_tag":[],"class_list":{"0":"post-624363","1":"product","2":"type-product","3":"status-publish","4":"has-post-thumbnail","6":"product_cat-socken","7":"pa_brand-hakro","8":"pa_brand-type-workwear","9":"pa_filter-color-blau","10":"pa_filter-color-grau","11":"pa_filter-color-gruen","12":"pa_filter-color-rot","13":"pa_filter-color-schwarz","14":"pa_filter-color-weiss","16":"first","17":"instock","18":"sale","19":"taxable","20":"shipping-taxable","21":"purchasable","22":"product-type-variable","23":"add-to-wishlist-before_image"},"exclude_global_add_ons":[],"addons":[],"acf":[],"_links":{"self":[{"href":"https:\/\/shop.kustom.ch\/fr\/wp-json\/wp\/v2\/product\/624363"}],"collection":[{"href":"https:\/\/shop.kustom.ch\/fr\/wp-json\/wp\/v2\/product"}],"about":[{"href":"https:\/\/shop.kustom.ch\/fr\/wp-json\/wp\/v2\/types\/product"}],"wp:featuredmedia":[{"embeddable":true,"href":"https:\/\/shop.kustom.ch\/fr\/wp-json\/wp\/v2\/media\/624393"}],"wp:attachment":[{"href":"https:\/\/shop.kustom.ch\/fr\/wp-json\/wp\/v2\/media?parent=624363"}],"wp:term":[{"taxonomy":"product_brand","embeddable":true,"href":"https:\/\/shop.kustom.ch\/fr\/wp-json\/wp\/v2\/product_brand?post=624363"},{"taxonomy":"product_cat","embeddable":true,"href":"https:\/\/shop.kustom.ch\/fr\/wp-json\/wp\/v2\/product_cat?post=624363"},{"taxonomy":"product_tag","embeddable":true,"href":"https:\/\/shop.kustom.ch\/fr\/wp-json\/wp\/v2\/product_tag?post=624363"}],"curies":[{"name":"wp","href":"https:\/\/api.w.org\/{rel}","templated":true}]}}