{"id":624320,"date":"2025-03-20T05:15:05","date_gmt":"2025-03-20T04:15:05","guid":{"rendered":"https:\/\/shop.kustom.ch\/?post_type=product&#038;p=624320"},"modified":"2026-03-30T07:33:16","modified_gmt":"2026-03-30T06:33:16","slug":"hakro-socken-function","status":"publish","type":"product","link":"https:\/\/shop.kustom.ch\/fr\/produit\/hakro-socken-function\/","title":{"rendered":"Chaussettes HAKRO Function"},"content":{"rendered":"<p>Chaussettes fonctionnelles avec pointe et talon renforc\u00e9s et pied int\u00e9rieur frott\u00e9. Maille en m\u00e9lange de coton, polyamide et LYCRA\u00ae.<\/p>\n<p>- Mati\u00e8re : maille de 75 % coton (bio), 22 % polyamide et 3 % \u00e9lasthanne<br \/>\n- Propri\u00e9t\u00e9 : transporte l'humidit\u00e9, respire, r\u00e9gule la temp\u00e9rature<br \/>\n- Label : Fair Wear Leader, produit certifi\u00e9 ClimatePartner, OEKO-TEX\u00ae STANDARD 100<br \/>\n- Temp\u00e9rature de lavage : 40 \u00b0C<br \/>\n- Tailles : S (35-38), M (39-42), L (43-46)<\/p>","protected":false},"excerpt":{"rendered":"<p>Funktionelle Socken mit verst\u00e4rkter Spitze und Ferse und frottiertem Innenfuss. Maschenware aus einem Materialmix mit Baumwolle, Polyamid und LYCRA\u00ae. \u2022 Material: Maschenware aus 75 % Baumwolle (bio), 22 % Polyamid und 3 % Elasthan \u2022 Eigenschaft: Feuchtigkeit transportierend, atmungsaktiv, temperaturregulierend \u2022 Siegel: Fair Wear Leader, ClimatePartner zertifiziertes Produkt, OEKO-TEX\u00ae STANDARD 100 \u2022 Waschtemperatur: 40 \u00b0C [&hellip;]<\/p>\n","protected":false},"featured_media":624347,"template":"","meta":[],"product_brand":[],"product_cat":[4199],"product_tag":[],"class_list":{"0":"post-624320","1":"product","2":"type-product","3":"status-publish","4":"has-post-thumbnail","6":"product_cat-socken","7":"pa_brand-hakro","8":"pa_brand-type-workwear","9":"pa_filter-color-blau","10":"pa_filter-color-grau","11":"pa_filter-color-rot","12":"pa_filter-color-schwarz","13":"pa_filter-color-weiss","15":"first","16":"instock","17":"sale","18":"taxable","19":"shipping-taxable","20":"purchasable","21":"product-type-variable","22":"add-to-wishlist-before_image"},"exclude_global_add_ons":[],"addons":[],"acf":[],"_links":{"self":[{"href":"https:\/\/shop.kustom.ch\/fr\/wp-json\/wp\/v2\/product\/624320"}],"collection":[{"href":"https:\/\/shop.kustom.ch\/fr\/wp-json\/wp\/v2\/product"}],"about":[{"href":"https:\/\/shop.kustom.ch\/fr\/wp-json\/wp\/v2\/types\/product"}],"wp:featuredmedia":[{"embeddable":true,"href":"https:\/\/shop.kustom.ch\/fr\/wp-json\/wp\/v2\/media\/624347"}],"wp:attachment":[{"href":"https:\/\/shop.kustom.ch\/fr\/wp-json\/wp\/v2\/media?parent=624320"}],"wp:term":[{"taxonomy":"product_brand","embeddable":true,"href":"https:\/\/shop.kustom.ch\/fr\/wp-json\/wp\/v2\/product_brand?post=624320"},{"taxonomy":"product_cat","embeddable":true,"href":"https:\/\/shop.kustom.ch\/fr\/wp-json\/wp\/v2\/product_cat?post=624320"},{"taxonomy":"product_tag","embeddable":true,"href":"https:\/\/shop.kustom.ch\/fr\/wp-json\/wp\/v2\/product_tag?post=624320"}],"curies":[{"name":"wp","href":"https:\/\/api.w.org\/{rel}","templated":true}]}}