{"id":623848,"date":"2025-03-20T05:11:50","date_gmt":"2025-03-20T04:11:50","guid":{"rendered":"https:\/\/shop.kustom.ch\/?post_type=product&#038;p=623848"},"modified":"2026-03-30T07:30:09","modified_gmt":"2026-03-30T06:30:09","slug":"hakro-pocket-longsleeve-polo-mikralinar-eco","status":"publish","type":"product","link":"https:\/\/shop.kustom.ch\/fr\/produit\/hakro-pocket-longsleeve-polo-mikralinar-eco\/","title":{"rendered":"Polo \u00e0 manches longues HAKRO Pocket MIKRALINAR\u00ae ECO"},"content":{"rendered":"<p>Polo \u00e0 manches longues particuli\u00e8rement r\u00e9sistant avec poche poitrine plaqu\u00e9e et patte de boutonnage \u00e0 trois trous. Boutons ton sur ton et bande d'encolure. Collerette de leasing pour faciliter l'identification dans les blanchisseries commerciales et liens de suspension dans l'ourlet. Piqu\u00e9 \u00e0 mailles fines, particuli\u00e8rement facile d'entretien et fonctionnel, en MIKRALINAR\u00ae ECO, le m\u00e9lange de mati\u00e8res HAKRO Performance en coton et polyester recycl\u00e9 certifi\u00e9 GRS. Coupe normale : Regular Fit.<\/p>\n<p>- Mati\u00e8re : MIKRALINAR\u00ae ECO, piqu\u00e9 de 50 coton % et 50 polyester % (recycl\u00e9)<br \/>\n- poids : 220 g\/m<br \/>\n- Propri\u00e9t\u00e9 : pr\u00e9traitement au r\u00e9tr\u00e9cissement, entretien facile, convient au lavage industriel selon DIN EN ISO 15797<br \/>\n- Coupe : Regular Fit<br \/>\n- Label : Fair Wear Leader, produit certifi\u00e9 ClimatePartner, OEKO-TEX\u00ae STANDARD 100, Global Recycled Standard (GRS), bouton vert<br \/>\n- Temp\u00e9rature de lavage : 60 \u00b0C<br \/>\n- Tailles : 2XS-6XL<\/p>","protected":false},"excerpt":{"rendered":"<p>Besonders strapazierf\u00e4higes Langarm-Poloshirt mit aufgesetzter Brusttasche und Drei-Loch-Knopfleiste. Kn\u00f6pfe Ton in Ton und Nackenband. Leasingkoller zur einfachen Kennzeichnung in der gewerblichen W\u00e4scherei und Aufh\u00e4ngeb\u00e4nder im Saum. Feinmaschiges, besonders pflegeleichtes und funktionelles Piqu\u00e9 aus MIKRALINAR\u00ae ECO, dem HAKRO Performance-Materialmix aus Baumwolle und GRS-zertifiziertem, recyceltem Polyester. Normale Passform: Regular Fit. \u2022 Material: MIKRALINAR\u00ae ECO, Piqu\u00e9 aus 50 [&hellip;]<\/p>\n","protected":false},"featured_media":623849,"template":"","meta":[],"product_brand":[],"product_cat":[4193],"product_tag":[],"class_list":{"0":"post-623848","1":"product","2":"type-product","3":"status-publish","4":"has-post-thumbnail","6":"product_cat-polos","7":"pa_brand-hakro","8":"pa_brand-type-workwear","9":"pa_filter-color-blau","10":"pa_filter-color-grau","11":"pa_filter-color-gruen","12":"pa_filter-color-rot","13":"pa_filter-color-schwarz","14":"pa_filter-color-weiss","16":"first","17":"instock","18":"sale","19":"taxable","20":"shipping-taxable","21":"purchasable","22":"product-type-variable","23":"add-to-wishlist-before_image"},"exclude_global_add_ons":[],"addons":[],"acf":[],"_links":{"self":[{"href":"https:\/\/shop.kustom.ch\/fr\/wp-json\/wp\/v2\/product\/623848"}],"collection":[{"href":"https:\/\/shop.kustom.ch\/fr\/wp-json\/wp\/v2\/product"}],"about":[{"href":"https:\/\/shop.kustom.ch\/fr\/wp-json\/wp\/v2\/types\/product"}],"wp:featuredmedia":[{"embeddable":true,"href":"https:\/\/shop.kustom.ch\/fr\/wp-json\/wp\/v2\/media\/623849"}],"wp:attachment":[{"href":"https:\/\/shop.kustom.ch\/fr\/wp-json\/wp\/v2\/media?parent=623848"}],"wp:term":[{"taxonomy":"product_brand","embeddable":true,"href":"https:\/\/shop.kustom.ch\/fr\/wp-json\/wp\/v2\/product_brand?post=623848"},{"taxonomy":"product_cat","embeddable":true,"href":"https:\/\/shop.kustom.ch\/fr\/wp-json\/wp\/v2\/product_cat?post=623848"},{"taxonomy":"product_tag","embeddable":true,"href":"https:\/\/shop.kustom.ch\/fr\/wp-json\/wp\/v2\/product_tag?post=623848"}],"curies":[{"name":"wp","href":"https:\/\/api.w.org\/{rel}","templated":true}]}}